{"id":106,"date":"2026-02-05T17:30:36","date_gmt":"2026-02-05T17:30:36","guid":{"rendered":"https:\/\/lolaclemente.fpcei.eu\/?page_id=106"},"modified":"2026-02-05T17:52:03","modified_gmt":"2026-02-05T17:52:03","slug":"salones-rusticos","status":"publish","type":"page","link":"https:\/\/lolaclemente.fpcei.eu\/?page_id=106","title":{"rendered":"SALONES RUSTICOS"},"content":{"rendered":"\n<div class=\"wp-block-group alignfull has-global-padding is-layout-constrained wp-container-core-group-is-layout-0c9c989a wp-block-group-is-layout-constrained\" style=\"min-height:0vh;margin-top:0;margin-bottom:0;padding-top:var(--wp--preset--spacing--70);padding-right:var(--wp--preset--spacing--40);padding-bottom:var(--wp--preset--spacing--70);padding-left:var(--wp--preset--spacing--40)\">\n<div class=\"wp-block-group has-global-padding is-layout-constrained wp-container-core-group-is-layout-346627ba wp-block-group-is-layout-constrained\">\n<p class=\"has-text-align-center\">Los salones r\u00fasticos se caracterizan por una est\u00e9tica c\u00e1lida y acogedora basada en la autenticidad, la naturalidad y la sencillez. Este estilo decorativo prioriza el uso de materiales naturales como la madera y la piedra, la integraci\u00f3n de texturas org\u00e1nicas y la creaci\u00f3n de espacios confortables, dando como resultado ambientes acogedores, duraderos y llenos de car\u00e1cter.<\/p>\n<\/div>\n<\/div>\n\n\n\n<div class=\"wp-block-group alignfull is-style-section-1 has-global-padding is-layout-constrained wp-block-group-is-layout-constrained is-style-section-1--1\" style=\"margin-top:0;margin-bottom:0;padding-top:var(--wp--preset--spacing--80);padding-bottom:var(--wp--preset--spacing--80)\">\n<div class=\"wp-block-columns alignwide is-layout-flex wp-container-core-columns-is-layout-66fad18a wp-block-columns-is-layout-flex\">\n<div class=\"wp-block-column is-layout-flow wp-block-column-is-layout-flow\" style=\"padding-right:var(--wp--preset--spacing--50);flex-basis:45%\">\n<figure class=\"wp-block-image size-full is-resized\"><img loading=\"lazy\" decoding=\"async\" width=\"720\" height=\"956\" src=\"https:\/\/lolaclemente.fpcei.eu\/wp-content\/uploads\/2026\/02\/977adf5f03fc6a84b56733d4feb686f1.jpg\" alt=\"\" class=\"wp-image-108\" style=\"aspect-ratio:0.7531432274789371;width:406px;height:auto\" srcset=\"https:\/\/lolaclemente.fpcei.eu\/wp-content\/uploads\/2026\/02\/977adf5f03fc6a84b56733d4feb686f1.jpg 720w, https:\/\/lolaclemente.fpcei.eu\/wp-content\/uploads\/2026\/02\/977adf5f03fc6a84b56733d4feb686f1-226x300.jpg 226w\" sizes=\"auto, (max-width: 720px) 100vw, 720px\" \/><\/figure>\n\n\n\n<div class=\"wp-block-group has-global-padding is-layout-constrained wp-block-group-is-layout-constrained\" style=\"margin-top:-12vw\">\n<figure class=\"wp-block-image alignright size-full is-resized\" style=\"margin-right:-5vw;margin-left:-5vw\"><img loading=\"lazy\" decoding=\"async\" width=\"640\" height=\"922\" src=\"https:\/\/lolaclemente.fpcei.eu\/wp-content\/uploads\/2026\/02\/9659d5d818d1dc9135dd3cb51359bdea.jpg\" alt=\"\" class=\"wp-image-109\" style=\"aspect-ratio:0.6941580756013745;width:281px;height:auto\" srcset=\"https:\/\/lolaclemente.fpcei.eu\/wp-content\/uploads\/2026\/02\/9659d5d818d1dc9135dd3cb51359bdea.jpg 640w, https:\/\/lolaclemente.fpcei.eu\/wp-content\/uploads\/2026\/02\/9659d5d818d1dc9135dd3cb51359bdea-208x300.jpg 208w\" sizes=\"auto, (max-width: 640px) 100vw, 640px\" \/><\/figure>\n<\/div>\n<\/div>\n\n\n\n<div class=\"wp-block-column is-vertically-aligned-center is-layout-flow wp-block-column-is-layout-flow\" style=\"padding-right:0;padding-left:0;flex-basis:50%\">\n<div class=\"wp-block-group is-vertical is-layout-flex wp-container-core-group-is-layout-fe9cc265 wp-block-group-is-layout-flex\">\n<h2 class=\"wp-block-heading is-style-text-annotation is-style-text-annotation--2\">Mobiliario<\/h2>\n<\/div>\n\n\n\n<p class=\"is-style-text-subtitle is-style-text-subtitle--3\">El mobiliario de los salones r\u00fasticos suele ser robusto y de l\u00edneas sencillas, hecho principalmente de materiales naturales como madera maciza, hierro forjado o mimbre.  Los sof\u00e1s y sillones suelen estar tapizados con tejidos naturales como lino, algod\u00f3n o lana, en tonos neutros o terrosos, mientras que las mesas, estanter\u00edas y accesorios mantienen una apariencia s\u00f3lida y funcional, priorizando la comodidad y la durabilidad sobre la ornamentaci\u00f3n excesiva.<\/p>\n<\/div>\n<\/div>\n<\/div>\n\n\n\n<div class=\"wp-block-group alignfull has-global-padding is-layout-constrained wp-container-core-group-is-layout-ebee8dc1 wp-block-group-is-layout-constrained\" style=\"margin-top:0;margin-bottom:0;padding-top:var(--wp--preset--spacing--50);padding-bottom:var(--wp--preset--spacing--50)\">\n<h2 class=\"wp-block-heading alignwide\">Paleta De Colores<\/h2>\n\n\n\n<p class=\"has-text-align-center\">la <strong>paleta crom\u00e1tica<\/strong> suele inspirarse en la naturaleza, buscando transmitir calidez y sensaci\u00f3n de confort. Predominan los <strong>tonos tierra<\/strong>, como marrones, beige, terracotas y ocres, combinados con <strong>verdes apagados<\/strong> que recuerdan la vegetaci\u00f3n y <strong>grises c\u00e1lidos<\/strong> que remiten a la piedra o al hierro envejecido. Los acentos pueden incluir <strong>tonos crema, arena o blancos suaves<\/strong>, que aportan luminosidad sin romper la armon\u00eda natural del espacio.<\/p>\n\n\n\n<div class=\"wp-block-columns alignwide is-layout-flex wp-container-core-columns-is-layout-28f84493 wp-block-columns-is-layout-flex\">\n<div class=\"wp-block-column is-layout-flow wp-block-column-is-layout-flow\">\n<figure class=\"wp-block-image size-full\" style=\"margin-bottom:24px\"><img loading=\"lazy\" decoding=\"async\" width=\"736\" height=\"736\" src=\"https:\/\/lolaclemente.fpcei.eu\/wp-content\/uploads\/2026\/02\/904e0e5eeb11569c61134943e7f42370.jpg\" alt=\"\" class=\"wp-image-110\" style=\"aspect-ratio:4\/3;object-fit:cover\" srcset=\"https:\/\/lolaclemente.fpcei.eu\/wp-content\/uploads\/2026\/02\/904e0e5eeb11569c61134943e7f42370.jpg 736w, https:\/\/lolaclemente.fpcei.eu\/wp-content\/uploads\/2026\/02\/904e0e5eeb11569c61134943e7f42370-300x300.jpg 300w, https:\/\/lolaclemente.fpcei.eu\/wp-content\/uploads\/2026\/02\/904e0e5eeb11569c61134943e7f42370-150x150.jpg 150w\" sizes=\"auto, (max-width: 736px) 100vw, 736px\" \/><\/figure>\n\n\n\n<h3 class=\"wp-block-heading has-text-align-center\">Verde apagado<\/h3>\n<\/div>\n\n\n\n<div class=\"wp-block-column is-layout-flow wp-block-column-is-layout-flow\">\n<figure class=\"wp-block-image size-full\" style=\"margin-bottom:24px\"><img loading=\"lazy\" decoding=\"async\" width=\"420\" height=\"385\" src=\"https:\/\/lolaclemente.fpcei.eu\/wp-content\/uploads\/2026\/02\/Colour-of-the-moment-Terracotta.jpg\" alt=\"\" class=\"wp-image-111\" style=\"aspect-ratio:4\/3;object-fit:cover\" srcset=\"https:\/\/lolaclemente.fpcei.eu\/wp-content\/uploads\/2026\/02\/Colour-of-the-moment-Terracotta.jpg 420w, https:\/\/lolaclemente.fpcei.eu\/wp-content\/uploads\/2026\/02\/Colour-of-the-moment-Terracotta-300x275.jpg 300w\" sizes=\"auto, (max-width: 420px) 100vw, 420px\" \/><\/figure>\n\n\n\n<h3 class=\"wp-block-heading has-text-align-center\">Terracota<\/h3>\n<\/div>\n\n\n\n<div class=\"wp-block-column is-layout-flow wp-block-column-is-layout-flow\">\n<figure class=\"wp-block-image size-full\" style=\"margin-bottom:24px\"><img loading=\"lazy\" decoding=\"async\" width=\"736\" height=\"736\" src=\"https:\/\/lolaclemente.fpcei.eu\/wp-content\/uploads\/2026\/02\/98feed2f22eff003adfaa43968d9d057.jpg\" alt=\"\" class=\"wp-image-112\" style=\"aspect-ratio:4\/3;object-fit:cover\" srcset=\"https:\/\/lolaclemente.fpcei.eu\/wp-content\/uploads\/2026\/02\/98feed2f22eff003adfaa43968d9d057.jpg 736w, https:\/\/lolaclemente.fpcei.eu\/wp-content\/uploads\/2026\/02\/98feed2f22eff003adfaa43968d9d057-300x300.jpg 300w, https:\/\/lolaclemente.fpcei.eu\/wp-content\/uploads\/2026\/02\/98feed2f22eff003adfaa43968d9d057-150x150.jpg 150w\" sizes=\"auto, (max-width: 736px) 100vw, 736px\" \/><\/figure>\n\n\n\n<h3 class=\"wp-block-heading has-text-align-center\">arena<\/h3>\n<\/div>\n<\/div>\n<\/div>\n\n\n\n<div class=\"wp-block-columns is-layout-flex wp-container-core-columns-is-layout-28f84493 wp-block-columns-is-layout-flex\">\n<div class=\"wp-block-column is-layout-flow wp-block-column-is-layout-flow\" style=\"flex-basis:100%\">\n<div class=\"wp-block-columns is-layout-flex wp-container-core-columns-is-layout-28f84493 wp-block-columns-is-layout-flex\">\n<div class=\"wp-block-column is-layout-flow wp-block-column-is-layout-flow\">\n<div class=\"wp-block-group is-nowrap is-layout-flex wp-container-core-group-is-layout-6c531013 wp-block-group-is-layout-flex\">\n<div class=\"wp-block-group is-vertical is-content-justification-left is-layout-flex wp-container-core-group-is-layout-7ce391b6 wp-block-group-is-layout-flex\" style=\"min-height:100%\">\n<h2 class=\"wp-block-heading is-style-text-annotation has-x-small-font-size is-style-text-annotation--4\">Detalles Decorativos<\/h2>\n\n\n\n<div class=\"wp-block-group is-nowrap is-layout-flex wp-container-core-group-is-layout-6c531013 wp-block-group-is-layout-flex\">\n<blockquote class=\"wp-block-quote is-style-plain has-x-large-font-size is-layout-flow wp-container-core-quote-is-layout-5dafc681 wp-block-quote-is-layout-flow is-style-plain--5\" style=\"font-style:normal;font-weight:400\">\n<div class=\"wp-block-group has-global-padding is-content-justification-left is-layout-constrained wp-container-core-group-is-layout-085bd3d9 wp-block-group-is-layout-constrained\" style=\"margin-top:0;margin-bottom:0;padding-top:0;padding-right:0;padding-bottom:0;padding-left:0\">\n<p class=\"has-large-font-size\">Los motivos decorativos en los salones r\u00fasticos se inspiran en la naturaleza y en la tradici\u00f3n. Predominan las texturas c\u00e1lidas y los elementos artesanales, como la madera envejecida, la piedra, el mimbre o los tejidos naturales. Los detalles decorativos suelen evocar lo aut\u00e9ntico y lo acogedor, creando espacios con car\u00e1cter, sencillos y llenos de calidez.<\/p>\n<\/div>\n<\/blockquote>\n<\/div>\n<\/div>\n<\/div>\n<\/div>\n\n\n\n<div class=\"wp-block-column is-layout-flow wp-block-column-is-layout-flow\">\n<figure class=\"wp-block-image size-large\"><img loading=\"lazy\" decoding=\"async\" width=\"683\" height=\"1024\" src=\"https:\/\/lolaclemente.fpcei.eu\/wp-content\/uploads\/2026\/02\/321ebd0de8ea68c0ee6a0469360bd359-1-683x1024.jpg\" alt=\"\" class=\"wp-image-117\" style=\"aspect-ratio:0.6669911012235817\" srcset=\"https:\/\/lolaclemente.fpcei.eu\/wp-content\/uploads\/2026\/02\/321ebd0de8ea68c0ee6a0469360bd359-1-683x1024.jpg 683w, https:\/\/lolaclemente.fpcei.eu\/wp-content\/uploads\/2026\/02\/321ebd0de8ea68c0ee6a0469360bd359-1-200x300.jpg 200w, https:\/\/lolaclemente.fpcei.eu\/wp-content\/uploads\/2026\/02\/321ebd0de8ea68c0ee6a0469360bd359-1-768x1152.jpg 768w, https:\/\/lolaclemente.fpcei.eu\/wp-content\/uploads\/2026\/02\/321ebd0de8ea68c0ee6a0469360bd359-1.jpg 1024w\" sizes=\"auto, (max-width: 683px) 100vw, 683px\" \/><\/figure>\n<\/div>\n<\/div>\n<\/div>\n<\/div>\n\n\n\n<p><\/p>\n\n\n\n<h2 class=\"wp-block-heading has-text-align-center\">Inspiraci\u00f3n<\/h2>\n\n\n\n<div class=\"wp-block-columns alignwide is-layout-flex wp-container-core-columns-is-layout-1d9f35bd wp-block-columns-is-layout-flex\">\n<div class=\"wp-block-column has-border-color is-layout-flow wp-block-column-is-layout-flow\" style=\"border-color:var(--wp--preset--color--accent-6);border-width:1px;border-radius:10px;padding-top:var(--wp--preset--spacing--50);padding-right:var(--wp--preset--spacing--50);padding-bottom:var(--wp--preset--spacing--50);padding-left:var(--wp--preset--spacing--50)\">\n<div class=\"wp-block-columns is-layout-flex wp-container-core-columns-is-layout-28f84493 wp-block-columns-is-layout-flex\">\n<div class=\"wp-block-column is-layout-flow wp-block-column-is-layout-flow\">\n<figure class=\"wp-block-image size-large is-resized\"><img loading=\"lazy\" decoding=\"async\" width=\"683\" height=\"1024\" src=\"https:\/\/lolaclemente.fpcei.eu\/wp-content\/uploads\/2026\/02\/04d3162ae21980e98119b64b1147fcd3-683x1024.jpg\" alt=\"\" class=\"wp-image-113\" style=\"aspect-ratio:0.6669870914583905;width:337px;height:auto\" srcset=\"https:\/\/lolaclemente.fpcei.eu\/wp-content\/uploads\/2026\/02\/04d3162ae21980e98119b64b1147fcd3-683x1024.jpg 683w, https:\/\/lolaclemente.fpcei.eu\/wp-content\/uploads\/2026\/02\/04d3162ae21980e98119b64b1147fcd3-200x300.jpg 200w, https:\/\/lolaclemente.fpcei.eu\/wp-content\/uploads\/2026\/02\/04d3162ae21980e98119b64b1147fcd3-768x1152.jpg 768w, https:\/\/lolaclemente.fpcei.eu\/wp-content\/uploads\/2026\/02\/04d3162ae21980e98119b64b1147fcd3-1024x1536.jpg 1024w, https:\/\/lolaclemente.fpcei.eu\/wp-content\/uploads\/2026\/02\/04d3162ae21980e98119b64b1147fcd3.jpg 1200w\" sizes=\"auto, (max-width: 683px) 100vw, 683px\" \/><\/figure>\n<\/div>\n\n\n\n<div class=\"wp-block-column is-layout-flow wp-block-column-is-layout-flow\">\n<figure class=\"wp-block-image size-large\"><img loading=\"lazy\" decoding=\"async\" width=\"683\" height=\"1024\" src=\"https:\/\/lolaclemente.fpcei.eu\/wp-content\/uploads\/2026\/02\/321ebd0de8ea68c0ee6a0469360bd359-683x1024.jpg\" alt=\"\" class=\"wp-image-114\" style=\"aspect-ratio:0.6669962374007855\" srcset=\"https:\/\/lolaclemente.fpcei.eu\/wp-content\/uploads\/2026\/02\/321ebd0de8ea68c0ee6a0469360bd359-683x1024.jpg 683w, https:\/\/lolaclemente.fpcei.eu\/wp-content\/uploads\/2026\/02\/321ebd0de8ea68c0ee6a0469360bd359-200x300.jpg 200w, https:\/\/lolaclemente.fpcei.eu\/wp-content\/uploads\/2026\/02\/321ebd0de8ea68c0ee6a0469360bd359-768x1152.jpg 768w, https:\/\/lolaclemente.fpcei.eu\/wp-content\/uploads\/2026\/02\/321ebd0de8ea68c0ee6a0469360bd359.jpg 1024w\" sizes=\"auto, (max-width: 683px) 100vw, 683px\" \/><\/figure>\n<\/div>\n\n\n\n<div class=\"wp-block-column is-layout-flow wp-block-column-is-layout-flow\">\n<figure class=\"wp-block-image size-large\"><img loading=\"lazy\" decoding=\"async\" width=\"768\" height=\"1024\" src=\"https:\/\/lolaclemente.fpcei.eu\/wp-content\/uploads\/2026\/02\/05a5dc58caa9016b85749cc367bc5a92-768x1024.jpg\" alt=\"\" class=\"wp-image-115\" srcset=\"https:\/\/lolaclemente.fpcei.eu\/wp-content\/uploads\/2026\/02\/05a5dc58caa9016b85749cc367bc5a92-768x1024.jpg 768w, https:\/\/lolaclemente.fpcei.eu\/wp-content\/uploads\/2026\/02\/05a5dc58caa9016b85749cc367bc5a92-225x300.jpg 225w, https:\/\/lolaclemente.fpcei.eu\/wp-content\/uploads\/2026\/02\/05a5dc58caa9016b85749cc367bc5a92-1152x1536.jpg 1152w, https:\/\/lolaclemente.fpcei.eu\/wp-content\/uploads\/2026\/02\/05a5dc58caa9016b85749cc367bc5a92.jpg 1199w\" sizes=\"auto, (max-width: 768px) 100vw, 768px\" \/><\/figure>\n<\/div>\n<\/div>\n<\/div>\n<\/div>\n","protected":false},"excerpt":{"rendered":"<p>Los salones r\u00fasticos se caracterizan por una est\u00e9tica c\u00e1lida y acogedora basada en la autenticidad, la naturalidad y la sencillez. Este estilo decorativo prioriza el uso de materiales naturales como la madera y la piedra, la integraci\u00f3n de texturas org\u00e1nicas y la creaci\u00f3n de espacios confortables, dando como resultado ambientes acogedores, duraderos y llenos de [&hellip;]<\/p>\n","protected":false},"author":2,"featured_media":0,"parent":0,"menu_order":0,"comment_status":"closed","ping_status":"closed","template":"","meta":{"footnotes":""},"class_list":["post-106","page","type-page","status-publish","hentry"],"_links":{"self":[{"href":"https:\/\/lolaclemente.fpcei.eu\/index.php?rest_route=\/wp\/v2\/pages\/106","targetHints":{"allow":["GET"]}}],"collection":[{"href":"https:\/\/lolaclemente.fpcei.eu\/index.php?rest_route=\/wp\/v2\/pages"}],"about":[{"href":"https:\/\/lolaclemente.fpcei.eu\/index.php?rest_route=\/wp\/v2\/types\/page"}],"author":[{"embeddable":true,"href":"https:\/\/lolaclemente.fpcei.eu\/index.php?rest_route=\/wp\/v2\/users\/2"}],"replies":[{"embeddable":true,"href":"https:\/\/lolaclemente.fpcei.eu\/index.php?rest_route=%2Fwp%2Fv2%2Fcomments&post=106"}],"version-history":[{"count":3,"href":"https:\/\/lolaclemente.fpcei.eu\/index.php?rest_route=\/wp\/v2\/pages\/106\/revisions"}],"predecessor-version":[{"id":138,"href":"https:\/\/lolaclemente.fpcei.eu\/index.php?rest_route=\/wp\/v2\/pages\/106\/revisions\/138"}],"wp:attachment":[{"href":"https:\/\/lolaclemente.fpcei.eu\/index.php?rest_route=%2Fwp%2Fv2%2Fmedia&parent=106"}],"curies":[{"name":"wp","href":"https:\/\/api.w.org\/{rel}","templated":true}]}}