{"id":139,"date":"2026-02-05T18:12:59","date_gmt":"2026-02-05T18:12:59","guid":{"rendered":"https:\/\/lolaclemente.fpcei.eu\/?page_id=139"},"modified":"2026-02-05T18:12:59","modified_gmt":"2026-02-05T18:12:59","slug":"salones-urbanos","status":"publish","type":"page","link":"https:\/\/lolaclemente.fpcei.eu\/?page_id=139","title":{"rendered":"SALONES URBANOS"},"content":{"rendered":"\n<div class=\"wp-block-group alignfull has-global-padding is-layout-constrained wp-container-core-group-is-layout-0c9c989a wp-block-group-is-layout-constrained\" style=\"min-height:0vh;margin-top:0;margin-bottom:0;padding-top:var(--wp--preset--spacing--70);padding-right:var(--wp--preset--spacing--40);padding-bottom:var(--wp--preset--spacing--70);padding-left:var(--wp--preset--spacing--40)\">\n<div class=\"wp-block-group has-global-padding is-layout-constrained wp-container-core-group-is-layout-346627ba wp-block-group-is-layout-constrained\">\n<p class=\"has-text-align-center\">Los salones urbanos se caracterizan por un estilo contempor\u00e1neo y cosmopolita, inspirado en la vida de la ciudad. Combinan funcionalidad y dise\u00f1o con materiales como el metal, el vidrio y el hormig\u00f3n, junto a muebles de l\u00edneas rectas y acabados modernos. La decoraci\u00f3n suele ser sobria pero con personalidad, incorporando contrastes de color, iluminaci\u00f3n cuidada y detalles actuales que crean espacios din\u00e1micos, pr\u00e1cticos y con un aire moderno y sofisticado.<br><\/p>\n<\/div>\n<\/div>\n\n\n\n<div class=\"wp-block-group alignfull is-style-section-1 has-global-padding is-layout-constrained wp-block-group-is-layout-constrained is-style-section-1--1\" style=\"margin-top:0;margin-bottom:0;padding-top:var(--wp--preset--spacing--80);padding-bottom:var(--wp--preset--spacing--80)\">\n<div class=\"wp-block-columns alignwide is-layout-flex wp-container-core-columns-is-layout-66fad18a wp-block-columns-is-layout-flex\">\n<div class=\"wp-block-column is-layout-flow wp-block-column-is-layout-flow\" style=\"padding-right:var(--wp--preset--spacing--50);flex-basis:45%\">\n<figure class=\"wp-block-image size-full is-resized\"><img loading=\"lazy\" decoding=\"async\" width=\"736\" height=\"736\" src=\"https:\/\/lolaclemente.fpcei.eu\/wp-content\/uploads\/2026\/02\/Living-room-design-2.jpg\" alt=\"\" class=\"wp-image-144\" style=\"aspect-ratio:0.7002903761061947;width:220px;height:auto\" srcset=\"https:\/\/lolaclemente.fpcei.eu\/wp-content\/uploads\/2026\/02\/Living-room-design-2.jpg 736w, https:\/\/lolaclemente.fpcei.eu\/wp-content\/uploads\/2026\/02\/Living-room-design-2-300x300.jpg 300w, https:\/\/lolaclemente.fpcei.eu\/wp-content\/uploads\/2026\/02\/Living-room-design-2-150x150.jpg 150w\" sizes=\"auto, (max-width: 736px) 100vw, 736px\" \/><\/figure>\n\n\n\n<div class=\"wp-block-group has-global-padding is-layout-constrained wp-block-group-is-layout-constrained\" style=\"margin-top:-12vw\"><\/div>\n\n\n\n<figure class=\"wp-block-image alignright size-full is-resized wp-duotone-unset-2\" style=\"margin-right:-5vw;margin-left:-5vw\"><img loading=\"lazy\" decoding=\"async\" width=\"736\" height=\"1104\" src=\"https:\/\/lolaclemente.fpcei.eu\/wp-content\/uploads\/2026\/02\/39-Timeless-Industrial-Living-Room-Designs-Worth-Copying.jpg\" alt=\"\" class=\"wp-image-145\" style=\"aspect-ratio:0.657746120580005;width:218px;height:auto\" srcset=\"https:\/\/lolaclemente.fpcei.eu\/wp-content\/uploads\/2026\/02\/39-Timeless-Industrial-Living-Room-Designs-Worth-Copying.jpg 736w, https:\/\/lolaclemente.fpcei.eu\/wp-content\/uploads\/2026\/02\/39-Timeless-Industrial-Living-Room-Designs-Worth-Copying-200x300.jpg 200w, https:\/\/lolaclemente.fpcei.eu\/wp-content\/uploads\/2026\/02\/39-Timeless-Industrial-Living-Room-Designs-Worth-Copying-683x1024.jpg 683w\" sizes=\"auto, (max-width: 736px) 100vw, 736px\" \/><\/figure>\n<\/div>\n\n\n\n<div class=\"wp-block-column is-vertically-aligned-center is-layout-flow wp-block-column-is-layout-flow\" style=\"padding-right:0;padding-left:0;flex-basis:50%\">\n<div class=\"wp-block-group is-vertical is-layout-flex wp-container-core-group-is-layout-fe9cc265 wp-block-group-is-layout-flex\">\n<h2 class=\"wp-block-heading is-style-text-annotation is-style-text-annotation--3\">Mobilario<\/h2>\n<\/div>\n\n\n\n<p class=\"is-style-text-subtitle is-style-text-subtitle--4\">El mobiliario de los salones urbanos combina funcionalidad y estilo moderno. Sof\u00e1s modulares, mesas bajas y sillas minimalistas crean espacios vers\u00e1tiles, mientras la mezcla de madera, metal y colores neutros con detalles vivos aporta personalidad y confort.<\/p>\n<\/div>\n<\/div>\n<\/div>\n\n\n\n<div class=\"wp-block-group alignfull has-global-padding is-layout-constrained wp-container-core-group-is-layout-ebee8dc1 wp-block-group-is-layout-constrained\" style=\"margin-top:0;margin-bottom:0;padding-top:var(--wp--preset--spacing--50);padding-bottom:var(--wp--preset--spacing--50)\">\n<h2 class=\"wp-block-heading alignwide\">Paleta De Colores<\/h2>\n\n\n\n<p class=\"has-text-align-center\">Las paletas de colores en los salones urbanos suelen combinar tonos neutros como gris, blanco y beige con acentos vibrantes como mostaza, verde oliva o azul profundo. Esta mezcla crea ambientes modernos, equilibrados y con personalidad, donde los detalles de color destacan sin sobrecargar el espacio.<br><\/p>\n\n\n\n<div class=\"wp-block-columns alignwide is-layout-flex wp-container-core-columns-is-layout-28f84493 wp-block-columns-is-layout-flex\">\n<div class=\"wp-block-column is-layout-flow wp-block-column-is-layout-flow\">\n<figure class=\"wp-block-image size-full is-resized\"><img loading=\"lazy\" decoding=\"async\" width=\"450\" height=\"450\" src=\"https:\/\/lolaclemente.fpcei.eu\/wp-content\/uploads\/2026\/02\/descargar-19.jpg\" alt=\"\" class=\"wp-image-147\" style=\"aspect-ratio:1.25002814998311;width:226px;height:auto\" srcset=\"https:\/\/lolaclemente.fpcei.eu\/wp-content\/uploads\/2026\/02\/descargar-19.jpg 450w, https:\/\/lolaclemente.fpcei.eu\/wp-content\/uploads\/2026\/02\/descargar-19-300x300.jpg 300w, https:\/\/lolaclemente.fpcei.eu\/wp-content\/uploads\/2026\/02\/descargar-19-150x150.jpg 150w\" sizes=\"auto, (max-width: 450px) 100vw, 450px\" \/><\/figure>\n\n\n\n<h3 class=\"wp-block-heading has-text-align-center\">Mostaza<\/h3>\n<\/div>\n\n\n\n<div class=\"wp-block-column is-layout-flow wp-block-column-is-layout-flow\">\n<figure class=\"wp-block-image size-full\" style=\"margin-bottom:24px\"><img loading=\"lazy\" decoding=\"async\" width=\"736\" height=\"736\" src=\"https:\/\/lolaclemente.fpcei.eu\/wp-content\/uploads\/2026\/02\/904e0e5eeb11569c61134943e7f42370-1.jpg\" alt=\"\" class=\"wp-image-146\" style=\"aspect-ratio:4\/3;object-fit:cover\" srcset=\"https:\/\/lolaclemente.fpcei.eu\/wp-content\/uploads\/2026\/02\/904e0e5eeb11569c61134943e7f42370-1.jpg 736w, https:\/\/lolaclemente.fpcei.eu\/wp-content\/uploads\/2026\/02\/904e0e5eeb11569c61134943e7f42370-1-300x300.jpg 300w, https:\/\/lolaclemente.fpcei.eu\/wp-content\/uploads\/2026\/02\/904e0e5eeb11569c61134943e7f42370-1-150x150.jpg 150w\" sizes=\"auto, (max-width: 736px) 100vw, 736px\" \/><\/figure>\n\n\n\n<h3 class=\"wp-block-heading has-text-align-center\">verde oliva<\/h3>\n<\/div>\n\n\n\n<div class=\"wp-block-column is-layout-flow wp-block-column-is-layout-flow\">\n<figure class=\"wp-block-image size-full\" style=\"margin-bottom:24px\"><img loading=\"lazy\" decoding=\"async\" width=\"300\" height=\"240\" src=\"https:\/\/lolaclemente.fpcei.eu\/wp-content\/uploads\/2026\/02\/Tru-Color-20-Standard-Deck-Black-1oz-3.jpg\" alt=\"\" class=\"wp-image-148\" style=\"aspect-ratio:4\/3;object-fit:cover\"\/><\/figure>\n\n\n\n<h3 class=\"wp-block-heading has-text-align-center\">azul<\/h3>\n<\/div>\n<\/div>\n<\/div>\n\n\n\n<div class=\"wp-block-group alignfull has-global-padding is-layout-constrained wp-block-group-is-layout-constrained\" style=\"margin-top:0;margin-bottom:0;padding-top:var(--wp--preset--spacing--60);padding-bottom:var(--wp--preset--spacing--60)\">\n<div class=\"wp-block-columns alignwide is-layout-flex wp-container-core-columns-is-layout-74b2cda3 wp-block-columns-is-layout-flex\">\n<div class=\"wp-block-column is-layout-flow wp-block-column-is-layout-flow\">\n<div class=\"wp-block-group is-vertical is-content-justification-left is-layout-flex wp-container-core-group-is-layout-7ce391b6 wp-block-group-is-layout-flex\" style=\"min-height:100%\">\n<h2 class=\"wp-block-heading is-style-text-annotation has-x-small-font-size is-style-text-annotation--5\">Detalles Decorativos<\/h2>\n\n\n\n<blockquote class=\"wp-block-quote is-style-plain has-x-large-font-size is-layout-flow wp-container-core-quote-is-layout-5dafc681 wp-block-quote-is-layout-flow is-style-plain--6\" style=\"font-style:normal;font-weight:400\">\n<div class=\"wp-block-group has-global-padding is-content-justification-left is-layout-constrained wp-container-core-group-is-layout-085bd3d9 wp-block-group-is-layout-constrained\" style=\"margin-top:0;margin-bottom:0;padding-top:0;padding-right:0;padding-bottom:0;padding-left:0\">\n<p class=\"has-large-font-size\">Los detalles decorativos en los salones urbanos son clave para transformar un espacio funcional en uno con personalidad. Cojines y alfombras aportan textura y color, mientras que l\u00e1mparas de dise\u00f1o, cuadros y estanter\u00edas abiertas crean puntos de inter\u00e9s visual. Las plantas y objetos peque\u00f1os, como jarrones o esculturas, a\u00f1aden calidez y frescura, haciendo que cada rinc\u00f3n se sienta cuidado y moderno sin perder la practicidad urbana.<br><\/p>\n<\/div>\n<\/blockquote>\n<\/div>\n<\/div>\n\n\n\n<div class=\"wp-block-column is-layout-flow wp-block-column-is-layout-flow\" style=\"padding-top:0;padding-right:0;padding-bottom:0;padding-left:0\">\n<figure class=\"wp-block-image size-full\"><img loading=\"lazy\" decoding=\"async\" width=\"736\" height=\"736\" src=\"https:\/\/lolaclemente.fpcei.eu\/wp-content\/uploads\/2026\/02\/27-Cozy-Basement-Ideas-Transform-Your-Underground-Space-into-a-Warm-Retreat-1.jpg\" alt=\"\" class=\"wp-image-149\" style=\"aspect-ratio:1;object-fit:cover\" srcset=\"https:\/\/lolaclemente.fpcei.eu\/wp-content\/uploads\/2026\/02\/27-Cozy-Basement-Ideas-Transform-Your-Underground-Space-into-a-Warm-Retreat-1.jpg 736w, https:\/\/lolaclemente.fpcei.eu\/wp-content\/uploads\/2026\/02\/27-Cozy-Basement-Ideas-Transform-Your-Underground-Space-into-a-Warm-Retreat-1-300x300.jpg 300w, https:\/\/lolaclemente.fpcei.eu\/wp-content\/uploads\/2026\/02\/27-Cozy-Basement-Ideas-Transform-Your-Underground-Space-into-a-Warm-Retreat-1-150x150.jpg 150w\" sizes=\"auto, (max-width: 736px) 100vw, 736px\" \/><\/figure>\n<\/div>\n<\/div>\n<\/div>\n\n\n\n<div class=\"wp-block-group alignfull has-global-padding is-layout-constrained wp-block-group-is-layout-constrained\" style=\"margin-top:0;margin-bottom:0;padding-top:var(--wp--preset--spacing--60);padding-bottom:var(--wp--preset--spacing--60)\">\n<h2 class=\"wp-block-heading alignwide has-text-align-center\">inspiracion<\/h2>\n\n\n\n<div class=\"wp-block-group alignwide has-global-padding is-layout-constrained wp-block-group-is-layout-constrained\">\n<div style=\"height:var(--wp--preset--spacing--40)\" aria-hidden=\"true\" class=\"wp-block-spacer\"><\/div>\n\n\n\n<div class=\"wp-block-columns alignwide is-layout-flex wp-container-core-columns-is-layout-1d9f35bd wp-block-columns-is-layout-flex\">\n<div class=\"wp-block-column has-border-color is-layout-flow wp-block-column-is-layout-flow\" style=\"border-color:var(--wp--preset--color--accent-6);border-width:1px;border-radius:10px;padding-top:var(--wp--preset--spacing--50);padding-right:var(--wp--preset--spacing--50);padding-bottom:var(--wp--preset--spacing--50);padding-left:var(--wp--preset--spacing--50)\">\n<div class=\"wp-block-group is-nowrap is-layout-flex wp-container-core-group-is-layout-6c531013 wp-block-group-is-layout-flex\">\n<figure class=\"wp-block-image size-full is-resized\"><img loading=\"lazy\" decoding=\"async\" width=\"736\" height=\"1030\" src=\"https:\/\/lolaclemente.fpcei.eu\/wp-content\/uploads\/2026\/02\/descargar-18.jpg\" alt=\"\" class=\"wp-image-150\" style=\"aspect-ratio:0.6670015067805123;width:314px;height:auto\" srcset=\"https:\/\/lolaclemente.fpcei.eu\/wp-content\/uploads\/2026\/02\/descargar-18.jpg 736w, https:\/\/lolaclemente.fpcei.eu\/wp-content\/uploads\/2026\/02\/descargar-18-214x300.jpg 214w, https:\/\/lolaclemente.fpcei.eu\/wp-content\/uploads\/2026\/02\/descargar-18-732x1024.jpg 732w\" sizes=\"auto, (max-width: 736px) 100vw, 736px\" \/><\/figure>\n\n\n\n<figure class=\"wp-block-image size-full is-resized\"><img loading=\"lazy\" decoding=\"async\" width=\"736\" height=\"1030\" src=\"https:\/\/lolaclemente.fpcei.eu\/wp-content\/uploads\/2026\/02\/9453f8e086c9226102b42d11699d183e.jpg\" alt=\"\" class=\"wp-image-151\" style=\"aspect-ratio:0.6669928564438791;width:317px;height:auto\" srcset=\"https:\/\/lolaclemente.fpcei.eu\/wp-content\/uploads\/2026\/02\/9453f8e086c9226102b42d11699d183e.jpg 736w, https:\/\/lolaclemente.fpcei.eu\/wp-content\/uploads\/2026\/02\/9453f8e086c9226102b42d11699d183e-214x300.jpg 214w, https:\/\/lolaclemente.fpcei.eu\/wp-content\/uploads\/2026\/02\/9453f8e086c9226102b42d11699d183e-732x1024.jpg 732w\" sizes=\"auto, (max-width: 736px) 100vw, 736px\" \/><\/figure>\n\n\n\n<figure class=\"wp-block-image size-full is-resized\"><img loading=\"lazy\" decoding=\"async\" width=\"526\" height=\"736\" src=\"https:\/\/lolaclemente.fpcei.eu\/wp-content\/uploads\/2026\/02\/Industrial-modern-interior-design.jpg\" alt=\"\" class=\"wp-image-152\" style=\"aspect-ratio:0.6671501087744742;width:316px;height:auto\" srcset=\"https:\/\/lolaclemente.fpcei.eu\/wp-content\/uploads\/2026\/02\/Industrial-modern-interior-design.jpg 526w, https:\/\/lolaclemente.fpcei.eu\/wp-content\/uploads\/2026\/02\/Industrial-modern-interior-design-214x300.jpg 214w\" sizes=\"auto, (max-width: 526px) 100vw, 526px\" \/><\/figure>\n<\/div>\n<\/div>\n<\/div>\n<\/div>\n<\/div>\n\n\n\n<p><\/p>\n","protected":false},"excerpt":{"rendered":"<p>Los salones urbanos se caracterizan por un estilo contempor\u00e1neo y cosmopolita, inspirado en la vida de la ciudad. Combinan funcionalidad y dise\u00f1o con materiales como el metal, el vidrio y el hormig\u00f3n, junto a muebles de l\u00edneas rectas y acabados modernos. La decoraci\u00f3n suele ser sobria pero con personalidad, incorporando contrastes de color, iluminaci\u00f3n cuidada [&hellip;]<\/p>\n","protected":false},"author":2,"featured_media":0,"parent":0,"menu_order":0,"comment_status":"closed","ping_status":"closed","template":"","meta":{"footnotes":""},"class_list":["post-139","page","type-page","status-publish","hentry"],"_links":{"self":[{"href":"https:\/\/lolaclemente.fpcei.eu\/index.php?rest_route=\/wp\/v2\/pages\/139","targetHints":{"allow":["GET"]}}],"collection":[{"href":"https:\/\/lolaclemente.fpcei.eu\/index.php?rest_route=\/wp\/v2\/pages"}],"about":[{"href":"https:\/\/lolaclemente.fpcei.eu\/index.php?rest_route=\/wp\/v2\/types\/page"}],"author":[{"embeddable":true,"href":"https:\/\/lolaclemente.fpcei.eu\/index.php?rest_route=\/wp\/v2\/users\/2"}],"replies":[{"embeddable":true,"href":"https:\/\/lolaclemente.fpcei.eu\/index.php?rest_route=%2Fwp%2Fv2%2Fcomments&post=139"}],"version-history":[{"count":1,"href":"https:\/\/lolaclemente.fpcei.eu\/index.php?rest_route=\/wp\/v2\/pages\/139\/revisions"}],"predecessor-version":[{"id":153,"href":"https:\/\/lolaclemente.fpcei.eu\/index.php?rest_route=\/wp\/v2\/pages\/139\/revisions\/153"}],"wp:attachment":[{"href":"https:\/\/lolaclemente.fpcei.eu\/index.php?rest_route=%2Fwp%2Fv2%2Fmedia&parent=139"}],"curies":[{"name":"wp","href":"https:\/\/api.w.org\/{rel}","templated":true}]}}