{"id":231,"date":"2026-02-05T20:41:32","date_gmt":"2026-02-05T20:41:32","guid":{"rendered":"https:\/\/lolaclemente.fpcei.eu\/?page_id=231"},"modified":"2026-02-05T20:41:32","modified_gmt":"2026-02-05T20:41:32","slug":"salones-minimalistas","status":"publish","type":"page","link":"https:\/\/lolaclemente.fpcei.eu\/?page_id=231","title":{"rendered":"SALONES MINIMALISTAS"},"content":{"rendered":"\n<div class=\"wp-block-group alignfull has-global-padding is-layout-constrained wp-container-core-group-is-layout-0c9c989a wp-block-group-is-layout-constrained\" style=\"min-height:0vh;margin-top:0;margin-bottom:0;padding-top:var(--wp--preset--spacing--70);padding-right:var(--wp--preset--spacing--40);padding-bottom:var(--wp--preset--spacing--70);padding-left:var(--wp--preset--spacing--40)\">\n<div class=\"wp-block-group has-global-padding is-layout-constrained wp-container-core-group-is-layout-346627ba wp-block-group-is-layout-constrained\">\n<p class=\"has-text-align-center\">Los salones minimalistas se caracterizan por la simplicidad, la funcionalidad y la sensaci\u00f3n de amplitud. Espacios despejados, con l\u00edneas limpias y elementos esenciales, crean un ambiente ordenado y tranquilo. La ausencia de exceso decorativo permite que la luz y el espacio respiren, generando una atm\u00f3sfera moderna, serena y armoniosa.<\/p>\n<\/div>\n<\/div>\n\n\n\n<div class=\"wp-block-group alignfull is-style-section-1 has-global-padding is-layout-constrained wp-block-group-is-layout-constrained is-style-section-1--1\" style=\"margin-top:0;margin-bottom:0;padding-top:var(--wp--preset--spacing--80);padding-bottom:var(--wp--preset--spacing--80)\">\n<div class=\"wp-block-columns alignwide is-layout-flex wp-container-core-columns-is-layout-66fad18a wp-block-columns-is-layout-flex\">\n<div class=\"wp-block-column is-layout-flow wp-block-column-is-layout-flow\" style=\"padding-right:var(--wp--preset--spacing--50);flex-basis:45%\">\n<figure class=\"wp-block-image size-full is-resized\"><img loading=\"lazy\" decoding=\"async\" width=\"736\" height=\"890\" src=\"https:\/\/lolaclemente.fpcei.eu\/wp-content\/uploads\/2026\/02\/descargar-46-2.jpg\" alt=\"\" class=\"wp-image-244\" style=\"aspect-ratio:0.7502685085737565;width:263px;height:auto\" srcset=\"https:\/\/lolaclemente.fpcei.eu\/wp-content\/uploads\/2026\/02\/descargar-46-2.jpg 736w, https:\/\/lolaclemente.fpcei.eu\/wp-content\/uploads\/2026\/02\/descargar-46-2-248x300.jpg 248w\" sizes=\"auto, (max-width: 736px) 100vw, 736px\" \/><\/figure>\n\n\n\n<div class=\"wp-block-group has-global-padding is-layout-constrained wp-block-group-is-layout-constrained\" style=\"margin-top:-12vw\"><\/div>\n\n\n\n<figure class=\"wp-block-image alignright size-full is-resized wp-duotone-unset-2\" style=\"margin-right:-5vw;margin-left:-5vw\"><img loading=\"lazy\" decoding=\"async\" width=\"736\" height=\"1104\" src=\"https:\/\/lolaclemente.fpcei.eu\/wp-content\/uploads\/2026\/02\/7-Minimalist-Interior-Design-Tips.jpg\" alt=\"\" class=\"wp-image-242\" style=\"aspect-ratio:0.657746120580005;width:209px;height:auto\" srcset=\"https:\/\/lolaclemente.fpcei.eu\/wp-content\/uploads\/2026\/02\/7-Minimalist-Interior-Design-Tips.jpg 736w, https:\/\/lolaclemente.fpcei.eu\/wp-content\/uploads\/2026\/02\/7-Minimalist-Interior-Design-Tips-200x300.jpg 200w, https:\/\/lolaclemente.fpcei.eu\/wp-content\/uploads\/2026\/02\/7-Minimalist-Interior-Design-Tips-683x1024.jpg 683w\" sizes=\"auto, (max-width: 736px) 100vw, 736px\" \/><\/figure>\n<\/div>\n\n\n\n<div class=\"wp-block-column is-vertically-aligned-center is-layout-flow wp-block-column-is-layout-flow\" style=\"padding-right:0;padding-left:0;flex-basis:50%\">\n<div class=\"wp-block-group is-vertical is-layout-flex wp-container-core-group-is-layout-fe9cc265 wp-block-group-is-layout-flex\">\n<h2 class=\"wp-block-heading is-style-text-annotation is-style-text-annotation--3\">Mobilario<\/h2>\n<\/div>\n\n\n\n<p class=\"is-style-text-subtitle is-style-text-subtitle--4\">El mobiliario de los salones minimalistas se caracteriza por su funcionalidad y l\u00edneas depuradas. Sof\u00e1s bajos y sencillos, mesas ligeras, estanter\u00edas discretas y sillas de dise\u00f1o simple crean un ambiente ordenado y despejado. Cada pieza cumple una funci\u00f3n clara, evitando el exceso y reforzando la sensaci\u00f3n de espacio y armon\u00eda propia del estilo minimalista.<\/p>\n<\/div>\n<\/div>\n<\/div>\n\n\n\n<div class=\"wp-block-group alignfull has-global-padding is-layout-constrained wp-container-core-group-is-layout-ebee8dc1 wp-block-group-is-layout-constrained\" style=\"margin-top:0;margin-bottom:0;padding-top:var(--wp--preset--spacing--50);padding-bottom:var(--wp--preset--spacing--50)\">\n<h2 class=\"wp-block-heading alignwide\">Paleta De Colores<\/h2>\n\n\n\n<p class=\"has-text-align-center\">La paleta de los salones minimalistas se basa en tonos neutros y suaves que transmiten calma y claridad. Colores como blanco, marron, gris, beige y negro se combinan de manera equilibrada, reforzando la sensaci\u00f3n de amplitud y serenidad. La simplicidad crom\u00e1tica permite que el espacio respire y que cada elemento destaque sin saturar el ambiente.<\/p>\n\n\n\n<div class=\"wp-block-columns alignwide is-layout-flex wp-container-core-columns-is-layout-28f84493 wp-block-columns-is-layout-flex\">\n<div class=\"wp-block-column is-layout-flow wp-block-column-is-layout-flow\">\n<figure class=\"wp-block-image size-full is-resized\"><img loading=\"lazy\" decoding=\"async\" width=\"570\" height=\"570\" src=\"https:\/\/lolaclemente.fpcei.eu\/wp-content\/uploads\/2026\/02\/Uni-PURE-Latte-Tissu-en-coton-unie-beige-brun-clair-creme-Tissus-pour-galerie-dart-Tissu-en-1.jpg\" alt=\"\" class=\"wp-image-248\" style=\"aspect-ratio:1.25002814998311;width:326px;height:auto\" srcset=\"https:\/\/lolaclemente.fpcei.eu\/wp-content\/uploads\/2026\/02\/Uni-PURE-Latte-Tissu-en-coton-unie-beige-brun-clair-creme-Tissus-pour-galerie-dart-Tissu-en-1.jpg 570w, https:\/\/lolaclemente.fpcei.eu\/wp-content\/uploads\/2026\/02\/Uni-PURE-Latte-Tissu-en-coton-unie-beige-brun-clair-creme-Tissus-pour-galerie-dart-Tissu-en-1-300x300.jpg 300w, https:\/\/lolaclemente.fpcei.eu\/wp-content\/uploads\/2026\/02\/Uni-PURE-Latte-Tissu-en-coton-unie-beige-brun-clair-creme-Tissus-pour-galerie-dart-Tissu-en-1-150x150.jpg 150w\" sizes=\"auto, (max-width: 570px) 100vw, 570px\" \/><\/figure>\n\n\n\n<h3 class=\"wp-block-heading has-text-align-center\">Beige<\/h3>\n<\/div>\n\n\n\n<div class=\"wp-block-column is-layout-flow wp-block-column-is-layout-flow\">\n<figure class=\"wp-block-image size-full\" style=\"margin-bottom:24px\"><img loading=\"lazy\" decoding=\"async\" width=\"300\" height=\"300\" src=\"https:\/\/lolaclemente.fpcei.eu\/wp-content\/uploads\/2026\/02\/descargar-21-1.jpg\" alt=\"\" class=\"wp-image-204\" style=\"aspect-ratio:4\/3;object-fit:cover\" srcset=\"https:\/\/lolaclemente.fpcei.eu\/wp-content\/uploads\/2026\/02\/descargar-21-1.jpg 300w, https:\/\/lolaclemente.fpcei.eu\/wp-content\/uploads\/2026\/02\/descargar-21-1-150x150.jpg 150w\" sizes=\"auto, (max-width: 300px) 100vw, 300px\" \/><\/figure>\n\n\n\n<h3 class=\"wp-block-heading has-text-align-center\">Marron<\/h3>\n<\/div>\n\n\n\n<div class=\"wp-block-column is-layout-flow wp-block-column-is-layout-flow\">\n<figure class=\"wp-block-image size-full\" style=\"margin-bottom:24px\"><img loading=\"lazy\" decoding=\"async\" width=\"736\" height=\"736\" src=\"https:\/\/lolaclemente.fpcei.eu\/wp-content\/uploads\/2026\/02\/ROCKO-Wasserfeste-Wandpaneele.jpg\" alt=\"\" class=\"wp-image-249\" style=\"aspect-ratio:4\/3;object-fit:cover\" srcset=\"https:\/\/lolaclemente.fpcei.eu\/wp-content\/uploads\/2026\/02\/ROCKO-Wasserfeste-Wandpaneele.jpg 736w, https:\/\/lolaclemente.fpcei.eu\/wp-content\/uploads\/2026\/02\/ROCKO-Wasserfeste-Wandpaneele-300x300.jpg 300w, https:\/\/lolaclemente.fpcei.eu\/wp-content\/uploads\/2026\/02\/ROCKO-Wasserfeste-Wandpaneele-150x150.jpg 150w\" sizes=\"auto, (max-width: 736px) 100vw, 736px\" \/><\/figure>\n\n\n\n<h3 class=\"wp-block-heading has-text-align-center\">Gris<\/h3>\n<\/div>\n<\/div>\n<\/div>\n\n\n\n<div class=\"wp-block-group alignfull has-global-padding is-layout-constrained wp-block-group-is-layout-constrained\" style=\"margin-top:0;margin-bottom:0;padding-top:var(--wp--preset--spacing--60);padding-bottom:var(--wp--preset--spacing--60)\">\n<div class=\"wp-block-columns alignwide is-layout-flex wp-container-core-columns-is-layout-74b2cda3 wp-block-columns-is-layout-flex\">\n<div class=\"wp-block-column is-layout-flow wp-block-column-is-layout-flow\">\n<div class=\"wp-block-group is-vertical is-content-justification-left is-layout-flex wp-container-core-group-is-layout-7ce391b6 wp-block-group-is-layout-flex\" style=\"min-height:100%\">\n<h2 class=\"wp-block-heading is-style-text-annotation has-x-small-font-size is-style-text-annotation--5\">Detalles Decorativos<\/h2>\n\n\n\n<blockquote class=\"wp-block-quote is-style-plain has-x-large-font-size is-layout-flow wp-container-core-quote-is-layout-5dafc681 wp-block-quote-is-layout-flow is-style-plain--6\" style=\"font-style:normal;font-weight:400\">\n<div class=\"wp-block-group has-global-padding is-content-justification-left is-layout-constrained wp-container-core-group-is-layout-085bd3d9 wp-block-group-is-layout-constrained\" style=\"margin-top:0;margin-bottom:0;padding-top:0;padding-right:0;padding-bottom:0;padding-left:0\">\n<p class=\"has-large-font-size\">Los detalles decorativos en los salones minimalistas son discretos y funcionales. Pocas piezas cuidadosamente seleccionadas, como jarrones sencillos, l\u00e1mparas de l\u00edneas limpias o una obra de arte minimalista, aportan personalidad sin sobrecargar el espacio. Cada elemento se integra al entorno, manteniendo la armon\u00eda, la claridad visual y la sensaci\u00f3n de orden caracter\u00edstica del estilo.<\/p>\n\n\n\n<p><\/p>\n<\/div>\n<\/blockquote>\n<\/div>\n<\/div>\n\n\n\n<div class=\"wp-block-column is-layout-flow wp-block-column-is-layout-flow\" style=\"padding-top:0;padding-right:0;padding-bottom:0;padding-left:0\">\n<figure class=\"wp-block-image size-full\"><img loading=\"lazy\" decoding=\"async\" width=\"736\" height=\"736\" src=\"https:\/\/lolaclemente.fpcei.eu\/wp-content\/uploads\/2026\/02\/Salon-minimalista-con-sofa-beige-y-mesa-de-centro-moderna-_-Ideas-de-decoracion-2025.jpg\" alt=\"\" class=\"wp-image-250\" style=\"aspect-ratio:1;object-fit:cover\" srcset=\"https:\/\/lolaclemente.fpcei.eu\/wp-content\/uploads\/2026\/02\/Salon-minimalista-con-sofa-beige-y-mesa-de-centro-moderna-_-Ideas-de-decoracion-2025.jpg 736w, https:\/\/lolaclemente.fpcei.eu\/wp-content\/uploads\/2026\/02\/Salon-minimalista-con-sofa-beige-y-mesa-de-centro-moderna-_-Ideas-de-decoracion-2025-300x300.jpg 300w, https:\/\/lolaclemente.fpcei.eu\/wp-content\/uploads\/2026\/02\/Salon-minimalista-con-sofa-beige-y-mesa-de-centro-moderna-_-Ideas-de-decoracion-2025-150x150.jpg 150w\" sizes=\"auto, (max-width: 736px) 100vw, 736px\" \/><\/figure>\n<\/div>\n<\/div>\n<\/div>\n\n\n\n<div class=\"wp-block-group alignfull has-global-padding is-layout-constrained wp-block-group-is-layout-constrained\" style=\"margin-top:0;margin-bottom:0;padding-top:var(--wp--preset--spacing--60);padding-bottom:var(--wp--preset--spacing--60)\">\n<h2 class=\"wp-block-heading alignwide has-text-align-center\">inspiracion<\/h2>\n\n\n\n<div class=\"wp-block-group alignwide has-global-padding is-layout-constrained wp-block-group-is-layout-constrained\">\n<div style=\"height:var(--wp--preset--spacing--40)\" aria-hidden=\"true\" class=\"wp-block-spacer\"><\/div>\n\n\n\n<div class=\"wp-block-columns alignwide is-layout-flex wp-container-core-columns-is-layout-1d9f35bd wp-block-columns-is-layout-flex\">\n<div class=\"wp-block-column has-border-color is-layout-flow wp-block-column-is-layout-flow\" style=\"border-color:var(--wp--preset--color--accent-6);border-width:1px;border-radius:10px;padding-top:var(--wp--preset--spacing--50);padding-right:var(--wp--preset--spacing--50);padding-bottom:var(--wp--preset--spacing--50);padding-left:var(--wp--preset--spacing--50)\">\n<div class=\"wp-block-group is-nowrap is-layout-flex wp-container-core-group-is-layout-6c531013 wp-block-group-is-layout-flex\">\n<figure class=\"wp-block-image size-full is-resized\"><img loading=\"lazy\" decoding=\"async\" width=\"672\" height=\"1200\" src=\"https:\/\/lolaclemente.fpcei.eu\/wp-content\/uploads\/2026\/02\/descargar-43.jpg\" alt=\"\" class=\"wp-image-245\" style=\"aspect-ratio:0.6670015067805123;width:314px;height:auto\" srcset=\"https:\/\/lolaclemente.fpcei.eu\/wp-content\/uploads\/2026\/02\/descargar-43.jpg 672w, https:\/\/lolaclemente.fpcei.eu\/wp-content\/uploads\/2026\/02\/descargar-43-168x300.jpg 168w, https:\/\/lolaclemente.fpcei.eu\/wp-content\/uploads\/2026\/02\/descargar-43-573x1024.jpg 573w\" sizes=\"auto, (max-width: 672px) 100vw, 672px\" \/><\/figure>\n\n\n\n<figure class=\"wp-block-image size-full is-resized\"><img loading=\"lazy\" decoding=\"async\" width=\"735\" height=\"976\" src=\"https:\/\/lolaclemente.fpcei.eu\/wp-content\/uploads\/2026\/02\/descargar-45-1.jpg\" alt=\"\" class=\"wp-image-246\" style=\"aspect-ratio:0.6669928564438791;width:317px;height:auto\" srcset=\"https:\/\/lolaclemente.fpcei.eu\/wp-content\/uploads\/2026\/02\/descargar-45-1.jpg 735w, https:\/\/lolaclemente.fpcei.eu\/wp-content\/uploads\/2026\/02\/descargar-45-1-226x300.jpg 226w\" sizes=\"auto, (max-width: 735px) 100vw, 735px\" \/><\/figure>\n\n\n\n<figure class=\"wp-block-image size-full is-resized\"><img loading=\"lazy\" decoding=\"async\" width=\"736\" height=\"1104\" src=\"https:\/\/lolaclemente.fpcei.eu\/wp-content\/uploads\/2026\/02\/descargar-44-1.jpg\" alt=\"\" class=\"wp-image-247\" style=\"aspect-ratio:0.6671501087744742;width:316px;height:auto\" srcset=\"https:\/\/lolaclemente.fpcei.eu\/wp-content\/uploads\/2026\/02\/descargar-44-1.jpg 736w, https:\/\/lolaclemente.fpcei.eu\/wp-content\/uploads\/2026\/02\/descargar-44-1-200x300.jpg 200w, https:\/\/lolaclemente.fpcei.eu\/wp-content\/uploads\/2026\/02\/descargar-44-1-683x1024.jpg 683w\" sizes=\"auto, (max-width: 736px) 100vw, 736px\" \/><\/figure>\n<\/div>\n<\/div>\n<\/div>\n<\/div>\n<\/div>\n","protected":false},"excerpt":{"rendered":"<p>Los salones minimalistas se caracterizan por la simplicidad, la funcionalidad y la sensaci\u00f3n de amplitud. Espacios despejados, con l\u00edneas limpias y elementos esenciales, crean un ambiente ordenado y tranquilo. La ausencia de exceso decorativo permite que la luz y el espacio respiren, generando una atm\u00f3sfera moderna, serena y armoniosa. Mobilario El mobiliario de los salones [&hellip;]<\/p>\n","protected":false},"author":2,"featured_media":0,"parent":0,"menu_order":0,"comment_status":"closed","ping_status":"closed","template":"","meta":{"footnotes":""},"class_list":["post-231","page","type-page","status-publish","hentry"],"_links":{"self":[{"href":"https:\/\/lolaclemente.fpcei.eu\/index.php?rest_route=\/wp\/v2\/pages\/231","targetHints":{"allow":["GET"]}}],"collection":[{"href":"https:\/\/lolaclemente.fpcei.eu\/index.php?rest_route=\/wp\/v2\/pages"}],"about":[{"href":"https:\/\/lolaclemente.fpcei.eu\/index.php?rest_route=\/wp\/v2\/types\/page"}],"author":[{"embeddable":true,"href":"https:\/\/lolaclemente.fpcei.eu\/index.php?rest_route=\/wp\/v2\/users\/2"}],"replies":[{"embeddable":true,"href":"https:\/\/lolaclemente.fpcei.eu\/index.php?rest_route=%2Fwp%2Fv2%2Fcomments&post=231"}],"version-history":[{"count":1,"href":"https:\/\/lolaclemente.fpcei.eu\/index.php?rest_route=\/wp\/v2\/pages\/231\/revisions"}],"predecessor-version":[{"id":251,"href":"https:\/\/lolaclemente.fpcei.eu\/index.php?rest_route=\/wp\/v2\/pages\/231\/revisions\/251"}],"wp:attachment":[{"href":"https:\/\/lolaclemente.fpcei.eu\/index.php?rest_route=%2Fwp%2Fv2%2Fmedia&parent=231"}],"curies":[{"name":"wp","href":"https:\/\/api.w.org\/{rel}","templated":true}]}}