{"id":252,"date":"2026-02-05T21:07:05","date_gmt":"2026-02-05T21:07:05","guid":{"rendered":"https:\/\/lolaclemente.fpcei.eu\/?page_id=252"},"modified":"2026-02-05T21:07:05","modified_gmt":"2026-02-05T21:07:05","slug":"salones-culturales","status":"publish","type":"page","link":"https:\/\/lolaclemente.fpcei.eu\/?page_id=252","title":{"rendered":"SALONES CULTURALES"},"content":{"rendered":"\n<div class=\"wp-block-group alignfull is-style-section-1 has-global-padding is-layout-constrained wp-block-group-is-layout-constrained is-style-section-1--1\" style=\"margin-top:0;margin-bottom:0;padding-top:var(--wp--preset--spacing--60);padding-bottom:var(--wp--preset--spacing--60)\">\n<div class=\"wp-block-columns alignwide is-layout-flex wp-container-core-columns-is-layout-643ced6b wp-block-columns-is-layout-flex\">\n<div class=\"wp-block-column is-layout-flow wp-block-column-is-layout-flow\" style=\"flex-basis:40%\">\n<figure class=\"wp-block-gallery has-nested-images columns-default is-cropped wp-block-gallery-2 is-layout-flex wp-block-gallery-is-layout-flex\">\n<figure class=\"wp-block-image size-large\"><img loading=\"lazy\" decoding=\"async\" width=\"736\" height=\"1021\" data-id=\"254\" src=\"https:\/\/lolaclemente.fpcei.eu\/wp-content\/uploads\/2026\/02\/170d85467150e6f5211f3d9ec2d7ebe0.jpg\" alt=\"\" class=\"wp-image-254\" srcset=\"https:\/\/lolaclemente.fpcei.eu\/wp-content\/uploads\/2026\/02\/170d85467150e6f5211f3d9ec2d7ebe0.jpg 736w, https:\/\/lolaclemente.fpcei.eu\/wp-content\/uploads\/2026\/02\/170d85467150e6f5211f3d9ec2d7ebe0-216x300.jpg 216w\" sizes=\"auto, (max-width: 736px) 100vw, 736px\" \/><\/figure>\n<\/figure>\n\n\n\n<figure class=\"wp-block-image aligncenter size-large is-resized\"><img loading=\"lazy\" decoding=\"async\" width=\"736\" height=\"940\" src=\"https:\/\/lolaclemente.fpcei.eu\/wp-content\/uploads\/2026\/02\/Diseno-minimalista-de-vivienda.jpg\" alt=\"\" class=\"wp-image-253\" style=\"aspect-ratio:0.7830401443391971;width:201px;height:auto\" srcset=\"https:\/\/lolaclemente.fpcei.eu\/wp-content\/uploads\/2026\/02\/Diseno-minimalista-de-vivienda.jpg 736w, https:\/\/lolaclemente.fpcei.eu\/wp-content\/uploads\/2026\/02\/Diseno-minimalista-de-vivienda-235x300.jpg 235w\" sizes=\"auto, (max-width: 736px) 100vw, 736px\" \/><\/figure>\n<\/div>\n\n\n\n<div class=\"wp-block-column is-vertically-aligned-center is-layout-flow wp-container-core-column-is-layout-119bc444 wp-block-column-is-layout-flow\" style=\"flex-basis:60%\">\n<h2 class=\"wp-block-heading has-xx-large-font-size\">ESCANDINAVO<\/h2>\n\n\n\n<ul class=\"wp-block-list\">\n<li><strong>Mobiliario:<\/strong> Piezas sencillas y funcionales, con l\u00edneas limpias y materiales naturales como madera clara. Sof\u00e1s y sillones c\u00f3modos, mesas ligeras y estanter\u00edas abiertas crean un espacio pr\u00e1ctico y acogedor.<\/li>\n<\/ul>\n\n\n\n<ul class=\"wp-block-list\">\n<li><strong>Paleta de colores:<\/strong> Predominan los tonos neutros y suaves como blanco, beige, gris claro y madera natural, combinados con peque\u00f1os acentos de colores pastel o tierra para dar calidez y armon\u00eda.<\/li>\n<\/ul>\n\n\n\n<ul class=\"wp-block-list\">\n<li><strong>Detalles decorativos:<\/strong> Decoraci\u00f3n minimalista y c\u00e1lida, con textiles suaves como mantas y cojines, plantas naturales y objetos sencillos que aportan personalidad sin recargar el espacio.<\/li>\n<\/ul>\n<\/div>\n<\/div>\n<\/div>\n\n\n\n<div class=\"wp-block-group alignfull is-style-section-5 has-global-padding is-layout-constrained wp-block-group-is-layout-constrained is-style-section-5--3\" style=\"margin-top:0;margin-bottom:0;padding-top:var(--wp--preset--spacing--50);padding-bottom:var(--wp--preset--spacing--50)\">\n<div class=\"wp-block-columns alignwide is-layout-flex wp-container-core-columns-is-layout-7ee84d44 wp-block-columns-is-layout-flex\">\n<div class=\"wp-block-column is-vertically-aligned-center is-layout-flow wp-block-column-is-layout-flow\" style=\"flex-basis:50%\">\n<h2 class=\"wp-block-heading has-text-align-center\">JAPONES<\/h2>\n\n\n\n<ul class=\"wp-block-list\">\n<li><strong>Mobiliario:<\/strong> Piezas bajas y funcionales, con l\u00edneas simples y materiales naturales como madera, bamb\u00fa o tatami. Sof\u00e1s, mesas y estanter\u00edas minimalistas crean un espacio pr\u00e1ctico y armonioso.<\/li>\n<\/ul>\n\n\n\n<ul class=\"wp-block-list\">\n<li><strong>Paleta de colores:<\/strong> Predominan tonos neutros y naturales como blanco, beige, marr\u00f3n y gris, combinados con verdes suaves o detalles en negro para generar equilibrio y serenidad.<\/li>\n<\/ul>\n\n\n\n<ul class=\"wp-block-list\">\n<li><strong>Detalles decorativos:<\/strong> Decoraci\u00f3n sencilla y simb\u00f3lica: plantas, bons\u00e1is, paneles de papel (shoji), elementos de agua y objetos artesanales que aportan calma y reflejan la conexi\u00f3n con la naturaleza.<\/li>\n<\/ul>\n<\/div>\n\n\n\n<div class=\"wp-block-column is-vertically-aligned-center is-layout-flow wp-block-column-is-layout-flow\" style=\"flex-basis:50%\">\n<figure class=\"wp-block-image size-full\"><img loading=\"lazy\" decoding=\"async\" width=\"736\" height=\"981\" src=\"https:\/\/lolaclemente.fpcei.eu\/wp-content\/uploads\/2026\/02\/Japandi-Calm-Living-Room.jpg\" alt=\"\" class=\"wp-image-255\" style=\"aspect-ratio:1;object-fit:cover\" srcset=\"https:\/\/lolaclemente.fpcei.eu\/wp-content\/uploads\/2026\/02\/Japandi-Calm-Living-Room.jpg 736w, https:\/\/lolaclemente.fpcei.eu\/wp-content\/uploads\/2026\/02\/Japandi-Calm-Living-Room-225x300.jpg 225w\" sizes=\"auto, (max-width: 736px) 100vw, 736px\" \/><\/figure>\n\n\n\n<figure class=\"wp-block-image size-full\"><img loading=\"lazy\" decoding=\"async\" width=\"500\" height=\"742\" src=\"https:\/\/lolaclemente.fpcei.eu\/wp-content\/uploads\/2026\/02\/descargar-47.jpg\" alt=\"\" class=\"wp-image-256\" style=\"aspect-ratio:4\/3;object-fit:contain\" srcset=\"https:\/\/lolaclemente.fpcei.eu\/wp-content\/uploads\/2026\/02\/descargar-47.jpg 500w, https:\/\/lolaclemente.fpcei.eu\/wp-content\/uploads\/2026\/02\/descargar-47-202x300.jpg 202w\" sizes=\"auto, (max-width: 500px) 100vw, 500px\" \/><\/figure>\n<\/div>\n<\/div>\n<\/div>\n\n\n\n<div class=\"wp-block-group alignfull is-style-section-2 has-global-padding is-layout-constrained wp-block-group-is-layout-constrained is-style-section-2--4\" style=\"margin-top:0;margin-bottom:0;padding-top:var(--wp--preset--spacing--50);padding-bottom:var(--wp--preset--spacing--50)\">\n<div class=\"wp-block-columns alignwide is-layout-flex wp-container-core-columns-is-layout-7ee84d44 wp-block-columns-is-layout-flex\">\n<div class=\"wp-block-column is-vertically-aligned-center is-layout-flow wp-block-column-is-layout-flow\" style=\"flex-basis:50%\">\n<h2 class=\"wp-block-heading has-text-align-center\">\u00c1RABE<\/h2>\n\n\n\n<ul class=\"wp-block-list\">\n<li><strong>Mobiliario:<\/strong> Piezas bajas y amplias, como sof\u00e1s y divanes tapizados, mesas con incrustaciones y pufs, a menudo con madera tallada y detalles met\u00e1licos. Todo busca comodidad y elegancia, creando un ambiente acogedor y refinado.<\/li>\n\n\n\n<li><strong>Paleta de colores:<\/strong> Colores c\u00e1lidos y ricos como dorados, rojos, naranjas y terracotas, combinados con acentos profundos en azul, verde o p\u00farpura, transmitiendo lujo y exotismo.<\/li>\n\n\n\n<li><strong>Detalles decorativos:<\/strong> Decoraci\u00f3n recargada y ornamental: alfombras tejidas, cojines bordados, l\u00e1mparas de metal calado, mosaicos y cer\u00e1micas decorativas, cortinas pesadas y elementos geom\u00e9tricos o arabescos que reflejan la tradici\u00f3n y la riqueza visual de la cultura \u00e1rabe.<\/li>\n<\/ul>\n<\/div>\n\n\n\n<div class=\"wp-block-column is-vertically-aligned-center is-layout-flow wp-block-column-is-layout-flow\" style=\"flex-basis:50%\">\n<figure class=\"wp-block-image aligncenter size-full is-resized\"><img loading=\"lazy\" decoding=\"async\" width=\"474\" height=\"634\" src=\"https:\/\/lolaclemente.fpcei.eu\/wp-content\/uploads\/2026\/02\/201cb01bf85276f563190d61d335f201.jpg\" alt=\"\" class=\"wp-image-257\" style=\"aspect-ratio:1;object-fit:cover;width:285px;height:auto\" srcset=\"https:\/\/lolaclemente.fpcei.eu\/wp-content\/uploads\/2026\/02\/201cb01bf85276f563190d61d335f201.jpg 474w, https:\/\/lolaclemente.fpcei.eu\/wp-content\/uploads\/2026\/02\/201cb01bf85276f563190d61d335f201-224x300.jpg 224w\" sizes=\"auto, (max-width: 474px) 100vw, 474px\" \/><\/figure>\n\n\n\n<figure class=\"wp-block-image size-full\"><img loading=\"lazy\" decoding=\"async\" width=\"768\" height=\"1408\" src=\"https:\/\/lolaclemente.fpcei.eu\/wp-content\/uploads\/2026\/02\/3871000dcf4abc5604baa182dde4de8d.jpg\" alt=\"\" class=\"wp-image-258\" style=\"aspect-ratio:4\/3;object-fit:contain\" srcset=\"https:\/\/lolaclemente.fpcei.eu\/wp-content\/uploads\/2026\/02\/3871000dcf4abc5604baa182dde4de8d.jpg 768w, https:\/\/lolaclemente.fpcei.eu\/wp-content\/uploads\/2026\/02\/3871000dcf4abc5604baa182dde4de8d-164x300.jpg 164w, https:\/\/lolaclemente.fpcei.eu\/wp-content\/uploads\/2026\/02\/3871000dcf4abc5604baa182dde4de8d-559x1024.jpg 559w\" sizes=\"auto, (max-width: 768px) 100vw, 768px\" \/><\/figure>\n<\/div>\n<\/div>\n<\/div>\n\n\n\n<div class=\"wp-block-group alignfull is-style-section-1 has-global-padding is-layout-constrained wp-block-group-is-layout-constrained is-style-section-1--5\" style=\"margin-top:0;margin-bottom:0;padding-top:var(--wp--preset--spacing--60);padding-bottom:var(--wp--preset--spacing--60)\">\n<div class=\"wp-block-columns alignwide is-layout-flex wp-container-core-columns-is-layout-643ced6b wp-block-columns-is-layout-flex\">\n<div class=\"wp-block-column is-layout-flow wp-block-column-is-layout-flow\" style=\"flex-basis:40%\">\n<figure class=\"wp-block-gallery has-nested-images columns-default is-cropped wp-block-gallery-6 is-layout-flex wp-block-gallery-is-layout-flex\">\n<figure class=\"wp-block-image size-large\"><img loading=\"lazy\" decoding=\"async\" width=\"679\" height=\"1024\" data-id=\"259\" src=\"https:\/\/lolaclemente.fpcei.eu\/wp-content\/uploads\/2026\/02\/descargar-49-679x1024.jpg\" alt=\"\" class=\"wp-image-259\" srcset=\"https:\/\/lolaclemente.fpcei.eu\/wp-content\/uploads\/2026\/02\/descargar-49-679x1024.jpg 679w, https:\/\/lolaclemente.fpcei.eu\/wp-content\/uploads\/2026\/02\/descargar-49-199x300.jpg 199w, https:\/\/lolaclemente.fpcei.eu\/wp-content\/uploads\/2026\/02\/descargar-49.jpg 735w\" sizes=\"auto, (max-width: 679px) 100vw, 679px\" \/><\/figure>\n<\/figure>\n\n\n\n<figure class=\"wp-block-image aligncenter size-full is-resized\"><img loading=\"lazy\" decoding=\"async\" width=\"474\" height=\"842\" src=\"https:\/\/lolaclemente.fpcei.eu\/wp-content\/uploads\/2026\/02\/descargar-48.jpg\" alt=\"\" class=\"wp-image-260\" style=\"aspect-ratio:0.7830401443391971;width:201px;height:auto\" srcset=\"https:\/\/lolaclemente.fpcei.eu\/wp-content\/uploads\/2026\/02\/descargar-48.jpg 474w, https:\/\/lolaclemente.fpcei.eu\/wp-content\/uploads\/2026\/02\/descargar-48-169x300.jpg 169w\" sizes=\"auto, (max-width: 474px) 100vw, 474px\" \/><\/figure>\n<\/div>\n\n\n\n<div class=\"wp-block-column is-vertically-aligned-center is-layout-flow wp-container-core-column-is-layout-119bc444 wp-block-column-is-layout-flow\" style=\"flex-basis:60%\">\n<h2 class=\"wp-block-heading has-xx-large-font-size\">MEJICANO<\/h2>\n\n\n\n<ul class=\"wp-block-list\">\n<li><strong>Mobiliario:<\/strong> Piezas robustas y artesanales, hechas en madera maciza con acabados r\u00fasticos. Sof\u00e1s, sillas y mesas a menudo incluyen tallados o detalles pintados a mano, combinando funcionalidad y tradici\u00f3n artesanal.<\/li>\n\n\n\n<li><strong>Paleta de colores:<\/strong> Tonos vivos y c\u00e1lidos como rojo, naranja, amarillo y turquesa, mezclados con colores tierra y neutros que equilibran la intensidad y reflejan la alegr\u00eda y riqueza de la cultura mexicana.<\/li>\n\n\n\n<li><strong>Detalles decorativos:<\/strong> Decoraci\u00f3n artesanal y colorida: cer\u00e1mica, textiles bordados, alfombras, mantas, arte popular, m\u00e1scaras y figuras tradicionales. Los elementos reflejan historia, festividad y la identidad cultural del pa\u00eds<\/li>\n<\/ul>\n<\/div>\n<\/div>\n<\/div>\n","protected":false},"excerpt":{"rendered":"<p>ESCANDINAVO JAPONES \u00c1RABE MEJICANO<\/p>\n","protected":false},"author":2,"featured_media":0,"parent":0,"menu_order":0,"comment_status":"closed","ping_status":"closed","template":"","meta":{"footnotes":""},"class_list":["post-252","page","type-page","status-publish","hentry"],"_links":{"self":[{"href":"https:\/\/lolaclemente.fpcei.eu\/index.php?rest_route=\/wp\/v2\/pages\/252","targetHints":{"allow":["GET"]}}],"collection":[{"href":"https:\/\/lolaclemente.fpcei.eu\/index.php?rest_route=\/wp\/v2\/pages"}],"about":[{"href":"https:\/\/lolaclemente.fpcei.eu\/index.php?rest_route=\/wp\/v2\/types\/page"}],"author":[{"embeddable":true,"href":"https:\/\/lolaclemente.fpcei.eu\/index.php?rest_route=\/wp\/v2\/users\/2"}],"replies":[{"embeddable":true,"href":"https:\/\/lolaclemente.fpcei.eu\/index.php?rest_route=%2Fwp%2Fv2%2Fcomments&post=252"}],"version-history":[{"count":1,"href":"https:\/\/lolaclemente.fpcei.eu\/index.php?rest_route=\/wp\/v2\/pages\/252\/revisions"}],"predecessor-version":[{"id":261,"href":"https:\/\/lolaclemente.fpcei.eu\/index.php?rest_route=\/wp\/v2\/pages\/252\/revisions\/261"}],"wp:attachment":[{"href":"https:\/\/lolaclemente.fpcei.eu\/index.php?rest_route=%2Fwp%2Fv2%2Fmedia&parent=252"}],"curies":[{"name":"wp","href":"https:\/\/api.w.org\/{rel}","templated":true}]}}