{"id":317,"date":"2026-02-05T22:34:21","date_gmt":"2026-02-05T22:34:21","guid":{"rendered":"https:\/\/lolaclemente.fpcei.eu\/?page_id=317"},"modified":"2026-02-05T22:36:26","modified_gmt":"2026-02-05T22:36:26","slug":"cocinas-urbanas","status":"publish","type":"page","link":"https:\/\/lolaclemente.fpcei.eu\/?page_id=317","title":{"rendered":"COCINAS URBANAS"},"content":{"rendered":"\n<div class=\"wp-block-group alignfull has-global-padding is-layout-constrained wp-block-group-is-layout-constrained\" style=\"margin-top:0;margin-bottom:0;padding-top:var(--wp--preset--spacing--50);padding-bottom:var(--wp--preset--spacing--50)\">\n<div class=\"wp-block-columns alignwide is-layout-flex wp-container-core-columns-is-layout-47c06fe3 wp-block-columns-is-layout-flex\">\n<div class=\"wp-block-column is-layout-flow wp-block-column-is-layout-flow\" style=\"flex-basis:56%\">\n<figure class=\"wp-block-image size-full is-resized\"><img loading=\"lazy\" decoding=\"async\" width=\"736\" height=\"736\" src=\"https:\/\/lolaclemente.fpcei.eu\/wp-content\/uploads\/2026\/02\/descargar-61.jpg\" alt=\"\" class=\"wp-image-318\" style=\"object-fit:cover;width:626px;height:auto\" srcset=\"https:\/\/lolaclemente.fpcei.eu\/wp-content\/uploads\/2026\/02\/descargar-61.jpg 736w, https:\/\/lolaclemente.fpcei.eu\/wp-content\/uploads\/2026\/02\/descargar-61-300x300.jpg 300w, https:\/\/lolaclemente.fpcei.eu\/wp-content\/uploads\/2026\/02\/descargar-61-150x150.jpg 150w\" sizes=\"auto, (max-width: 736px) 100vw, 736px\" \/><\/figure>\n<\/div>\n\n\n\n<div class=\"wp-block-column is-vertically-aligned-center is-layout-flow wp-container-core-column-is-layout-119bc444 wp-block-column-is-layout-flow\">\n<p>Las cocinas urbanas se caracterizan por su dise\u00f1o funcional, moderno y adaptado a espacios reducidos. Su distribuci\u00f3n optimiza cada cent\u00edmetro, combinando almacenamiento inteligente, superficies pr\u00e1cticas y electrodom\u00e9sticos integrados. Los materiales suelen ser modernos, como laminados, acero y vidrio, mientras que la iluminaci\u00f3n y los acabados aportan amplitud y dinamismo. Este estilo busca eficiencia y est\u00e9tica contempor\u00e1nea, convirtiendo la cocina en un espacio pr\u00e1ctico, vers\u00e1til y visualmente atractivo, ideal para la vida en la ciudad.<\/p>\n<\/div>\n<\/div>\n<\/div>\n\n\n\n<div class=\"wp-block-group alignfull has-global-padding is-layout-constrained wp-block-group-is-layout-constrained\" style=\"margin-top:0;margin-bottom:0;padding-top:var(--wp--preset--spacing--50);padding-bottom:var(--wp--preset--spacing--50)\">\n<div class=\"wp-block-group alignwide is-layout-grid wp-container-core-group-is-layout-840b37f5 wp-block-group-is-layout-grid\">\n<div class=\"wp-block-group is-vertical is-content-justification-center is-layout-flex wp-container-core-group-is-layout-fa38c63a wp-block-group-is-layout-flex\">\n<h2 class=\"wp-block-heading has-x-large-font-size\">Inspiraci\u00f3n<\/h2>\n<\/div>\n\n\n\n<div class=\"wp-block-group is-vertical is-content-justification-stretch is-layout-flex wp-container-core-group-is-layout-353c4f5a wp-block-group-is-layout-flex\">\n<div class=\"wp-block-cover\"><img loading=\"lazy\" decoding=\"async\" width=\"736\" height=\"747\" class=\"wp-block-cover__image-background wp-image-319 size-full\" alt=\"\" src=\"https:\/\/lolaclemente.fpcei.eu\/wp-content\/uploads\/2026\/02\/Diseno-minimalista-aesthetic.jpg\" data-object-fit=\"cover\" srcset=\"https:\/\/lolaclemente.fpcei.eu\/wp-content\/uploads\/2026\/02\/Diseno-minimalista-aesthetic.jpg 736w, https:\/\/lolaclemente.fpcei.eu\/wp-content\/uploads\/2026\/02\/Diseno-minimalista-aesthetic-296x300.jpg 296w\" sizes=\"auto, (max-width: 736px) 100vw, 736px\" \/><span aria-hidden=\"true\" class=\"wp-block-cover__background has-background-dim-0 has-background-dim\" style=\"background-color:#766c5a\"><\/span><div class=\"wp-block-cover__inner-container has-global-padding is-layout-constrained wp-block-cover-is-layout-constrained\">\n<div style=\"height:var(--wp--preset--spacing--20)\" aria-hidden=\"true\" class=\"wp-block-spacer\"><\/div>\n<\/div><\/div>\n<\/div>\n\n\n\n<div class=\"wp-block-group is-vertical is-content-justification-stretch is-layout-flex wp-container-core-group-is-layout-353c4f5a wp-block-group-is-layout-flex\">\n<div class=\"wp-block-cover\"><img loading=\"lazy\" decoding=\"async\" width=\"576\" height=\"1024\" class=\"wp-block-cover__image-background wp-image-320 size-large\" alt=\"\" src=\"https:\/\/lolaclemente.fpcei.eu\/wp-content\/uploads\/2026\/02\/Ideas-de-decoracion-de-cocina-industrial-con-encanto-rustico-1-576x1024.jpg\" data-object-fit=\"cover\" srcset=\"https:\/\/lolaclemente.fpcei.eu\/wp-content\/uploads\/2026\/02\/Ideas-de-decoracion-de-cocina-industrial-con-encanto-rustico-1-576x1024.jpg 576w, https:\/\/lolaclemente.fpcei.eu\/wp-content\/uploads\/2026\/02\/Ideas-de-decoracion-de-cocina-industrial-con-encanto-rustico-1-169x300.jpg 169w, https:\/\/lolaclemente.fpcei.eu\/wp-content\/uploads\/2026\/02\/Ideas-de-decoracion-de-cocina-industrial-con-encanto-rustico-1.jpg 720w\" sizes=\"auto, (max-width: 576px) 100vw, 576px\" \/><span aria-hidden=\"true\" class=\"wp-block-cover__background has-background-dim-0 has-background-dim\" style=\"background-color:#828282\"><\/span><div class=\"wp-block-cover__inner-container has-global-padding is-layout-constrained wp-block-cover-is-layout-constrained\">\n<div style=\"height:var(--wp--preset--spacing--20)\" aria-hidden=\"true\" class=\"wp-block-spacer\"><\/div>\n<\/div><\/div>\n<\/div>\n\n\n\n<div class=\"wp-block-group is-vertical is-content-justification-stretch is-layout-flex wp-container-core-group-is-layout-353c4f5a wp-block-group-is-layout-flex\">\n<div class=\"wp-block-cover\"><img loading=\"lazy\" decoding=\"async\" width=\"474\" height=\"840\" class=\"wp-block-cover__image-background wp-image-321 size-full\" alt=\"\" src=\"https:\/\/lolaclemente.fpcei.eu\/wp-content\/uploads\/2026\/02\/descargar-60.jpg\" data-object-fit=\"cover\" srcset=\"https:\/\/lolaclemente.fpcei.eu\/wp-content\/uploads\/2026\/02\/descargar-60.jpg 474w, https:\/\/lolaclemente.fpcei.eu\/wp-content\/uploads\/2026\/02\/descargar-60-169x300.jpg 169w\" sizes=\"auto, (max-width: 474px) 100vw, 474px\" \/><span aria-hidden=\"true\" class=\"wp-block-cover__background has-background-dim-0 has-background-dim\" style=\"background-color:#d6bc98\"><\/span><div class=\"wp-block-cover__inner-container has-global-padding is-layout-constrained wp-block-cover-is-layout-constrained\">\n<div style=\"height:var(--wp--preset--spacing--20)\" aria-hidden=\"true\" class=\"wp-block-spacer\"><\/div>\n<\/div><\/div>\n<\/div>\n<\/div>\n<\/div>\n\n\n\n<div class=\"wp-block-columns alignwide is-layout-flex wp-container-core-columns-is-layout-28f84493 wp-block-columns-is-layout-flex\">\n<div class=\"wp-block-column is-layout-flow wp-block-column-is-layout-flow\">\n<h2 class=\"wp-block-heading\">Paleta de color<\/h2>\n\n\n\n<p>La paleta de las cocinas urbanas suele ser neutra y moderna, con tonos como blanco, gris, negro y beige que aportan sensaci\u00f3n de amplitud y limpieza. A menudo se combinan con acentos met\u00e1licos o colores intensos como el amarillo en peque\u00f1os detalles, como electrodom\u00e9sticos, azulejos o accesorios, para dar dinamismo y un toque contempor\u00e1neo sin saturar el espacio.<\/p>\n<\/div>\n\n\n\n<div class=\"wp-block-column is-layout-flow wp-block-column-is-layout-flow\">\n<div class=\"wp-block-columns is-layout-flex wp-container-core-columns-is-layout-28f84493 wp-block-columns-is-layout-flex\">\n<div class=\"wp-block-column is-layout-flow wp-block-column-is-layout-flow\">\n<figure class=\"wp-block-image aligncenter size-full\"><img loading=\"lazy\" decoding=\"async\" width=\"450\" height=\"450\" src=\"https:\/\/lolaclemente.fpcei.eu\/wp-content\/uploads\/2026\/02\/descargar-19-2.jpg\" alt=\"\" class=\"wp-image-322\" srcset=\"https:\/\/lolaclemente.fpcei.eu\/wp-content\/uploads\/2026\/02\/descargar-19-2.jpg 450w, https:\/\/lolaclemente.fpcei.eu\/wp-content\/uploads\/2026\/02\/descargar-19-2-300x300.jpg 300w, https:\/\/lolaclemente.fpcei.eu\/wp-content\/uploads\/2026\/02\/descargar-19-2-150x150.jpg 150w\" sizes=\"auto, (max-width: 450px) 100vw, 450px\" \/><\/figure>\n<\/div>\n\n\n\n<div class=\"wp-block-column is-layout-flow wp-block-column-is-layout-flow\">\n<figure class=\"wp-block-image size-full\"><img loading=\"lazy\" decoding=\"async\" width=\"570\" height=\"570\" src=\"https:\/\/lolaclemente.fpcei.eu\/wp-content\/uploads\/2026\/02\/Uni-PURE-Latte-Tissu-en-coton-unie-beige-brun-clair-creme-Tissus-pour-galerie-dart-Tissu-en-2.jpg\" alt=\"\" class=\"wp-image-280\" srcset=\"https:\/\/lolaclemente.fpcei.eu\/wp-content\/uploads\/2026\/02\/Uni-PURE-Latte-Tissu-en-coton-unie-beige-brun-clair-creme-Tissus-pour-galerie-dart-Tissu-en-2.jpg 570w, https:\/\/lolaclemente.fpcei.eu\/wp-content\/uploads\/2026\/02\/Uni-PURE-Latte-Tissu-en-coton-unie-beige-brun-clair-creme-Tissus-pour-galerie-dart-Tissu-en-2-300x300.jpg 300w, https:\/\/lolaclemente.fpcei.eu\/wp-content\/uploads\/2026\/02\/Uni-PURE-Latte-Tissu-en-coton-unie-beige-brun-clair-creme-Tissus-pour-galerie-dart-Tissu-en-2-150x150.jpg 150w\" sizes=\"auto, (max-width: 570px) 100vw, 570px\" \/><\/figure>\n<\/div>\n\n\n\n<div class=\"wp-block-column is-layout-flow wp-block-column-is-layout-flow\">\n<figure class=\"wp-block-image size-full\"><img loading=\"lazy\" decoding=\"async\" width=\"736\" height=\"736\" src=\"https:\/\/lolaclemente.fpcei.eu\/wp-content\/uploads\/2026\/02\/The-Best-Wall-Color-for-Gray-Floors-_-At-Lane-and-High-2.jpg\" alt=\"\" class=\"wp-image-323\" srcset=\"https:\/\/lolaclemente.fpcei.eu\/wp-content\/uploads\/2026\/02\/The-Best-Wall-Color-for-Gray-Floors-_-At-Lane-and-High-2.jpg 736w, https:\/\/lolaclemente.fpcei.eu\/wp-content\/uploads\/2026\/02\/The-Best-Wall-Color-for-Gray-Floors-_-At-Lane-and-High-2-300x300.jpg 300w, https:\/\/lolaclemente.fpcei.eu\/wp-content\/uploads\/2026\/02\/The-Best-Wall-Color-for-Gray-Floors-_-At-Lane-and-High-2-150x150.jpg 150w\" sizes=\"auto, (max-width: 736px) 100vw, 736px\" \/><\/figure>\n<\/div>\n<\/div>\n<\/div>\n<\/div>\n\n\n\n<p><\/p>\n","protected":false},"excerpt":{"rendered":"<p>Las cocinas urbanas se caracterizan por su dise\u00f1o funcional, moderno y adaptado a espacios reducidos. Su distribuci\u00f3n optimiza cada cent\u00edmetro, combinando almacenamiento inteligente, superficies pr\u00e1cticas y electrodom\u00e9sticos integrados. Los materiales suelen ser modernos, como laminados, acero y vidrio, mientras que la iluminaci\u00f3n y los acabados aportan amplitud y dinamismo. Este estilo busca eficiencia y est\u00e9tica [&hellip;]<\/p>\n","protected":false},"author":2,"featured_media":0,"parent":0,"menu_order":0,"comment_status":"closed","ping_status":"closed","template":"","meta":{"footnotes":""},"class_list":["post-317","page","type-page","status-publish","hentry"],"_links":{"self":[{"href":"https:\/\/lolaclemente.fpcei.eu\/index.php?rest_route=\/wp\/v2\/pages\/317","targetHints":{"allow":["GET"]}}],"collection":[{"href":"https:\/\/lolaclemente.fpcei.eu\/index.php?rest_route=\/wp\/v2\/pages"}],"about":[{"href":"https:\/\/lolaclemente.fpcei.eu\/index.php?rest_route=\/wp\/v2\/types\/page"}],"author":[{"embeddable":true,"href":"https:\/\/lolaclemente.fpcei.eu\/index.php?rest_route=\/wp\/v2\/users\/2"}],"replies":[{"embeddable":true,"href":"https:\/\/lolaclemente.fpcei.eu\/index.php?rest_route=%2Fwp%2Fv2%2Fcomments&post=317"}],"version-history":[{"count":2,"href":"https:\/\/lolaclemente.fpcei.eu\/index.php?rest_route=\/wp\/v2\/pages\/317\/revisions"}],"predecessor-version":[{"id":327,"href":"https:\/\/lolaclemente.fpcei.eu\/index.php?rest_route=\/wp\/v2\/pages\/317\/revisions\/327"}],"wp:attachment":[{"href":"https:\/\/lolaclemente.fpcei.eu\/index.php?rest_route=%2Fwp%2Fv2%2Fmedia&parent=317"}],"curies":[{"name":"wp","href":"https:\/\/api.w.org\/{rel}","templated":true}]}}