{"id":387,"date":"2026-02-05T23:53:08","date_gmt":"2026-02-05T23:53:08","guid":{"rendered":"https:\/\/lolaclemente.fpcei.eu\/?page_id=387"},"modified":"2026-02-07T23:43:04","modified_gmt":"2026-02-07T23:43:04","slug":"habitaciones-rurales","status":"publish","type":"page","link":"https:\/\/lolaclemente.fpcei.eu\/?page_id=387","title":{"rendered":"HABITACIONES RUSTICAS"},"content":{"rendered":"\n<div class=\"wp-block-cover alignfull has-custom-content-position is-position-bottom-center\" style=\"margin-top:0;margin-bottom:0;padding-top:var(--wp--preset--spacing--50);padding-right:var(--wp--preset--spacing--50);padding-bottom:var(--wp--preset--spacing--50);padding-left:var(--wp--preset--spacing--50);min-height:840px;aspect-ratio:unset;\"><img loading=\"lazy\" decoding=\"async\" width=\"720\" height=\"1220\" class=\"wp-block-cover__image-background wp-image-388 size-full\" alt=\"\" src=\"https:\/\/lolaclemente.fpcei.eu\/wp-content\/uploads\/2026\/02\/40-Gorgeous-Hacienda-Bedroom-Ideas-That-Feel-Like-a-Spanish-Retreat-2026-_-FarmFoodFamily.jpg\" data-object-fit=\"cover\" srcset=\"https:\/\/lolaclemente.fpcei.eu\/wp-content\/uploads\/2026\/02\/40-Gorgeous-Hacienda-Bedroom-Ideas-That-Feel-Like-a-Spanish-Retreat-2026-_-FarmFoodFamily.jpg 720w, https:\/\/lolaclemente.fpcei.eu\/wp-content\/uploads\/2026\/02\/40-Gorgeous-Hacienda-Bedroom-Ideas-That-Feel-Like-a-Spanish-Retreat-2026-_-FarmFoodFamily-177x300.jpg 177w, https:\/\/lolaclemente.fpcei.eu\/wp-content\/uploads\/2026\/02\/40-Gorgeous-Hacienda-Bedroom-Ideas-That-Feel-Like-a-Spanish-Retreat-2026-_-FarmFoodFamily-604x1024.jpg 604w\" sizes=\"auto, (max-width: 720px) 100vw, 720px\" \/><span aria-hidden=\"true\" class=\"wp-block-cover__background has-background-dim-10 has-background-dim\" style=\"background-color:#907762\"><\/span><div class=\"wp-block-cover__inner-container has-global-padding is-layout-constrained wp-container-core-cover-is-layout-d89aad35 wp-block-cover-is-layout-constrained\">\n<div class=\"wp-block-group alignwide has-global-padding is-content-justification-left is-layout-constrained wp-container-core-group-is-layout-12dd3699 wp-block-group-is-layout-constrained\">\n<p><\/p>\n\n\n\n<p class=\"is-style-text-subtitle is-style-text-subtitle--1\"><strong>Las habitaciones r\u00fasticas transmiten calidez, naturalidad y sensaci\u00f3n de refugio. Se inspiran en entornos rurales y en la conexi\u00f3n con la naturaleza, creando espacios acogedores y llenos de car\u00e1cter. Los ambientes son relajados y funcionales, con una est\u00e9tica sencilla que prioriza el confort y la autenticidad. Este estilo invita al descanso y a la tranquilidad, ofreciendo una atm\u00f3sfera c\u00e1lida y hogare\u00f1a donde se valora lo tradicional y lo natural.<\/strong><\/p>\n<\/div>\n<\/div><\/div>\n\n\n\n<div class=\"wp-block-group alignfull is-style-section-5 has-global-padding is-layout-constrained wp-block-group-is-layout-constrained is-style-section-5--2\" style=\"margin-top:0;margin-bottom:0;padding-top:var(--wp--preset--spacing--50);padding-bottom:var(--wp--preset--spacing--50)\">\n<div class=\"wp-block-columns alignwide is-layout-flex wp-container-core-columns-is-layout-7ee84d44 wp-block-columns-is-layout-flex\">\n<div class=\"wp-block-column is-vertically-aligned-center is-layout-flow wp-block-column-is-layout-flow\" style=\"flex-basis:50%\">\n<h2 class=\"wp-block-heading\">MUEBLES<\/h2>\n\n\n\n<p class=\"has-medium-font-size\">Los muebles de las habitaciones r\u00fasticas destacan por su robustez, materiales naturales y acabado artesanal. Predominan piezas de madera maciza, con texturas visibles y detalles sencillos que reflejan autenticidad. Camas grandes y s\u00f3lidas, armarios espaciosos, mesillas y bancos complementan el espacio, creando un ambiente acogedor y c\u00e1lido que refuerza la sensaci\u00f3n de hogar y conexi\u00f3n con la naturaleza.<br><br><\/p>\n<\/div>\n\n\n\n<div class=\"wp-block-column is-vertically-aligned-center is-layout-flow wp-block-column-is-layout-flow\" style=\"flex-basis:50%\">\n<figure class=\"wp-block-image size-full\"><img loading=\"lazy\" decoding=\"async\" width=\"736\" height=\"1104\" src=\"https:\/\/lolaclemente.fpcei.eu\/wp-content\/uploads\/2026\/02\/descargar-72.jpg\" alt=\"\" class=\"wp-image-389\" style=\"aspect-ratio:1;object-fit:cover\" srcset=\"https:\/\/lolaclemente.fpcei.eu\/wp-content\/uploads\/2026\/02\/descargar-72.jpg 736w, https:\/\/lolaclemente.fpcei.eu\/wp-content\/uploads\/2026\/02\/descargar-72-200x300.jpg 200w, https:\/\/lolaclemente.fpcei.eu\/wp-content\/uploads\/2026\/02\/descargar-72-683x1024.jpg 683w\" sizes=\"auto, (max-width: 736px) 100vw, 736px\" \/><\/figure>\n<\/div>\n<\/div>\n<\/div>\n\n\n\n<div class=\"wp-block-columns alignwide is-layout-flex wp-container-core-columns-is-layout-28f84493 wp-block-columns-is-layout-flex\">\n<div class=\"wp-block-column is-layout-flow wp-block-column-is-layout-flow\">\n<div class=\"wp-block-group is-vertical is-content-justification-left is-layout-flex wp-container-core-group-is-layout-dd225191 wp-block-group-is-layout-flex\">\n<h2 class=\"wp-block-heading is-style-text-annotation is-style-text-annotation--3\">PALETA DE COLOR<\/h2>\n\n\n\n<p class=\"is-style-text-subtitle is-style-text-subtitle--4\">La paleta de colores de las habitaciones r\u00fasticas se inspira en la naturaleza y transmite calidez y confort. Predominan tonos tierra como marr\u00f3n, beige, terracota y verde oliva, combinados con matices madera natural y crema. Esta gama crom\u00e1tica crea un ambiente acogedor, armonioso y relajante, reforzando la sensaci\u00f3n de refugio y autenticidad propia del estilo r\u00fastico.<\/p>\n\n\n\n<div class=\"wp-block-columns is-layout-flex wp-container-core-columns-is-layout-28f84493 wp-block-columns-is-layout-flex\">\n<div class=\"wp-block-column is-layout-flow wp-block-column-is-layout-flow\">\n<figure class=\"wp-block-gallery has-nested-images columns-default is-cropped wp-block-gallery-5 is-layout-flex wp-block-gallery-is-layout-flex\">\n<figure class=\"wp-block-image size-large\"><img loading=\"lazy\" decoding=\"async\" width=\"420\" height=\"385\" data-id=\"111\" src=\"https:\/\/lolaclemente.fpcei.eu\/wp-content\/uploads\/2026\/02\/Colour-of-the-moment-Terracotta.jpg\" alt=\"\" class=\"wp-image-111\" srcset=\"https:\/\/lolaclemente.fpcei.eu\/wp-content\/uploads\/2026\/02\/Colour-of-the-moment-Terracotta.jpg 420w, https:\/\/lolaclemente.fpcei.eu\/wp-content\/uploads\/2026\/02\/Colour-of-the-moment-Terracotta-300x275.jpg 300w\" sizes=\"auto, (max-width: 420px) 100vw, 420px\" \/><\/figure>\n<\/figure>\n<\/div>\n\n\n\n<div class=\"wp-block-column is-layout-flow wp-block-column-is-layout-flow\">\n<figure class=\"wp-block-gallery has-nested-images columns-default is-cropped wp-block-gallery-6 is-layout-flex wp-block-gallery-is-layout-flex\">\n<figure class=\"wp-block-image size-large\"><img loading=\"lazy\" decoding=\"async\" width=\"736\" height=\"736\" data-id=\"281\" src=\"https:\/\/lolaclemente.fpcei.eu\/wp-content\/uploads\/2026\/02\/verde-apagado-faded-green-1.jpg\" alt=\"\" class=\"wp-image-281\" srcset=\"https:\/\/lolaclemente.fpcei.eu\/wp-content\/uploads\/2026\/02\/verde-apagado-faded-green-1.jpg 736w, https:\/\/lolaclemente.fpcei.eu\/wp-content\/uploads\/2026\/02\/verde-apagado-faded-green-1-300x300.jpg 300w, https:\/\/lolaclemente.fpcei.eu\/wp-content\/uploads\/2026\/02\/verde-apagado-faded-green-1-150x150.jpg 150w\" sizes=\"auto, (max-width: 736px) 100vw, 736px\" \/><\/figure>\n<\/figure>\n<\/div>\n\n\n\n<div class=\"wp-block-column is-layout-flow wp-block-column-is-layout-flow\">\n<figure class=\"wp-block-image size-large\"><img loading=\"lazy\" decoding=\"async\" width=\"570\" height=\"570\" src=\"https:\/\/lolaclemente.fpcei.eu\/wp-content\/uploads\/2026\/02\/Uni-PURE-Latte-Tissu-en-coton-unie-beige-brun-clair-creme-Tissus-pour-galerie-dart-Tissu-en-2.jpg\" alt=\"\" class=\"wp-image-280\" srcset=\"https:\/\/lolaclemente.fpcei.eu\/wp-content\/uploads\/2026\/02\/Uni-PURE-Latte-Tissu-en-coton-unie-beige-brun-clair-creme-Tissus-pour-galerie-dart-Tissu-en-2.jpg 570w, https:\/\/lolaclemente.fpcei.eu\/wp-content\/uploads\/2026\/02\/Uni-PURE-Latte-Tissu-en-coton-unie-beige-brun-clair-creme-Tissus-pour-galerie-dart-Tissu-en-2-300x300.jpg 300w, https:\/\/lolaclemente.fpcei.eu\/wp-content\/uploads\/2026\/02\/Uni-PURE-Latte-Tissu-en-coton-unie-beige-brun-clair-creme-Tissus-pour-galerie-dart-Tissu-en-2-150x150.jpg 150w\" sizes=\"auto, (max-width: 570px) 100vw, 570px\" \/><\/figure>\n<\/div>\n<\/div>\n<\/div>\n\n\n\n<figure class=\"wp-block-image size-full\"><img loading=\"lazy\" decoding=\"async\" width=\"736\" height=\"1104\" src=\"https:\/\/lolaclemente.fpcei.eu\/wp-content\/uploads\/2026\/02\/descargar-71.jpg\" alt=\"\" class=\"wp-image-390\" style=\"aspect-ratio:16\/9;object-fit:cover\" srcset=\"https:\/\/lolaclemente.fpcei.eu\/wp-content\/uploads\/2026\/02\/descargar-71.jpg 736w, https:\/\/lolaclemente.fpcei.eu\/wp-content\/uploads\/2026\/02\/descargar-71-200x300.jpg 200w, https:\/\/lolaclemente.fpcei.eu\/wp-content\/uploads\/2026\/02\/descargar-71-683x1024.jpg 683w\" sizes=\"auto, (max-width: 736px) 100vw, 736px\" \/><\/figure>\n<\/div>\n\n\n\n<div class=\"wp-block-column is-layout-flow wp-block-column-is-layout-flow\">\n<figure class=\"wp-block-image aligncenter size-full is-resized wp-container-content-69bc4bdf\"><img loading=\"lazy\" decoding=\"async\" width=\"736\" height=\"1308\" src=\"https:\/\/lolaclemente.fpcei.eu\/wp-content\/uploads\/2026\/02\/29-Cottagecore-Aesthetic-Bedroom-Ideas-That-Feel-Like-a-Fairytale.jpg\" alt=\"\" class=\"wp-image-391\" style=\"aspect-ratio:0.75;object-fit:cover;width:556px;height:auto\" srcset=\"https:\/\/lolaclemente.fpcei.eu\/wp-content\/uploads\/2026\/02\/29-Cottagecore-Aesthetic-Bedroom-Ideas-That-Feel-Like-a-Fairytale.jpg 736w, https:\/\/lolaclemente.fpcei.eu\/wp-content\/uploads\/2026\/02\/29-Cottagecore-Aesthetic-Bedroom-Ideas-That-Feel-Like-a-Fairytale-169x300.jpg 169w, https:\/\/lolaclemente.fpcei.eu\/wp-content\/uploads\/2026\/02\/29-Cottagecore-Aesthetic-Bedroom-Ideas-That-Feel-Like-a-Fairytale-576x1024.jpg 576w\" sizes=\"auto, (max-width: 736px) 100vw, 736px\" \/><\/figure>\n<\/div>\n<\/div>\n","protected":false},"excerpt":{"rendered":"<p>MUEBLES Los muebles de las habitaciones r\u00fasticas destacan por su robustez, materiales naturales y acabado artesanal. Predominan piezas de madera maciza, con texturas visibles y detalles sencillos que reflejan autenticidad. Camas grandes y s\u00f3lidas, armarios espaciosos, mesillas y bancos complementan el espacio, creando un ambiente acogedor y c\u00e1lido que refuerza la sensaci\u00f3n de hogar y [&hellip;]<\/p>\n","protected":false},"author":2,"featured_media":0,"parent":0,"menu_order":0,"comment_status":"closed","ping_status":"closed","template":"","meta":{"footnotes":""},"class_list":["post-387","page","type-page","status-publish","hentry"],"_links":{"self":[{"href":"https:\/\/lolaclemente.fpcei.eu\/index.php?rest_route=\/wp\/v2\/pages\/387","targetHints":{"allow":["GET"]}}],"collection":[{"href":"https:\/\/lolaclemente.fpcei.eu\/index.php?rest_route=\/wp\/v2\/pages"}],"about":[{"href":"https:\/\/lolaclemente.fpcei.eu\/index.php?rest_route=\/wp\/v2\/types\/page"}],"author":[{"embeddable":true,"href":"https:\/\/lolaclemente.fpcei.eu\/index.php?rest_route=\/wp\/v2\/users\/2"}],"replies":[{"embeddable":true,"href":"https:\/\/lolaclemente.fpcei.eu\/index.php?rest_route=%2Fwp%2Fv2%2Fcomments&post=387"}],"version-history":[{"count":4,"href":"https:\/\/lolaclemente.fpcei.eu\/index.php?rest_route=\/wp\/v2\/pages\/387\/revisions"}],"predecessor-version":[{"id":473,"href":"https:\/\/lolaclemente.fpcei.eu\/index.php?rest_route=\/wp\/v2\/pages\/387\/revisions\/473"}],"wp:attachment":[{"href":"https:\/\/lolaclemente.fpcei.eu\/index.php?rest_route=%2Fwp%2Fv2%2Fmedia&parent=387"}],"curies":[{"name":"wp","href":"https:\/\/api.w.org\/{rel}","templated":true}]}}