{"id":394,"date":"2026-02-05T23:56:23","date_gmt":"2026-02-05T23:56:23","guid":{"rendered":"https:\/\/lolaclemente.fpcei.eu\/?page_id=394"},"modified":"2026-02-07T23:35:35","modified_gmt":"2026-02-07T23:35:35","slug":"394-2","status":"publish","type":"page","link":"https:\/\/lolaclemente.fpcei.eu\/?page_id=394","title":{"rendered":"HABITACIONES MODERNAS"},"content":{"rendered":"\n<div class=\"wp-block-cover alignfull has-custom-content-position is-position-bottom-center\" style=\"margin-top:0;margin-bottom:0;padding-top:var(--wp--preset--spacing--50);padding-right:var(--wp--preset--spacing--50);padding-bottom:var(--wp--preset--spacing--50);padding-left:var(--wp--preset--spacing--50);min-height:840px;aspect-ratio:unset;\"><img loading=\"lazy\" decoding=\"async\" width=\"736\" height=\"731\" class=\"wp-block-cover__image-background wp-image-395 size-full\" alt=\"\" src=\"https:\/\/lolaclemente.fpcei.eu\/wp-content\/uploads\/2026\/02\/Jouge-@jougestudio-\u2022-Fotos-y-videos-de-Instagram.jpg\" data-object-fit=\"cover\" srcset=\"https:\/\/lolaclemente.fpcei.eu\/wp-content\/uploads\/2026\/02\/Jouge-@jougestudio-\u2022-Fotos-y-videos-de-Instagram.jpg 736w, https:\/\/lolaclemente.fpcei.eu\/wp-content\/uploads\/2026\/02\/Jouge-@jougestudio-\u2022-Fotos-y-videos-de-Instagram-300x298.jpg 300w, https:\/\/lolaclemente.fpcei.eu\/wp-content\/uploads\/2026\/02\/Jouge-@jougestudio-\u2022-Fotos-y-videos-de-Instagram-150x150.jpg 150w\" sizes=\"auto, (max-width: 736px) 100vw, 736px\" \/><span aria-hidden=\"true\" class=\"wp-block-cover__background has-background-dim-10 has-background-dim\" style=\"background-color:#585047\"><\/span><div class=\"wp-block-cover__inner-container has-global-padding is-layout-constrained wp-container-core-cover-is-layout-d89aad35 wp-block-cover-is-layout-constrained\">\n<div class=\"wp-block-group alignwide has-global-padding is-content-justification-left is-layout-constrained wp-container-core-group-is-layout-12dd3699 wp-block-group-is-layout-constrained\">\n<p><\/p>\n\n\n\n<p>Las habitaciones modernas se caracterizan por l\u00edneas limpias, materiales contempor\u00e1neos y una decoraci\u00f3n funcional. Buscan equilibrio entre confort y estilo, creando espacios ordenados, luminosos y adaptables a distintos gustos.<br><\/p>\n<\/div>\n<\/div><\/div>\n\n\n\n<div class=\"wp-block-group alignfull is-style-section-5 has-global-padding is-layout-constrained wp-block-group-is-layout-constrained is-style-section-5--1\" style=\"margin-top:0;margin-bottom:0;padding-top:var(--wp--preset--spacing--50);padding-bottom:var(--wp--preset--spacing--50)\">\n<div class=\"wp-block-columns alignwide is-layout-flex wp-container-core-columns-is-layout-7ee84d44 wp-block-columns-is-layout-flex\">\n<div class=\"wp-block-column is-vertically-aligned-center is-layout-flow wp-block-column-is-layout-flow\" style=\"flex-basis:50%\">\n<h2 class=\"wp-block-heading\">MUEBLES<\/h2>\n\n\n\n<p class=\"has-medium-font-size\">Los muebles de las habitaciones modernas se caracterizan por su dise\u00f1o funcional y est\u00e9tico. Predominan piezas de l\u00edneas rectas y formas sencillas, pensadas para optimizar el espacio y aportar comodidad. Camas de dise\u00f1o limpio, armarios integrados y mesillas pr\u00e1cticas crean un ambiente ordenado y contempor\u00e1neo. Los materiales suelen ser actuales, como madera lisa, metal o acabados lacados, logrando un equilibrio entre estilo, confort y practicidad.<\/p>\n<\/div>\n\n\n\n<div class=\"wp-block-column is-vertically-aligned-center is-layout-flow wp-block-column-is-layout-flow\" style=\"flex-basis:50%\">\n<figure class=\"wp-block-image size-full\"><img loading=\"lazy\" decoding=\"async\" width=\"736\" height=\"1104\" src=\"https:\/\/lolaclemente.fpcei.eu\/wp-content\/uploads\/2026\/02\/Decoration-Chambre-_-Creez-un-Sanctuaire-de-Bien-Etre-chez-Vous-1-1.jpg\" alt=\"\" class=\"wp-image-396\" style=\"aspect-ratio:1;object-fit:cover\" srcset=\"https:\/\/lolaclemente.fpcei.eu\/wp-content\/uploads\/2026\/02\/Decoration-Chambre-_-Creez-un-Sanctuaire-de-Bien-Etre-chez-Vous-1-1.jpg 736w, https:\/\/lolaclemente.fpcei.eu\/wp-content\/uploads\/2026\/02\/Decoration-Chambre-_-Creez-un-Sanctuaire-de-Bien-Etre-chez-Vous-1-1-200x300.jpg 200w, https:\/\/lolaclemente.fpcei.eu\/wp-content\/uploads\/2026\/02\/Decoration-Chambre-_-Creez-un-Sanctuaire-de-Bien-Etre-chez-Vous-1-1-683x1024.jpg 683w\" sizes=\"auto, (max-width: 736px) 100vw, 736px\" \/><\/figure>\n<\/div>\n<\/div>\n<\/div>\n\n\n\n<div class=\"wp-block-columns alignwide is-layout-flex wp-container-core-columns-is-layout-28f84493 wp-block-columns-is-layout-flex\">\n<div class=\"wp-block-column is-layout-flow wp-block-column-is-layout-flow\">\n<div class=\"wp-block-group is-vertical is-content-justification-left is-layout-flex wp-container-core-group-is-layout-dd225191 wp-block-group-is-layout-flex\">\n<h2 class=\"wp-block-heading is-style-text-annotation is-style-text-annotation--2\">PALETA DE COLOR<\/h2>\n\n\n\n<p class=\"is-style-text-subtitle is-style-text-subtitle--3\">La paleta de colores de las habitaciones modernas se basa en tonos neutros y equilibrados que aportan luminosidad y serenidad. Predominan blancos, grises, beige y tonos suaves, combinados con acentos m\u00e1s intensos para dar personalidad al espacio. Esta mezcla crea ambientes actuales, elegantes y f\u00e1ciles de adaptar a distintos estilos.<\/p>\n\n\n\n<div class=\"wp-block-columns is-layout-flex wp-container-core-columns-is-layout-28f84493 wp-block-columns-is-layout-flex\">\n<div class=\"wp-block-column is-layout-flow wp-block-column-is-layout-flow\">\n<figure class=\"wp-block-image size-full\"><img loading=\"lazy\" decoding=\"async\" width=\"736\" height=\"736\" src=\"http:\/\/lolaclemente.fpcei.eu\/wp-content\/uploads\/2026\/02\/The-Best-Wall-Color-for-Gray-Floors-_-At-Lane-and-High-2.jpg\" alt=\"\" class=\"wp-image-323\" srcset=\"https:\/\/lolaclemente.fpcei.eu\/wp-content\/uploads\/2026\/02\/The-Best-Wall-Color-for-Gray-Floors-_-At-Lane-and-High-2.jpg 736w, https:\/\/lolaclemente.fpcei.eu\/wp-content\/uploads\/2026\/02\/The-Best-Wall-Color-for-Gray-Floors-_-At-Lane-and-High-2-300x300.jpg 300w, https:\/\/lolaclemente.fpcei.eu\/wp-content\/uploads\/2026\/02\/The-Best-Wall-Color-for-Gray-Floors-_-At-Lane-and-High-2-150x150.jpg 150w\" sizes=\"auto, (max-width: 736px) 100vw, 736px\" \/><\/figure>\n<\/div>\n\n\n\n<div class=\"wp-block-column is-layout-flow wp-block-column-is-layout-flow\">\n<figure class=\"wp-block-image size-full\"><img loading=\"lazy\" decoding=\"async\" width=\"300\" height=\"300\" src=\"http:\/\/lolaclemente.fpcei.eu\/wp-content\/uploads\/2026\/02\/descargar-21-3.jpg\" alt=\"\" class=\"wp-image-279\" srcset=\"https:\/\/lolaclemente.fpcei.eu\/wp-content\/uploads\/2026\/02\/descargar-21-3.jpg 300w, https:\/\/lolaclemente.fpcei.eu\/wp-content\/uploads\/2026\/02\/descargar-21-3-150x150.jpg 150w\" sizes=\"auto, (max-width: 300px) 100vw, 300px\" \/><\/figure>\n<\/div>\n\n\n\n<div class=\"wp-block-column is-layout-flow wp-block-column-is-layout-flow\">\n<figure class=\"wp-block-image size-full\"><img loading=\"lazy\" decoding=\"async\" width=\"570\" height=\"570\" src=\"http:\/\/lolaclemente.fpcei.eu\/wp-content\/uploads\/2026\/02\/Uni-PURE-Latte-Tissu-en-coton-unie-beige-brun-clair-creme-Tissus-pour-galerie-dart-Tissu-en-1.jpg\" alt=\"\" class=\"wp-image-248\" srcset=\"https:\/\/lolaclemente.fpcei.eu\/wp-content\/uploads\/2026\/02\/Uni-PURE-Latte-Tissu-en-coton-unie-beige-brun-clair-creme-Tissus-pour-galerie-dart-Tissu-en-1.jpg 570w, https:\/\/lolaclemente.fpcei.eu\/wp-content\/uploads\/2026\/02\/Uni-PURE-Latte-Tissu-en-coton-unie-beige-brun-clair-creme-Tissus-pour-galerie-dart-Tissu-en-1-300x300.jpg 300w, https:\/\/lolaclemente.fpcei.eu\/wp-content\/uploads\/2026\/02\/Uni-PURE-Latte-Tissu-en-coton-unie-beige-brun-clair-creme-Tissus-pour-galerie-dart-Tissu-en-1-150x150.jpg 150w\" sizes=\"auto, (max-width: 570px) 100vw, 570px\" \/><\/figure>\n<\/div>\n<\/div>\n<\/div>\n\n\n\n<figure class=\"wp-block-image size-full\"><img loading=\"lazy\" decoding=\"async\" width=\"736\" height=\"1104\" src=\"https:\/\/lolaclemente.fpcei.eu\/wp-content\/uploads\/2026\/02\/Master-Bedrooms-Decor-Modern-Storage.jpg\" alt=\"\" class=\"wp-image-397\" style=\"aspect-ratio:16\/9;object-fit:cover\" srcset=\"https:\/\/lolaclemente.fpcei.eu\/wp-content\/uploads\/2026\/02\/Master-Bedrooms-Decor-Modern-Storage.jpg 736w, https:\/\/lolaclemente.fpcei.eu\/wp-content\/uploads\/2026\/02\/Master-Bedrooms-Decor-Modern-Storage-200x300.jpg 200w, https:\/\/lolaclemente.fpcei.eu\/wp-content\/uploads\/2026\/02\/Master-Bedrooms-Decor-Modern-Storage-683x1024.jpg 683w\" sizes=\"auto, (max-width: 736px) 100vw, 736px\" \/><\/figure>\n<\/div>\n\n\n\n<div class=\"wp-block-column is-layout-flow wp-block-column-is-layout-flow\">\n<figure class=\"wp-block-image aligncenter size-full wp-container-content-69bc4bdf\"><img loading=\"lazy\" decoding=\"async\" width=\"564\" height=\"1006\" src=\"https:\/\/lolaclemente.fpcei.eu\/wp-content\/uploads\/2026\/02\/descargar-75.jpg\" alt=\"\" class=\"wp-image-399\" style=\"aspect-ratio:3\/4;object-fit:cover\" srcset=\"https:\/\/lolaclemente.fpcei.eu\/wp-content\/uploads\/2026\/02\/descargar-75.jpg 564w, https:\/\/lolaclemente.fpcei.eu\/wp-content\/uploads\/2026\/02\/descargar-75-168x300.jpg 168w\" sizes=\"auto, (max-width: 564px) 100vw, 564px\" \/><\/figure>\n<\/div>\n<\/div>\n","protected":false},"excerpt":{"rendered":"<p>MUEBLES Los muebles de las habitaciones modernas se caracterizan por su dise\u00f1o funcional y est\u00e9tico. Predominan piezas de l\u00edneas rectas y formas sencillas, pensadas para optimizar el espacio y aportar comodidad. Camas de dise\u00f1o limpio, armarios integrados y mesillas pr\u00e1cticas crean un ambiente ordenado y contempor\u00e1neo. Los materiales suelen ser actuales, como madera lisa, metal [&hellip;]<\/p>\n","protected":false},"author":2,"featured_media":0,"parent":0,"menu_order":0,"comment_status":"closed","ping_status":"closed","template":"","meta":{"footnotes":""},"class_list":["post-394","page","type-page","status-publish","hentry"],"_links":{"self":[{"href":"https:\/\/lolaclemente.fpcei.eu\/index.php?rest_route=\/wp\/v2\/pages\/394","targetHints":{"allow":["GET"]}}],"collection":[{"href":"https:\/\/lolaclemente.fpcei.eu\/index.php?rest_route=\/wp\/v2\/pages"}],"about":[{"href":"https:\/\/lolaclemente.fpcei.eu\/index.php?rest_route=\/wp\/v2\/types\/page"}],"author":[{"embeddable":true,"href":"https:\/\/lolaclemente.fpcei.eu\/index.php?rest_route=\/wp\/v2\/users\/2"}],"replies":[{"embeddable":true,"href":"https:\/\/lolaclemente.fpcei.eu\/index.php?rest_route=%2Fwp%2Fv2%2Fcomments&post=394"}],"version-history":[{"count":4,"href":"https:\/\/lolaclemente.fpcei.eu\/index.php?rest_route=\/wp\/v2\/pages\/394\/revisions"}],"predecessor-version":[{"id":471,"href":"https:\/\/lolaclemente.fpcei.eu\/index.php?rest_route=\/wp\/v2\/pages\/394\/revisions\/471"}],"wp:attachment":[{"href":"https:\/\/lolaclemente.fpcei.eu\/index.php?rest_route=%2Fwp%2Fv2%2Fmedia&parent=394"}],"curies":[{"name":"wp","href":"https:\/\/api.w.org\/{rel}","templated":true}]}}