{"id":402,"date":"2026-02-05T23:58:47","date_gmt":"2026-02-05T23:58:47","guid":{"rendered":"https:\/\/lolaclemente.fpcei.eu\/?page_id=402"},"modified":"2026-02-08T00:16:23","modified_gmt":"2026-02-08T00:16:23","slug":"habitaciones-urbanas","status":"publish","type":"page","link":"https:\/\/lolaclemente.fpcei.eu\/?page_id=402","title":{"rendered":"HABITACIONES URBANAS"},"content":{"rendered":"\n<div class=\"wp-block-cover alignfull is-light has-custom-content-position is-position-bottom-center\" style=\"margin-top:0;margin-bottom:0;padding-top:var(--wp--preset--spacing--50);padding-right:var(--wp--preset--spacing--50);padding-bottom:var(--wp--preset--spacing--50);padding-left:var(--wp--preset--spacing--50);min-height:840px;aspect-ratio:unset;\"><img loading=\"lazy\" decoding=\"async\" width=\"736\" height=\"1104\" class=\"wp-block-cover__image-background wp-image-405 size-full\" alt=\"\" src=\"https:\/\/lolaclemente.fpcei.eu\/wp-content\/uploads\/2026\/02\/Edgy-Urban-Industrial-Bedroom.jpg\" data-object-fit=\"cover\" srcset=\"https:\/\/lolaclemente.fpcei.eu\/wp-content\/uploads\/2026\/02\/Edgy-Urban-Industrial-Bedroom.jpg 736w, https:\/\/lolaclemente.fpcei.eu\/wp-content\/uploads\/2026\/02\/Edgy-Urban-Industrial-Bedroom-200x300.jpg 200w, https:\/\/lolaclemente.fpcei.eu\/wp-content\/uploads\/2026\/02\/Edgy-Urban-Industrial-Bedroom-683x1024.jpg 683w\" sizes=\"auto, (max-width: 736px) 100vw, 736px\" \/><span aria-hidden=\"true\" class=\"wp-block-cover__background has-background-dim-10 has-background-dim\" style=\"background-color:#897e72\"><\/span><div class=\"wp-block-cover__inner-container has-global-padding is-layout-constrained wp-container-core-cover-is-layout-d89aad35 wp-block-cover-is-layout-constrained\">\n<div class=\"wp-block-group alignwide has-global-padding is-content-justification-left is-layout-constrained wp-container-core-group-is-layout-12dd3699 wp-block-group-is-layout-constrained\">\n<p><\/p>\n\n\n\n<p><mark style=\"background-color:rgba(0, 0, 0, 0);color:#ede7dd\" class=\"has-inline-color\">Las habitaciones urbanas combinan funcionalidad y estilo moderno, optimizando el espacio y la luz. Con muebles contempor\u00e1neos y l\u00edneas rectas, crean un ambiente c\u00f3modo, elegante y pr\u00e1ctico, ideal para la vida en la ciudad.<br><\/mark><br><\/p>\n<\/div>\n<\/div><\/div>\n\n\n\n<div class=\"wp-block-group alignfull is-style-section-5 has-global-padding is-layout-constrained wp-block-group-is-layout-constrained is-style-section-5--1\" style=\"margin-top:0;margin-bottom:0;padding-top:var(--wp--preset--spacing--50);padding-bottom:var(--wp--preset--spacing--50)\">\n<div class=\"wp-block-columns alignwide is-layout-flex wp-container-core-columns-is-layout-7ee84d44 wp-block-columns-is-layout-flex\">\n<div class=\"wp-block-column is-vertically-aligned-center is-layout-flow wp-block-column-is-layout-flow\" style=\"flex-basis:50%\">\n<h2 class=\"wp-block-heading\">MUEBLES<\/h2>\n\n\n\n<p class=\"has-medium-font-size\">Los muebles de las habitaciones urbanas son modernos, funcionales y compactos. Predominan piezas de l\u00edneas rectas y materiales contempor\u00e1neos como madera clara, metal o lacados, dise\u00f1adas para aprovechar el espacio y mantener el orden. Cada mueble combina practicidad y estilo, adapt\u00e1ndose al ritmo y las necesidades de la vida urbana.<br><br><\/p>\n<\/div>\n\n\n\n<div class=\"wp-block-column is-vertically-aligned-center is-layout-flow wp-block-column-is-layout-flow\" style=\"flex-basis:50%\">\n<figure class=\"wp-block-image size-full\"><img loading=\"lazy\" decoding=\"async\" width=\"720\" height=\"1280\" src=\"https:\/\/lolaclemente.fpcei.eu\/wp-content\/uploads\/2026\/02\/THESE-24-STREET-STYLE-ROOM-IDEAS-WILL-LEAVE-YOU-SPEECHLESS.jpg\" alt=\"\" class=\"wp-image-406\" style=\"aspect-ratio:1;object-fit:cover\" srcset=\"https:\/\/lolaclemente.fpcei.eu\/wp-content\/uploads\/2026\/02\/THESE-24-STREET-STYLE-ROOM-IDEAS-WILL-LEAVE-YOU-SPEECHLESS.jpg 720w, https:\/\/lolaclemente.fpcei.eu\/wp-content\/uploads\/2026\/02\/THESE-24-STREET-STYLE-ROOM-IDEAS-WILL-LEAVE-YOU-SPEECHLESS-169x300.jpg 169w, https:\/\/lolaclemente.fpcei.eu\/wp-content\/uploads\/2026\/02\/THESE-24-STREET-STYLE-ROOM-IDEAS-WILL-LEAVE-YOU-SPEECHLESS-576x1024.jpg 576w\" sizes=\"auto, (max-width: 720px) 100vw, 720px\" \/><\/figure>\n<\/div>\n<\/div>\n<\/div>\n\n\n\n<div class=\"wp-block-group alignfull has-global-padding is-layout-constrained wp-block-group-is-layout-constrained\" style=\"margin-top:0;margin-bottom:0\"><\/div>\n\n\n\n<div class=\"wp-block-columns alignwide is-layout-flex wp-container-core-columns-is-layout-28f84493 wp-block-columns-is-layout-flex\">\n<div class=\"wp-block-column is-layout-flow wp-block-column-is-layout-flow\">\n<div class=\"wp-block-group is-vertical is-content-justification-left is-layout-flex wp-container-core-group-is-layout-dd225191 wp-block-group-is-layout-flex\">\n<h2 class=\"wp-block-heading is-style-text-annotation is-style-text-annotation--2\">PALETA DE COLOR<\/h2>\n\n\n\n<p class=\"is-style-text-subtitle is-style-text-subtitle--3\">La paleta de colores de las habitaciones urbanas se centra en tonos neutros y modernos que aportan amplitud y claridad. Predominan el blanco, gris, negro y beige, a menudo combinados con acentos m\u00e1s intensos o met\u00e1licos en detalles decorativos. Esta combinaci\u00f3n crea espacios elegantes, equilibrados y funcionales, propios de un entorno contempor\u00e1neo y urbano.<\/p>\n\n\n\n<div class=\"wp-block-columns is-layout-flex wp-container-core-columns-is-layout-28f84493 wp-block-columns-is-layout-flex\">\n<div class=\"wp-block-column is-layout-flow wp-block-column-is-layout-flow\">\n<figure class=\"wp-block-image size-full\"><img loading=\"lazy\" decoding=\"async\" width=\"736\" height=\"736\" src=\"http:\/\/lolaclemente.fpcei.eu\/wp-content\/uploads\/2026\/02\/The-Best-Wall-Color-for-Gray-Floors-_-At-Lane-and-High-2.jpg\" alt=\"\" class=\"wp-image-323\" srcset=\"https:\/\/lolaclemente.fpcei.eu\/wp-content\/uploads\/2026\/02\/The-Best-Wall-Color-for-Gray-Floors-_-At-Lane-and-High-2.jpg 736w, https:\/\/lolaclemente.fpcei.eu\/wp-content\/uploads\/2026\/02\/The-Best-Wall-Color-for-Gray-Floors-_-At-Lane-and-High-2-300x300.jpg 300w, https:\/\/lolaclemente.fpcei.eu\/wp-content\/uploads\/2026\/02\/The-Best-Wall-Color-for-Gray-Floors-_-At-Lane-and-High-2-150x150.jpg 150w\" sizes=\"auto, (max-width: 736px) 100vw, 736px\" \/><\/figure>\n<\/div>\n\n\n\n<div class=\"wp-block-column is-layout-flow wp-block-column-is-layout-flow\">\n<figure class=\"wp-block-image size-full\"><img loading=\"lazy\" decoding=\"async\" width=\"736\" height=\"736\" src=\"http:\/\/lolaclemente.fpcei.eu\/wp-content\/uploads\/2026\/02\/98feed2f22eff003adfaa43968d9d057-2.jpg\" alt=\"\" class=\"wp-image-205\" srcset=\"https:\/\/lolaclemente.fpcei.eu\/wp-content\/uploads\/2026\/02\/98feed2f22eff003adfaa43968d9d057-2.jpg 736w, https:\/\/lolaclemente.fpcei.eu\/wp-content\/uploads\/2026\/02\/98feed2f22eff003adfaa43968d9d057-2-300x300.jpg 300w, https:\/\/lolaclemente.fpcei.eu\/wp-content\/uploads\/2026\/02\/98feed2f22eff003adfaa43968d9d057-2-150x150.jpg 150w\" sizes=\"auto, (max-width: 736px) 100vw, 736px\" \/><\/figure>\n<\/div>\n\n\n\n<div class=\"wp-block-column is-layout-flow wp-block-column-is-layout-flow\">\n<figure class=\"wp-block-image size-full\"><img loading=\"lazy\" decoding=\"async\" width=\"616\" height=\"616\" src=\"http:\/\/lolaclemente.fpcei.eu\/wp-content\/uploads\/2026\/02\/Most-detailed-Hubble-image-ever-captures-265000-galaxies-across-the-cosmos.jpg\" alt=\"\" class=\"wp-image-157\" srcset=\"https:\/\/lolaclemente.fpcei.eu\/wp-content\/uploads\/2026\/02\/Most-detailed-Hubble-image-ever-captures-265000-galaxies-across-the-cosmos.jpg 616w, https:\/\/lolaclemente.fpcei.eu\/wp-content\/uploads\/2026\/02\/Most-detailed-Hubble-image-ever-captures-265000-galaxies-across-the-cosmos-300x300.jpg 300w, https:\/\/lolaclemente.fpcei.eu\/wp-content\/uploads\/2026\/02\/Most-detailed-Hubble-image-ever-captures-265000-galaxies-across-the-cosmos-150x150.jpg 150w\" sizes=\"auto, (max-width: 616px) 100vw, 616px\" \/><\/figure>\n<\/div>\n<\/div>\n<\/div>\n\n\n\n<figure class=\"wp-block-image size-full\"><img loading=\"lazy\" decoding=\"async\" width=\"736\" height=\"1104\" src=\"https:\/\/lolaclemente.fpcei.eu\/wp-content\/uploads\/2026\/02\/Urban-Industrial-Bedroom-Design-with-Rustic-Decor-and-Moody-Vibes-1.jpg\" alt=\"\" class=\"wp-image-407\" style=\"aspect-ratio:16\/9;object-fit:cover\" srcset=\"https:\/\/lolaclemente.fpcei.eu\/wp-content\/uploads\/2026\/02\/Urban-Industrial-Bedroom-Design-with-Rustic-Decor-and-Moody-Vibes-1.jpg 736w, https:\/\/lolaclemente.fpcei.eu\/wp-content\/uploads\/2026\/02\/Urban-Industrial-Bedroom-Design-with-Rustic-Decor-and-Moody-Vibes-1-200x300.jpg 200w, https:\/\/lolaclemente.fpcei.eu\/wp-content\/uploads\/2026\/02\/Urban-Industrial-Bedroom-Design-with-Rustic-Decor-and-Moody-Vibes-1-683x1024.jpg 683w\" sizes=\"auto, (max-width: 736px) 100vw, 736px\" \/><\/figure>\n<\/div>\n\n\n\n<div class=\"wp-block-column is-layout-flow wp-block-column-is-layout-flow\">\n<figure class=\"wp-block-image aligncenter size-full is-resized wp-container-content-69bc4bdf\"><img loading=\"lazy\" decoding=\"async\" width=\"736\" height=\"1104\" src=\"https:\/\/lolaclemente.fpcei.eu\/wp-content\/uploads\/2026\/02\/descargar-76-1.jpg\" alt=\"\" class=\"wp-image-408\" style=\"aspect-ratio:0.75;object-fit:cover;width:583px;height:auto\" srcset=\"https:\/\/lolaclemente.fpcei.eu\/wp-content\/uploads\/2026\/02\/descargar-76-1.jpg 736w, https:\/\/lolaclemente.fpcei.eu\/wp-content\/uploads\/2026\/02\/descargar-76-1-200x300.jpg 200w, https:\/\/lolaclemente.fpcei.eu\/wp-content\/uploads\/2026\/02\/descargar-76-1-683x1024.jpg 683w\" sizes=\"auto, (max-width: 736px) 100vw, 736px\" \/><\/figure>\n<\/div>\n<\/div>\n","protected":false},"excerpt":{"rendered":"<p>MUEBLES Los muebles de las habitaciones urbanas son modernos, funcionales y compactos. Predominan piezas de l\u00edneas rectas y materiales contempor\u00e1neos como madera clara, metal o lacados, dise\u00f1adas para aprovechar el espacio y mantener el orden. Cada mueble combina practicidad y estilo, adapt\u00e1ndose al ritmo y las necesidades de la vida urbana. PALETA DE COLOR La [&hellip;]<\/p>\n","protected":false},"author":2,"featured_media":0,"parent":0,"menu_order":0,"comment_status":"closed","ping_status":"closed","template":"","meta":{"footnotes":""},"class_list":["post-402","page","type-page","status-publish","hentry"],"_links":{"self":[{"href":"https:\/\/lolaclemente.fpcei.eu\/index.php?rest_route=\/wp\/v2\/pages\/402","targetHints":{"allow":["GET"]}}],"collection":[{"href":"https:\/\/lolaclemente.fpcei.eu\/index.php?rest_route=\/wp\/v2\/pages"}],"about":[{"href":"https:\/\/lolaclemente.fpcei.eu\/index.php?rest_route=\/wp\/v2\/types\/page"}],"author":[{"embeddable":true,"href":"https:\/\/lolaclemente.fpcei.eu\/index.php?rest_route=\/wp\/v2\/users\/2"}],"replies":[{"embeddable":true,"href":"https:\/\/lolaclemente.fpcei.eu\/index.php?rest_route=%2Fwp%2Fv2%2Fcomments&post=402"}],"version-history":[{"count":3,"href":"https:\/\/lolaclemente.fpcei.eu\/index.php?rest_route=\/wp\/v2\/pages\/402\/revisions"}],"predecessor-version":[{"id":478,"href":"https:\/\/lolaclemente.fpcei.eu\/index.php?rest_route=\/wp\/v2\/pages\/402\/revisions\/478"}],"wp:attachment":[{"href":"https:\/\/lolaclemente.fpcei.eu\/index.php?rest_route=%2Fwp%2Fv2%2Fmedia&parent=402"}],"curies":[{"name":"wp","href":"https:\/\/api.w.org\/{rel}","templated":true}]}}