{"id":423,"date":"2026-02-06T00:06:24","date_gmt":"2026-02-06T00:06:24","guid":{"rendered":"https:\/\/lolaclemente.fpcei.eu\/?page_id=423"},"modified":"2026-02-06T21:32:52","modified_gmt":"2026-02-06T21:32:52","slug":"habitaciones-cozy","status":"publish","type":"page","link":"https:\/\/lolaclemente.fpcei.eu\/?page_id=423","title":{"rendered":"HABITACIONES COZY"},"content":{"rendered":"\n<div class=\"wp-block-cover alignfull has-custom-content-position is-position-bottom-center\" style=\"margin-top:0;margin-bottom:0;padding-top:var(--wp--preset--spacing--50);padding-right:var(--wp--preset--spacing--50);padding-bottom:var(--wp--preset--spacing--50);padding-left:var(--wp--preset--spacing--50);min-height:840px;aspect-ratio:unset;\"><img loading=\"lazy\" decoding=\"async\" width=\"736\" height=\"1184\" class=\"wp-block-cover__image-background wp-image-424 size-full\" alt=\"\" src=\"https:\/\/lolaclemente.fpcei.eu\/wp-content\/uploads\/2026\/02\/descargar-84.jpg\" data-object-fit=\"cover\" srcset=\"https:\/\/lolaclemente.fpcei.eu\/wp-content\/uploads\/2026\/02\/descargar-84.jpg 736w, https:\/\/lolaclemente.fpcei.eu\/wp-content\/uploads\/2026\/02\/descargar-84-186x300.jpg 186w, https:\/\/lolaclemente.fpcei.eu\/wp-content\/uploads\/2026\/02\/descargar-84-637x1024.jpg 637w\" sizes=\"auto, (max-width: 736px) 100vw, 736px\" \/><span aria-hidden=\"true\" class=\"wp-block-cover__background has-background-dim-10 has-background-dim\" style=\"background-color:#745340\"><\/span><div class=\"wp-block-cover__inner-container has-global-padding is-layout-constrained wp-container-core-cover-is-layout-d89aad35 wp-block-cover-is-layout-constrained\">\n<div class=\"wp-block-group alignwide has-global-padding is-content-justification-left is-layout-constrained wp-container-core-group-is-layout-12dd3699 wp-block-group-is-layout-constrained\">\n<p><\/p>\n\n\n\n<p>Las habitaciones cozy se caracterizan por su atm\u00f3sfera c\u00e1lida y reconfortante. Son espacios pensados para el descanso y la relajaci\u00f3n, donde se busca una sensaci\u00f3n de abrigo y tranquilidad. La iluminaci\u00f3n suave, las texturas agradables y una distribuci\u00f3n pensada para el confort crean un ambiente \u00edntimo y acogedor, ideal para desconectar del ritmo diario y sentirse verdaderamente en casa.<\/p>\n<\/div>\n<\/div><\/div>\n\n\n\n<div class=\"wp-block-group alignfull is-style-section-5 has-global-padding is-layout-constrained wp-block-group-is-layout-constrained is-style-section-5--1\" style=\"margin-top:0;margin-bottom:0;padding-top:var(--wp--preset--spacing--50);padding-bottom:var(--wp--preset--spacing--50)\">\n<div class=\"wp-block-columns alignwide is-layout-flex wp-container-core-columns-is-layout-7ee84d44 wp-block-columns-is-layout-flex\">\n<div class=\"wp-block-column is-vertically-aligned-center is-layout-flow wp-block-column-is-layout-flow\" style=\"flex-basis:50%\">\n<h2 class=\"wp-block-heading\">MUEBLES<\/h2>\n\n\n\n<p class=\"has-medium-font-size\">Los muebles de las habitaciones cozy priorizan la comodidad y la cercan\u00eda. Camas amplias y confortables, mesillas sencillas, sillones suaves y muebles de madera aportan calidez y funcionalidad. Las formas suelen ser simples y agradables, creando un entorno acogedor donde cada pieza invita al descanso y refuerza la sensaci\u00f3n de hogar.<br><br><\/p>\n<\/div>\n\n\n\n<div class=\"wp-block-column is-vertically-aligned-center is-layout-flow wp-block-column-is-layout-flow\" style=\"flex-basis:50%\">\n<figure class=\"wp-block-image size-full\"><img loading=\"lazy\" decoding=\"async\" width=\"736\" height=\"1288\" src=\"https:\/\/lolaclemente.fpcei.eu\/wp-content\/uploads\/2026\/02\/descargar-82.jpg\" alt=\"\" class=\"wp-image-425\" style=\"aspect-ratio:1;object-fit:cover\" srcset=\"https:\/\/lolaclemente.fpcei.eu\/wp-content\/uploads\/2026\/02\/descargar-82.jpg 736w, https:\/\/lolaclemente.fpcei.eu\/wp-content\/uploads\/2026\/02\/descargar-82-171x300.jpg 171w, https:\/\/lolaclemente.fpcei.eu\/wp-content\/uploads\/2026\/02\/descargar-82-585x1024.jpg 585w\" sizes=\"auto, (max-width: 736px) 100vw, 736px\" \/><\/figure>\n<\/div>\n<\/div>\n<\/div>\n\n\n\n<div class=\"wp-block-columns alignwide is-layout-flex wp-container-core-columns-is-layout-28f84493 wp-block-columns-is-layout-flex\">\n<div class=\"wp-block-column is-layout-flow wp-block-column-is-layout-flow\">\n<div class=\"wp-block-group alignwide is-vertical is-content-justification-left is-layout-flex wp-container-core-group-is-layout-dd225191 wp-block-group-is-layout-flex\">\n<h2 class=\"wp-block-heading is-style-text-annotation is-style-text-annotation--2\">PALETA DE COLOR<\/h2>\n\n\n\n<p class=\"is-style-text-subtitle is-style-text-subtitle--3\">La paleta de colores de las habitaciones cozy se basa en tonos c\u00e1lidos y suaves que transmiten calma y bienestar. Predominan colores como beige, crema, marr\u00f3n claro, terracota y verdes apagados, que crean un ambiente armonioso y relajante. Estos tonos ayudan a generar una sensaci\u00f3n de refugio y confort, ideal para el descanso y la desconexi\u00f3n.<br><br><\/p>\n\n\n\n<div class=\"wp-block-columns is-layout-flex wp-container-core-columns-is-layout-28f84493 wp-block-columns-is-layout-flex\">\n<div class=\"wp-block-column is-layout-flow wp-block-column-is-layout-flow\">\n<figure class=\"wp-block-image size-full is-resized\"><img loading=\"lazy\" decoding=\"async\" width=\"736\" height=\"736\" src=\"http:\/\/lolaclemente.fpcei.eu\/wp-content\/uploads\/2026\/02\/verde-apagado-faded-green-1.jpg\" alt=\"\" class=\"wp-image-281\" style=\"width:167px;height:auto\" srcset=\"https:\/\/lolaclemente.fpcei.eu\/wp-content\/uploads\/2026\/02\/verde-apagado-faded-green-1.jpg 736w, https:\/\/lolaclemente.fpcei.eu\/wp-content\/uploads\/2026\/02\/verde-apagado-faded-green-1-300x300.jpg 300w, https:\/\/lolaclemente.fpcei.eu\/wp-content\/uploads\/2026\/02\/verde-apagado-faded-green-1-150x150.jpg 150w\" sizes=\"auto, (max-width: 736px) 100vw, 736px\" \/><\/figure>\n<\/div>\n\n\n\n<div class=\"wp-block-column is-layout-flow wp-block-column-is-layout-flow\">\n<figure class=\"wp-block-image size-full\"><img loading=\"lazy\" decoding=\"async\" width=\"420\" height=\"385\" src=\"http:\/\/lolaclemente.fpcei.eu\/wp-content\/uploads\/2026\/02\/Colour-of-the-moment-Terracotta.jpg\" alt=\"\" class=\"wp-image-111\" srcset=\"https:\/\/lolaclemente.fpcei.eu\/wp-content\/uploads\/2026\/02\/Colour-of-the-moment-Terracotta.jpg 420w, https:\/\/lolaclemente.fpcei.eu\/wp-content\/uploads\/2026\/02\/Colour-of-the-moment-Terracotta-300x275.jpg 300w\" sizes=\"auto, (max-width: 420px) 100vw, 420px\" \/><\/figure>\n<\/div>\n\n\n\n<div class=\"wp-block-column is-layout-flow wp-block-column-is-layout-flow\">\n<figure class=\"wp-block-image size-full\"><img loading=\"lazy\" decoding=\"async\" width=\"570\" height=\"570\" src=\"http:\/\/lolaclemente.fpcei.eu\/wp-content\/uploads\/2026\/02\/Uni-PURE-Latte-Tissu-en-coton-unie-beige-brun-clair-creme-Tissus-pour-galerie-dart-Tissu-en-2.jpg\" alt=\"\" class=\"wp-image-280\" srcset=\"https:\/\/lolaclemente.fpcei.eu\/wp-content\/uploads\/2026\/02\/Uni-PURE-Latte-Tissu-en-coton-unie-beige-brun-clair-creme-Tissus-pour-galerie-dart-Tissu-en-2.jpg 570w, https:\/\/lolaclemente.fpcei.eu\/wp-content\/uploads\/2026\/02\/Uni-PURE-Latte-Tissu-en-coton-unie-beige-brun-clair-creme-Tissus-pour-galerie-dart-Tissu-en-2-300x300.jpg 300w, https:\/\/lolaclemente.fpcei.eu\/wp-content\/uploads\/2026\/02\/Uni-PURE-Latte-Tissu-en-coton-unie-beige-brun-clair-creme-Tissus-pour-galerie-dart-Tissu-en-2-150x150.jpg 150w\" sizes=\"auto, (max-width: 570px) 100vw, 570px\" \/><\/figure>\n<\/div>\n<\/div>\n<\/div>\n\n\n\n<figure class=\"wp-block-image size-full\"><img loading=\"lazy\" decoding=\"async\" width=\"736\" height=\"920\" src=\"https:\/\/lolaclemente.fpcei.eu\/wp-content\/uploads\/2026\/02\/descargar-83.jpg\" alt=\"\" class=\"wp-image-426\" style=\"aspect-ratio:16\/9;object-fit:cover\" srcset=\"https:\/\/lolaclemente.fpcei.eu\/wp-content\/uploads\/2026\/02\/descargar-83.jpg 736w, https:\/\/lolaclemente.fpcei.eu\/wp-content\/uploads\/2026\/02\/descargar-83-240x300.jpg 240w\" sizes=\"auto, (max-width: 736px) 100vw, 736px\" \/><\/figure>\n<\/div>\n\n\n\n<div class=\"wp-block-column is-layout-flow wp-block-column-is-layout-flow\">\n<figure class=\"wp-block-image aligncenter size-full wp-container-content-69bc4bdf\"><img loading=\"lazy\" decoding=\"async\" width=\"569\" height=\"954\" src=\"https:\/\/lolaclemente.fpcei.eu\/wp-content\/uploads\/2026\/02\/A-Bedroom-That-Tells-a-Story-1.jpg\" alt=\"\" class=\"wp-image-427\" style=\"aspect-ratio:3\/4;object-fit:cover\" srcset=\"https:\/\/lolaclemente.fpcei.eu\/wp-content\/uploads\/2026\/02\/A-Bedroom-That-Tells-a-Story-1.jpg 569w, https:\/\/lolaclemente.fpcei.eu\/wp-content\/uploads\/2026\/02\/A-Bedroom-That-Tells-a-Story-1-179x300.jpg 179w\" sizes=\"auto, (max-width: 569px) 100vw, 569px\" \/><\/figure>\n<\/div>\n<\/div>\n","protected":false},"excerpt":{"rendered":"<p>MUEBLES Los muebles de las habitaciones cozy priorizan la comodidad y la cercan\u00eda. Camas amplias y confortables, mesillas sencillas, sillones suaves y muebles de madera aportan calidez y funcionalidad. Las formas suelen ser simples y agradables, creando un entorno acogedor donde cada pieza invita al descanso y refuerza la sensaci\u00f3n de hogar. PALETA DE COLOR [&hellip;]<\/p>\n","protected":false},"author":2,"featured_media":0,"parent":0,"menu_order":0,"comment_status":"closed","ping_status":"closed","template":"","meta":{"footnotes":""},"class_list":["post-423","page","type-page","status-publish","hentry"],"_links":{"self":[{"href":"https:\/\/lolaclemente.fpcei.eu\/index.php?rest_route=\/wp\/v2\/pages\/423","targetHints":{"allow":["GET"]}}],"collection":[{"href":"https:\/\/lolaclemente.fpcei.eu\/index.php?rest_route=\/wp\/v2\/pages"}],"about":[{"href":"https:\/\/lolaclemente.fpcei.eu\/index.php?rest_route=\/wp\/v2\/types\/page"}],"author":[{"embeddable":true,"href":"https:\/\/lolaclemente.fpcei.eu\/index.php?rest_route=\/wp\/v2\/users\/2"}],"replies":[{"embeddable":true,"href":"https:\/\/lolaclemente.fpcei.eu\/index.php?rest_route=%2Fwp%2Fv2%2Fcomments&post=423"}],"version-history":[{"count":3,"href":"https:\/\/lolaclemente.fpcei.eu\/index.php?rest_route=\/wp\/v2\/pages\/423\/revisions"}],"predecessor-version":[{"id":459,"href":"https:\/\/lolaclemente.fpcei.eu\/index.php?rest_route=\/wp\/v2\/pages\/423\/revisions\/459"}],"wp:attachment":[{"href":"https:\/\/lolaclemente.fpcei.eu\/index.php?rest_route=%2Fwp%2Fv2%2Fmedia&parent=423"}],"curies":[{"name":"wp","href":"https:\/\/api.w.org\/{rel}","templated":true}]}}