{"id":436,"date":"2026-02-06T00:10:58","date_gmt":"2026-02-06T00:10:58","guid":{"rendered":"https:\/\/lolaclemente.fpcei.eu\/?page_id=436"},"modified":"2026-02-06T21:39:03","modified_gmt":"2026-02-06T21:39:03","slug":"habitaciones-dark-academia","status":"publish","type":"page","link":"https:\/\/lolaclemente.fpcei.eu\/?page_id=436","title":{"rendered":"HABITACIONES DARK ACADEMIA"},"content":{"rendered":"\n<div class=\"wp-block-cover alignfull has-custom-content-position is-position-bottom-center\" style=\"margin-top:0;margin-bottom:0;padding-top:var(--wp--preset--spacing--50);padding-right:var(--wp--preset--spacing--50);padding-bottom:var(--wp--preset--spacing--50);padding-left:var(--wp--preset--spacing--50);min-height:840px;aspect-ratio:unset;\"><img loading=\"lazy\" decoding=\"async\" width=\"736\" height=\"1104\" class=\"wp-block-cover__image-background wp-image-437 size-full\" alt=\"\" src=\"https:\/\/lolaclemente.fpcei.eu\/wp-content\/uploads\/2026\/02\/descargar-85-1.jpg\" data-object-fit=\"cover\" srcset=\"https:\/\/lolaclemente.fpcei.eu\/wp-content\/uploads\/2026\/02\/descargar-85-1.jpg 736w, https:\/\/lolaclemente.fpcei.eu\/wp-content\/uploads\/2026\/02\/descargar-85-1-200x300.jpg 200w, https:\/\/lolaclemente.fpcei.eu\/wp-content\/uploads\/2026\/02\/descargar-85-1-683x1024.jpg 683w\" sizes=\"auto, (max-width: 736px) 100vw, 736px\" \/><span aria-hidden=\"true\" class=\"wp-block-cover__background has-background-dim-10 has-background-dim\" style=\"background-color:#564a40\"><\/span><div class=\"wp-block-cover__inner-container has-global-padding is-layout-constrained wp-container-core-cover-is-layout-d89aad35 wp-block-cover-is-layout-constrained\">\n<div class=\"wp-block-group alignwide has-global-padding is-content-justification-left is-layout-constrained wp-container-core-group-is-layout-12dd3699 wp-block-group-is-layout-constrained\">\n<p><\/p>\n\n\n\n<p>Las habitaciones Dark Academia se caracterizan por una atm\u00f3sfera introspectiva y elegante, inspirada en el amor por el conocimiento y la est\u00e9tica cl\u00e1sica. Son espacios que evocan silencio, estudio y reflexi\u00f3n, donde la sensaci\u00f3n de historia y profundidad crea un ambiente envolvente. La iluminaci\u00f3n tenue y el equilibrio entre sobriedad y calidez convierten la habitaci\u00f3n en un refugio intelectual, ideal para la lectura, la escritura y la contemplaci\u00f3n.<\/p>\n<\/div>\n<\/div><\/div>\n\n\n\n<div class=\"wp-block-group alignfull is-style-section-5 has-global-padding is-layout-constrained wp-block-group-is-layout-constrained is-style-section-5--1\" style=\"margin-top:0;margin-bottom:0;padding-top:var(--wp--preset--spacing--50);padding-bottom:var(--wp--preset--spacing--50)\">\n<div class=\"wp-block-columns alignwide is-layout-flex wp-container-core-columns-is-layout-7ee84d44 wp-block-columns-is-layout-flex\">\n<div class=\"wp-block-column is-vertically-aligned-center is-layout-flow wp-block-column-is-layout-flow\" style=\"flex-basis:50%\">\n<h2 class=\"wp-block-heading\">MUEBLES<\/h2>\n\n\n\n<p class=\"has-medium-font-size\">Los muebles de las habitaciones Dark Academia destacan por su car\u00e1cter cl\u00e1sico y su sensaci\u00f3n de solidez. Predominan piezas de madera, como camas robustas, escritorios amplios y estanter\u00edas llenas de libros, que evocan tradici\u00f3n y estudio. Los dise\u00f1os suelen ser sobrios y elegantes, creando un ambiente serio y acogedor que refuerza la est\u00e9tica intelectual y atemporal del estilo.<\/p>\n<\/div>\n\n\n\n<div class=\"wp-block-column is-vertically-aligned-center is-layout-flow wp-block-column-is-layout-flow\" style=\"flex-basis:50%\">\n<figure class=\"wp-block-image size-full\"><img loading=\"lazy\" decoding=\"async\" width=\"736\" height=\"1104\" src=\"https:\/\/lolaclemente.fpcei.eu\/wp-content\/uploads\/2026\/02\/25-Dark-Academia-Bedroom-Ideas-Youll-Love.jpg\" alt=\"\" class=\"wp-image-438\" style=\"aspect-ratio:1;object-fit:cover\" srcset=\"https:\/\/lolaclemente.fpcei.eu\/wp-content\/uploads\/2026\/02\/25-Dark-Academia-Bedroom-Ideas-Youll-Love.jpg 736w, https:\/\/lolaclemente.fpcei.eu\/wp-content\/uploads\/2026\/02\/25-Dark-Academia-Bedroom-Ideas-Youll-Love-200x300.jpg 200w, https:\/\/lolaclemente.fpcei.eu\/wp-content\/uploads\/2026\/02\/25-Dark-Academia-Bedroom-Ideas-Youll-Love-683x1024.jpg 683w\" sizes=\"auto, (max-width: 736px) 100vw, 736px\" \/><\/figure>\n<\/div>\n<\/div>\n<\/div>\n\n\n\n<div class=\"wp-block-columns alignwide is-layout-flex wp-container-core-columns-is-layout-28f84493 wp-block-columns-is-layout-flex\">\n<div class=\"wp-block-column is-layout-flow wp-block-column-is-layout-flow\">\n<div class=\"wp-block-group is-vertical is-content-justification-left is-layout-flex wp-container-core-group-is-layout-dd225191 wp-block-group-is-layout-flex\">\n<h2 class=\"wp-block-heading is-style-text-annotation is-style-text-annotation--2\">PALETA DE COLOR<\/h2>\n\n\n\n<p class=\"is-style-text-subtitle is-style-text-subtitle--3\">La paleta de colores de las habitaciones Dark Academia se basa en tonos profundos y sobrios que transmiten misterio y elegancia. Predominan marrones oscuros, verdes intensos, burdeos y grises, combinados con matices c\u00e1lidos que aportan profundidad. Esta gama crom\u00e1tica crea un ambiente introspectivo y sofisticado, ideal para espacios de estudio y descanso con car\u00e1cter cl\u00e1sico.<\/p>\n\n\n\n<div class=\"wp-block-columns is-layout-flex wp-container-core-columns-is-layout-28f84493 wp-block-columns-is-layout-flex\">\n<div class=\"wp-block-column is-layout-flow wp-block-column-is-layout-flow\">\n<figure class=\"wp-block-image size-full\"><img loading=\"lazy\" decoding=\"async\" width=\"736\" height=\"658\" src=\"http:\/\/lolaclemente.fpcei.eu\/wp-content\/uploads\/2026\/02\/SALE-End-of-Bolt-Fabric-KONA-Burgundy-Fabric-Solid-Maroon-Fabric-Quilters-Fabric-Cotton-Robert-Kaufman-Fabric-1054-Burgundy-Dark-Red.jpg\" alt=\"\" class=\"wp-image-77\" srcset=\"https:\/\/lolaclemente.fpcei.eu\/wp-content\/uploads\/2026\/02\/SALE-End-of-Bolt-Fabric-KONA-Burgundy-Fabric-Solid-Maroon-Fabric-Quilters-Fabric-Cotton-Robert-Kaufman-Fabric-1054-Burgundy-Dark-Red.jpg 736w, https:\/\/lolaclemente.fpcei.eu\/wp-content\/uploads\/2026\/02\/SALE-End-of-Bolt-Fabric-KONA-Burgundy-Fabric-Solid-Maroon-Fabric-Quilters-Fabric-Cotton-Robert-Kaufman-Fabric-1054-Burgundy-Dark-Red-300x268.jpg 300w\" sizes=\"auto, (max-width: 736px) 100vw, 736px\" \/><\/figure>\n<\/div>\n\n\n\n<div class=\"wp-block-column is-layout-flow wp-block-column-is-layout-flow\">\n<figure class=\"wp-block-image size-full is-resized\"><img loading=\"lazy\" decoding=\"async\" width=\"736\" height=\"736\" src=\"http:\/\/lolaclemente.fpcei.eu\/wp-content\/uploads\/2026\/02\/The-Best-Wall-Color-for-Gray-Floors-_-At-Lane-and-High-2.jpg\" alt=\"\" class=\"wp-image-323\" style=\"width:160px;height:auto\" srcset=\"https:\/\/lolaclemente.fpcei.eu\/wp-content\/uploads\/2026\/02\/The-Best-Wall-Color-for-Gray-Floors-_-At-Lane-and-High-2.jpg 736w, https:\/\/lolaclemente.fpcei.eu\/wp-content\/uploads\/2026\/02\/The-Best-Wall-Color-for-Gray-Floors-_-At-Lane-and-High-2-300x300.jpg 300w, https:\/\/lolaclemente.fpcei.eu\/wp-content\/uploads\/2026\/02\/The-Best-Wall-Color-for-Gray-Floors-_-At-Lane-and-High-2-150x150.jpg 150w\" sizes=\"auto, (max-width: 736px) 100vw, 736px\" \/><\/figure>\n<\/div>\n\n\n\n<div class=\"wp-block-column is-layout-flow wp-block-column-is-layout-flow\">\n<figure class=\"wp-block-image size-full\"><img loading=\"lazy\" decoding=\"async\" width=\"540\" height=\"432\" src=\"http:\/\/lolaclemente.fpcei.eu\/wp-content\/uploads\/2026\/02\/fav-color.jpg\" alt=\"\" class=\"wp-image-79\" srcset=\"https:\/\/lolaclemente.fpcei.eu\/wp-content\/uploads\/2026\/02\/fav-color.jpg 540w, https:\/\/lolaclemente.fpcei.eu\/wp-content\/uploads\/2026\/02\/fav-color-300x240.jpg 300w\" sizes=\"auto, (max-width: 540px) 100vw, 540px\" \/><\/figure>\n<\/div>\n<\/div>\n<\/div>\n\n\n\n<figure class=\"wp-block-image size-full\"><img loading=\"lazy\" decoding=\"async\" width=\"736\" height=\"1104\" src=\"https:\/\/lolaclemente.fpcei.eu\/wp-content\/uploads\/2026\/02\/Zabini-house-Romeos-room.jpg\" alt=\"\" class=\"wp-image-440\" style=\"aspect-ratio:16\/9;object-fit:cover\" srcset=\"https:\/\/lolaclemente.fpcei.eu\/wp-content\/uploads\/2026\/02\/Zabini-house-Romeos-room.jpg 736w, https:\/\/lolaclemente.fpcei.eu\/wp-content\/uploads\/2026\/02\/Zabini-house-Romeos-room-200x300.jpg 200w, https:\/\/lolaclemente.fpcei.eu\/wp-content\/uploads\/2026\/02\/Zabini-house-Romeos-room-683x1024.jpg 683w\" sizes=\"auto, (max-width: 736px) 100vw, 736px\" \/><\/figure>\n<\/div>\n\n\n\n<div class=\"wp-block-column is-layout-flow wp-block-column-is-layout-flow\">\n<figure class=\"wp-block-image aligncenter size-full is-resized wp-container-content-69bc4bdf\"><img loading=\"lazy\" decoding=\"async\" width=\"735\" height=\"1103\" src=\"https:\/\/lolaclemente.fpcei.eu\/wp-content\/uploads\/2026\/02\/Unlock-the-Secrets-to-the-Perfect-Dark-Academia-Aesthetic-Bedroom_-17-Must-See-Ideas-DIY-Home-Decor-Gardening-Landscaping-1.jpg\" alt=\"\" class=\"wp-image-441\" style=\"aspect-ratio:0.75;object-fit:cover;width:501px;height:auto\" srcset=\"https:\/\/lolaclemente.fpcei.eu\/wp-content\/uploads\/2026\/02\/Unlock-the-Secrets-to-the-Perfect-Dark-Academia-Aesthetic-Bedroom_-17-Must-See-Ideas-DIY-Home-Decor-Gardening-Landscaping-1.jpg 735w, https:\/\/lolaclemente.fpcei.eu\/wp-content\/uploads\/2026\/02\/Unlock-the-Secrets-to-the-Perfect-Dark-Academia-Aesthetic-Bedroom_-17-Must-See-Ideas-DIY-Home-Decor-Gardening-Landscaping-1-200x300.jpg 200w, https:\/\/lolaclemente.fpcei.eu\/wp-content\/uploads\/2026\/02\/Unlock-the-Secrets-to-the-Perfect-Dark-Academia-Aesthetic-Bedroom_-17-Must-See-Ideas-DIY-Home-Decor-Gardening-Landscaping-1-682x1024.jpg 682w\" sizes=\"auto, (max-width: 735px) 100vw, 735px\" \/><\/figure>\n<\/div>\n<\/div>\n","protected":false},"excerpt":{"rendered":"<p>MUEBLES Los muebles de las habitaciones Dark Academia destacan por su car\u00e1cter cl\u00e1sico y su sensaci\u00f3n de solidez. Predominan piezas de madera, como camas robustas, escritorios amplios y estanter\u00edas llenas de libros, que evocan tradici\u00f3n y estudio. Los dise\u00f1os suelen ser sobrios y elegantes, creando un ambiente serio y acogedor que refuerza la est\u00e9tica intelectual [&hellip;]<\/p>\n","protected":false},"author":2,"featured_media":0,"parent":0,"menu_order":0,"comment_status":"closed","ping_status":"closed","template":"","meta":{"footnotes":""},"class_list":["post-436","page","type-page","status-publish","hentry"],"_links":{"self":[{"href":"https:\/\/lolaclemente.fpcei.eu\/index.php?rest_route=\/wp\/v2\/pages\/436","targetHints":{"allow":["GET"]}}],"collection":[{"href":"https:\/\/lolaclemente.fpcei.eu\/index.php?rest_route=\/wp\/v2\/pages"}],"about":[{"href":"https:\/\/lolaclemente.fpcei.eu\/index.php?rest_route=\/wp\/v2\/types\/page"}],"author":[{"embeddable":true,"href":"https:\/\/lolaclemente.fpcei.eu\/index.php?rest_route=\/wp\/v2\/users\/2"}],"replies":[{"embeddable":true,"href":"https:\/\/lolaclemente.fpcei.eu\/index.php?rest_route=%2Fwp%2Fv2%2Fcomments&post=436"}],"version-history":[{"count":3,"href":"https:\/\/lolaclemente.fpcei.eu\/index.php?rest_route=\/wp\/v2\/pages\/436\/revisions"}],"predecessor-version":[{"id":461,"href":"https:\/\/lolaclemente.fpcei.eu\/index.php?rest_route=\/wp\/v2\/pages\/436\/revisions\/461"}],"wp:attachment":[{"href":"https:\/\/lolaclemente.fpcei.eu\/index.php?rest_route=%2Fwp%2Fv2%2Fmedia&parent=436"}],"curies":[{"name":"wp","href":"https:\/\/api.w.org\/{rel}","templated":true}]}}