{"id":496,"date":"2026-02-11T21:30:24","date_gmt":"2026-02-11T21:30:24","guid":{"rendered":"https:\/\/lolaclemente.fpcei.eu\/?page_id=496"},"modified":"2026-03-03T12:38:06","modified_gmt":"2026-03-03T12:38:06","slug":"estilo-rustico","status":"publish","type":"page","link":"https:\/\/lolaclemente.fpcei.eu\/?page_id=496","title":{"rendered":"ESTILO RUSTICO"},"content":{"rendered":"\n<div class=\"wp-block-columns alignwide is-layout-flex wp-container-core-columns-is-layout-28f84493 wp-block-columns-is-layout-flex\">\n<div class=\"wp-block-column is-layout-flow wp-block-column-is-layout-flow\">\n<p class=\"has-text-align-center\">El estilo r\u00fastico se distingue por su conexi\u00f3n con la naturaleza y su car\u00e1cter c\u00e1lido y acogedor. Se inspira en las casas de campo tradicionales, donde predominan los materiales naturales y las texturas aut\u00e9nticas.<\/p>\n\n\n\n<p>La madera maciza, la piedra y el hierro forjado son elementos fundamentales. Los colores suelen ser terrosos, como beige, marr\u00f3n, terracota y verde oliva, creando ambientes serenos y confortables.<\/p>\n\n\n\n<p class=\"has-text-align-center\">El mobiliario presenta formas sencillas y robustas, con acabados que resaltan la belleza natural de los materiales. En conjunto, el estilo r\u00fastico transmite sencillez, tradici\u00f3n y una atm\u00f3sfera hogare\u00f1a.<\/p>\n<\/div>\n\n\n\n<div class=\"wp-block-column is-layout-flow wp-block-column-is-layout-flow\">\n<figure class=\"wp-block-image aligncenter size-full is-resized\"><img loading=\"lazy\" decoding=\"async\" width=\"736\" height=\"1104\" src=\"https:\/\/lolaclemente.fpcei.eu\/wp-content\/uploads\/2026\/02\/La-casa-de-campo-mas-bonita-y-con-mas-encanto-que-vas-a-ver-hoy_-llena-de-detalles-para-enamorarnos-_-VIDEO-Y-FOTOS.jpg\" alt=\"\" class=\"wp-image-497\" style=\"aspect-ratio:0.720172744137952;width:330px;height:auto\" srcset=\"https:\/\/lolaclemente.fpcei.eu\/wp-content\/uploads\/2026\/02\/La-casa-de-campo-mas-bonita-y-con-mas-encanto-que-vas-a-ver-hoy_-llena-de-detalles-para-enamorarnos-_-VIDEO-Y-FOTOS.jpg 736w, https:\/\/lolaclemente.fpcei.eu\/wp-content\/uploads\/2026\/02\/La-casa-de-campo-mas-bonita-y-con-mas-encanto-que-vas-a-ver-hoy_-llena-de-detalles-para-enamorarnos-_-VIDEO-Y-FOTOS-200x300.jpg 200w, https:\/\/lolaclemente.fpcei.eu\/wp-content\/uploads\/2026\/02\/La-casa-de-campo-mas-bonita-y-con-mas-encanto-que-vas-a-ver-hoy_-llena-de-detalles-para-enamorarnos-_-VIDEO-Y-FOTOS-683x1024.jpg 683w\" sizes=\"auto, (max-width: 736px) 100vw, 736px\" \/><\/figure>\n<\/div>\n<\/div>\n\n\n\n<h1 class=\"wp-block-heading alignwide has-text-align-center\">Salas rusticas<\/h1>\n\n\n\n<div class=\"wp-block-group is-layout-grid wp-container-core-group-is-layout-478b6e6b wp-block-group-is-layout-grid\">\n<div class=\"wp-block-cover wp-container-content-69bc4bdf\" style=\"min-height:84px;aspect-ratio:unset;\"><img loading=\"lazy\" decoding=\"async\" width=\"683\" height=\"1024\" class=\"wp-block-cover__image-background wp-image-389 size-large\" alt=\"\" src=\"http:\/\/lolaclemente.fpcei.eu\/wp-content\/uploads\/2026\/02\/descargar-72-683x1024.jpg\" data-object-fit=\"cover\" srcset=\"https:\/\/lolaclemente.fpcei.eu\/wp-content\/uploads\/2026\/02\/descargar-72-683x1024.jpg 683w, https:\/\/lolaclemente.fpcei.eu\/wp-content\/uploads\/2026\/02\/descargar-72-200x300.jpg 200w, https:\/\/lolaclemente.fpcei.eu\/wp-content\/uploads\/2026\/02\/descargar-72.jpg 736w\" sizes=\"auto, (max-width: 683px) 100vw, 683px\" \/><span aria-hidden=\"true\" class=\"wp-block-cover__background has-background-dim\" style=\"background-color:#776b5d\"><\/span><div class=\"wp-block-cover__inner-container is-layout-flow wp-block-cover-is-layout-flow\">\n<div class=\"wp-block-buttons is-layout-flex wp-block-buttons-is-layout-flex\">\n<div class=\"wp-block-button is-style-outline is-style-outline--1\"><a class=\"wp-block-button__link wp-element-button\" href=\"https:\/\/lolaclemente.fpcei.eu\/?page_id=387\">habitaciones<\/a><\/div>\n<\/div>\n<\/div><\/div>\n\n\n\n<div class=\"wp-block-cover\" style=\"min-height:406px;aspect-ratio:unset;\"><img loading=\"lazy\" decoding=\"async\" width=\"735\" height=\"736\" class=\"wp-block-cover__image-background wp-image-48\" alt=\"\" src=\"https:\/\/lolaclemente.fpcei.eu\/wp-content\/uploads\/2026\/02\/descarga-2.jpg\" data-object-fit=\"cover\" srcset=\"https:\/\/lolaclemente.fpcei.eu\/wp-content\/uploads\/2026\/02\/descarga-2.jpg 735w, https:\/\/lolaclemente.fpcei.eu\/wp-content\/uploads\/2026\/02\/descarga-2-300x300.jpg 300w, https:\/\/lolaclemente.fpcei.eu\/wp-content\/uploads\/2026\/02\/descarga-2-150x150.jpg 150w\" sizes=\"auto, (max-width: 735px) 100vw, 735px\" \/><span aria-hidden=\"true\" class=\"wp-block-cover__background has-background-dim\"><\/span><div class=\"wp-block-cover__inner-container is-layout-flow wp-block-cover-is-layout-flow\">\n<div class=\"wp-block-buttons is-layout-flex wp-block-buttons-is-layout-flex\">\n<div class=\"wp-block-button is-style-outline is-style-outline--2\"><a class=\"wp-block-button__link wp-element-button\" href=\"https:\/\/lolaclemente.fpcei.eu\/?page_id=272\">salones<\/a><\/div>\n<\/div>\n<\/div><\/div>\n\n\n\n<div class=\"wp-block-group is-layout-grid wp-container-core-group-is-layout-478b6e6b wp-block-group-is-layout-grid\">\n<div class=\"wp-block-cover\" style=\"min-height:382px;aspect-ratio:unset;\"><img loading=\"lazy\" decoding=\"async\" width=\"683\" height=\"1024\" class=\"wp-block-cover__image-background wp-image-312 size-large\" alt=\"\" src=\"http:\/\/lolaclemente.fpcei.eu\/wp-content\/uploads\/2026\/02\/Transform-Your-Space-with-Open-Kitchen-Rustic-Dark-Kitchen-Dream-House-683x1024.jpg\" data-object-fit=\"cover\" srcset=\"https:\/\/lolaclemente.fpcei.eu\/wp-content\/uploads\/2026\/02\/Transform-Your-Space-with-Open-Kitchen-Rustic-Dark-Kitchen-Dream-House-683x1024.jpg 683w, https:\/\/lolaclemente.fpcei.eu\/wp-content\/uploads\/2026\/02\/Transform-Your-Space-with-Open-Kitchen-Rustic-Dark-Kitchen-Dream-House-200x300.jpg 200w, https:\/\/lolaclemente.fpcei.eu\/wp-content\/uploads\/2026\/02\/Transform-Your-Space-with-Open-Kitchen-Rustic-Dark-Kitchen-Dream-House.jpg 736w\" sizes=\"auto, (max-width: 683px) 100vw, 683px\" \/><span aria-hidden=\"true\" class=\"wp-block-cover__background has-background-dim\" style=\"background-color:#6e523f\"><\/span><div class=\"wp-block-cover__inner-container is-layout-flow wp-block-cover-is-layout-flow\">\n<div class=\"wp-block-buttons is-layout-flex wp-block-buttons-is-layout-flex\">\n<div class=\"wp-block-button is-style-outline is-style-outline--3\"><a class=\"wp-block-button__link wp-element-button\" href=\"https:\/\/lolaclemente.fpcei.eu\/?page_id=122\">cocinas<\/a><\/div>\n<\/div>\n<\/div><\/div>\n<\/div>\n<\/div>\n","protected":false},"excerpt":{"rendered":"<p>El estilo r\u00fastico se distingue por su conexi\u00f3n con la naturaleza y su car\u00e1cter c\u00e1lido y acogedor. Se inspira en las casas de campo tradicionales, donde predominan los materiales naturales y las texturas aut\u00e9nticas. La madera maciza, la piedra y el hierro forjado son elementos fundamentales. Los colores suelen ser terrosos, como beige, marr\u00f3n, terracota [&hellip;]<\/p>\n","protected":false},"author":2,"featured_media":0,"parent":0,"menu_order":0,"comment_status":"closed","ping_status":"closed","template":"","meta":{"footnotes":""},"class_list":["post-496","page","type-page","status-publish","hentry"],"_links":{"self":[{"href":"https:\/\/lolaclemente.fpcei.eu\/index.php?rest_route=\/wp\/v2\/pages\/496","targetHints":{"allow":["GET"]}}],"collection":[{"href":"https:\/\/lolaclemente.fpcei.eu\/index.php?rest_route=\/wp\/v2\/pages"}],"about":[{"href":"https:\/\/lolaclemente.fpcei.eu\/index.php?rest_route=\/wp\/v2\/types\/page"}],"author":[{"embeddable":true,"href":"https:\/\/lolaclemente.fpcei.eu\/index.php?rest_route=\/wp\/v2\/users\/2"}],"replies":[{"embeddable":true,"href":"https:\/\/lolaclemente.fpcei.eu\/index.php?rest_route=%2Fwp%2Fv2%2Fcomments&post=496"}],"version-history":[{"count":5,"href":"https:\/\/lolaclemente.fpcei.eu\/index.php?rest_route=\/wp\/v2\/pages\/496\/revisions"}],"predecessor-version":[{"id":627,"href":"https:\/\/lolaclemente.fpcei.eu\/index.php?rest_route=\/wp\/v2\/pages\/496\/revisions\/627"}],"wp:attachment":[{"href":"https:\/\/lolaclemente.fpcei.eu\/index.php?rest_route=%2Fwp%2Fv2%2Fmedia&parent=496"}],"curies":[{"name":"wp","href":"https:\/\/api.w.org\/{rel}","templated":true}]}}