{"id":507,"date":"2026-02-11T21:48:19","date_gmt":"2026-02-11T21:48:19","guid":{"rendered":"https:\/\/lolaclemente.fpcei.eu\/?page_id=507"},"modified":"2026-03-03T12:40:00","modified_gmt":"2026-03-03T12:40:00","slug":"507-2","status":"publish","type":"page","link":"https:\/\/lolaclemente.fpcei.eu\/?page_id=507","title":{"rendered":"ESTILO URBANO"},"content":{"rendered":"\n<div class=\"wp-block-columns alignwide is-layout-flex wp-container-core-columns-is-layout-28f84493 wp-block-columns-is-layout-flex\">\n<div class=\"wp-block-column is-layout-flow wp-block-column-is-layout-flow\">\n<p class=\"has-text-align-center\">El estilo urbano se caracteriza por su est\u00e9tica contempor\u00e1nea y su inspiraci\u00f3n en el entorno citadino. Integra elementos industriales y modernos, creando espacios din\u00e1micos y funcionales.<\/p>\n\n\n\n<p>Predominan materiales como el metal, el hormig\u00f3n, el vidrio y la madera en acabados naturales o envejecidos. La paleta de colores suele incluir tonos neutros como gris, negro y blanco, combinados con acentos m\u00e1s intensos que aportan car\u00e1cter.<\/p>\n\n\n\n<p class=\"has-text-align-center\">El mobiliario presenta l\u00edneas sencillas y pr\u00e1cticas, a menudo con detalles industriales visibles. En conjunto, el estilo urbano transmite modernidad, versatilidad y una identidad marcada por el ritmo de la ciudad.<\/p>\n<\/div>\n\n\n\n<div class=\"wp-block-column is-layout-flow wp-block-column-is-layout-flow\">\n<figure class=\"wp-block-image aligncenter size-full is-resized\"><img decoding=\"async\" src=\"https:\/\/lolaclemente.fpcei.eu\/wp-content\/uploads\/2026\/02\/Modern-Loft-Vibes-&#x2728;-Bold-Art-Cozy-Luxury-Living-Space-InteriorDesign-LoftStyle-ModernHome.jpg\" alt=\"\" class=\"wp-image-526\" style=\"aspect-ratio:0.720172744137952;width:330px;height:auto\"\/><\/figure>\n<\/div>\n<\/div>\n\n\n\n<h1 class=\"wp-block-heading alignwide has-text-align-center\">Salas urbanas<\/h1>\n\n\n\n<div class=\"wp-block-group is-layout-grid wp-container-core-group-is-layout-478b6e6b wp-block-group-is-layout-grid\">\n<div class=\"wp-block-cover is-light wp-container-content-69bc4bdf\" style=\"min-height:84px;aspect-ratio:unset;\"><img loading=\"lazy\" decoding=\"async\" width=\"683\" height=\"1024\" class=\"wp-block-cover__image-background wp-image-405 size-large\" alt=\"\" src=\"http:\/\/lolaclemente.fpcei.eu\/wp-content\/uploads\/2026\/02\/Edgy-Urban-Industrial-Bedroom-683x1024.jpg\" data-object-fit=\"cover\" srcset=\"https:\/\/lolaclemente.fpcei.eu\/wp-content\/uploads\/2026\/02\/Edgy-Urban-Industrial-Bedroom-683x1024.jpg 683w, https:\/\/lolaclemente.fpcei.eu\/wp-content\/uploads\/2026\/02\/Edgy-Urban-Industrial-Bedroom-200x300.jpg 200w, https:\/\/lolaclemente.fpcei.eu\/wp-content\/uploads\/2026\/02\/Edgy-Urban-Industrial-Bedroom.jpg 736w\" sizes=\"auto, (max-width: 683px) 100vw, 683px\" \/><span aria-hidden=\"true\" class=\"wp-block-cover__background has-background-dim\" style=\"background-color:#897e72\"><\/span><div class=\"wp-block-cover__inner-container is-layout-flow wp-block-cover-is-layout-flow\">\n<div class=\"wp-block-buttons is-layout-flex wp-block-buttons-is-layout-flex\">\n<div class=\"wp-block-button is-style-outline is-style-outline--1\"><a class=\"wp-block-button__link wp-element-button\" href=\"https:\/\/lolaclemente.fpcei.eu\/?page_id=402\">habitaciones<\/a><\/div>\n<\/div>\n<\/div><\/div>\n\n\n\n<div class=\"wp-block-cover\" style=\"min-height:406px;aspect-ratio:unset;\"><img loading=\"lazy\" decoding=\"async\" width=\"732\" height=\"1024\" class=\"wp-block-cover__image-background wp-image-151 size-large\" alt=\"\" src=\"http:\/\/lolaclemente.fpcei.eu\/wp-content\/uploads\/2026\/02\/9453f8e086c9226102b42d11699d183e-732x1024.jpg\" data-object-fit=\"cover\" srcset=\"https:\/\/lolaclemente.fpcei.eu\/wp-content\/uploads\/2026\/02\/9453f8e086c9226102b42d11699d183e-732x1024.jpg 732w, https:\/\/lolaclemente.fpcei.eu\/wp-content\/uploads\/2026\/02\/9453f8e086c9226102b42d11699d183e-214x300.jpg 214w, https:\/\/lolaclemente.fpcei.eu\/wp-content\/uploads\/2026\/02\/9453f8e086c9226102b42d11699d183e.jpg 736w\" sizes=\"auto, (max-width: 732px) 100vw, 732px\" \/><span aria-hidden=\"true\" class=\"wp-block-cover__background has-background-dim\" style=\"background-color:#74695f\"><\/span><div class=\"wp-block-cover__inner-container is-layout-flow wp-block-cover-is-layout-flow\">\n<div class=\"wp-block-buttons is-layout-flex wp-block-buttons-is-layout-flex\">\n<div class=\"wp-block-button is-style-outline is-style-outline--2\"><a class=\"wp-block-button__link wp-element-button\" href=\"https:\/\/lolaclemente.fpcei.eu\/?page_id=139\">salones<\/a><\/div>\n<\/div>\n<\/div><\/div>\n\n\n\n<div class=\"wp-block-group is-layout-grid wp-container-core-group-is-layout-478b6e6b wp-block-group-is-layout-grid\">\n<div class=\"wp-block-cover\" style=\"min-height:382px;aspect-ratio:unset;\"><img loading=\"lazy\" decoding=\"async\" width=\"736\" height=\"747\" class=\"wp-block-cover__image-background wp-image-527 size-full\" alt=\"\" src=\"https:\/\/lolaclemente.fpcei.eu\/wp-content\/uploads\/2026\/02\/Diseno-minimalista-aesthetic-1.jpg\" data-object-fit=\"cover\" srcset=\"https:\/\/lolaclemente.fpcei.eu\/wp-content\/uploads\/2026\/02\/Diseno-minimalista-aesthetic-1.jpg 736w, https:\/\/lolaclemente.fpcei.eu\/wp-content\/uploads\/2026\/02\/Diseno-minimalista-aesthetic-1-296x300.jpg 296w\" sizes=\"auto, (max-width: 736px) 100vw, 736px\" \/><span aria-hidden=\"true\" class=\"wp-block-cover__background has-background-dim\" style=\"background-color:#766c5a\"><\/span><div class=\"wp-block-cover__inner-container is-layout-flow wp-block-cover-is-layout-flow\">\n<div class=\"wp-block-buttons is-layout-flex wp-block-buttons-is-layout-flex\">\n<div class=\"wp-block-button is-style-outline is-style-outline--3\"><a class=\"wp-block-button__link wp-element-button\" href=\"https:\/\/lolaclemente.fpcei.eu\/?page_id=317\">cocinas<\/a><\/div>\n<\/div>\n<\/div><\/div>\n<\/div>\n<\/div>\n","protected":false},"excerpt":{"rendered":"<p>El estilo urbano se caracteriza por su est\u00e9tica contempor\u00e1nea y su inspiraci\u00f3n en el entorno citadino. Integra elementos industriales y modernos, creando espacios din\u00e1micos y funcionales. Predominan materiales como el metal, el hormig\u00f3n, el vidrio y la madera en acabados naturales o envejecidos. La paleta de colores suele incluir tonos neutros como gris, negro y [&hellip;]<\/p>\n","protected":false},"author":2,"featured_media":0,"parent":0,"menu_order":0,"comment_status":"closed","ping_status":"closed","template":"","meta":{"footnotes":""},"class_list":["post-507","page","type-page","status-publish","hentry"],"_links":{"self":[{"href":"https:\/\/lolaclemente.fpcei.eu\/index.php?rest_route=\/wp\/v2\/pages\/507","targetHints":{"allow":["GET"]}}],"collection":[{"href":"https:\/\/lolaclemente.fpcei.eu\/index.php?rest_route=\/wp\/v2\/pages"}],"about":[{"href":"https:\/\/lolaclemente.fpcei.eu\/index.php?rest_route=\/wp\/v2\/types\/page"}],"author":[{"embeddable":true,"href":"https:\/\/lolaclemente.fpcei.eu\/index.php?rest_route=\/wp\/v2\/users\/2"}],"replies":[{"embeddable":true,"href":"https:\/\/lolaclemente.fpcei.eu\/index.php?rest_route=%2Fwp%2Fv2%2Fcomments&post=507"}],"version-history":[{"count":6,"href":"https:\/\/lolaclemente.fpcei.eu\/index.php?rest_route=\/wp\/v2\/pages\/507\/revisions"}],"predecessor-version":[{"id":629,"href":"https:\/\/lolaclemente.fpcei.eu\/index.php?rest_route=\/wp\/v2\/pages\/507\/revisions\/629"}],"wp:attachment":[{"href":"https:\/\/lolaclemente.fpcei.eu\/index.php?rest_route=%2Fwp%2Fv2%2Fmedia&parent=507"}],"curies":[{"name":"wp","href":"https:\/\/api.w.org\/{rel}","templated":true}]}}