{"id":549,"date":"2026-02-11T22:33:34","date_gmt":"2026-02-11T22:33:34","guid":{"rendered":"https:\/\/lolaclemente.fpcei.eu\/?page_id=549"},"modified":"2026-03-03T12:40:33","modified_gmt":"2026-03-03T12:40:33","slug":"estilo-vintage-pop","status":"publish","type":"page","link":"https:\/\/lolaclemente.fpcei.eu\/?page_id=549","title":{"rendered":"ESTILO VINTAGE POP"},"content":{"rendered":"\n<div class=\"wp-block-columns alignwide is-layout-flex wp-container-core-columns-is-layout-28f84493 wp-block-columns-is-layout-flex\">\n<div class=\"wp-block-column is-layout-flow wp-block-column-is-layout-flow\">\n<p class=\"has-text-align-center\">El estilo Vintage Pop se caracteriza por la fusi\u00f3n de elementos retro con una est\u00e9tica vibrante y contempor\u00e1nea. Toma inspiraci\u00f3n de las d\u00e9cadas de 1950 a 1980, incorporando formas llamativas y referencias culturales ic\u00f3nicas.<\/p>\n\n\n\n<p>Predominan los colores intensos y contrastantes, como rojo, amarillo, turquesa y fucsia, combinados con patrones gr\u00e1ficos y estampados audaces. Los materiales incluyen pl\u00e1stico, metal cromado y madera lacada, que refuerzan su identidad visual din\u00e1mica.<\/p>\n\n\n\n<p class=\"has-text-align-center\">El mobiliario presenta l\u00edneas curvas o geom\u00e9tricas, acompa\u00f1ado de piezas decorativas con car\u00e1cter nost\u00e1lgico. En conjunto, el estilo Vintage Pop transmite energ\u00eda, creatividad y una personalidad alegre y expresiva.<\/p>\n<\/div>\n\n\n\n<div class=\"wp-block-column is-layout-flow wp-block-column-is-layout-flow\">\n<figure class=\"wp-block-image aligncenter size-full is-resized\"><img loading=\"lazy\" decoding=\"async\" width=\"736\" height=\"1307\" src=\"https:\/\/lolaclemente.fpcei.eu\/wp-content\/uploads\/2026\/02\/Eclectic-Art-Wall-IKEA-Vintage-Retro.jpg\" alt=\"\" class=\"wp-image-550\" style=\"aspect-ratio:0.720172744137952;width:330px;height:auto\" srcset=\"https:\/\/lolaclemente.fpcei.eu\/wp-content\/uploads\/2026\/02\/Eclectic-Art-Wall-IKEA-Vintage-Retro.jpg 736w, https:\/\/lolaclemente.fpcei.eu\/wp-content\/uploads\/2026\/02\/Eclectic-Art-Wall-IKEA-Vintage-Retro-169x300.jpg 169w, https:\/\/lolaclemente.fpcei.eu\/wp-content\/uploads\/2026\/02\/Eclectic-Art-Wall-IKEA-Vintage-Retro-577x1024.jpg 577w\" sizes=\"auto, (max-width: 736px) 100vw, 736px\" \/><\/figure>\n<\/div>\n<\/div>\n\n\n\n<h1 class=\"wp-block-heading alignwide has-text-align-center\">Salas vintage pop<\/h1>\n\n\n\n<div class=\"wp-block-group is-layout-grid wp-container-core-group-is-layout-478b6e6b wp-block-group-is-layout-grid\">\n<div class=\"wp-block-cover wp-container-content-69bc4bdf\" style=\"min-height:84px;aspect-ratio:unset;\"><img loading=\"lazy\" decoding=\"async\" width=\"683\" height=\"1024\" class=\"wp-block-cover__image-background wp-image-412 size-large\" alt=\"\" src=\"http:\/\/lolaclemente.fpcei.eu\/wp-content\/uploads\/2026\/02\/descargar-80-1-683x1024.jpg\" data-object-fit=\"cover\" srcset=\"https:\/\/lolaclemente.fpcei.eu\/wp-content\/uploads\/2026\/02\/descargar-80-1-683x1024.jpg 683w, https:\/\/lolaclemente.fpcei.eu\/wp-content\/uploads\/2026\/02\/descargar-80-1-200x300.jpg 200w, https:\/\/lolaclemente.fpcei.eu\/wp-content\/uploads\/2026\/02\/descargar-80-1.jpg 736w\" sizes=\"auto, (max-width: 683px) 100vw, 683px\" \/><span aria-hidden=\"true\" class=\"wp-block-cover__background has-background-dim\" style=\"background-color:#825b45\"><\/span><div class=\"wp-block-cover__inner-container is-layout-flow wp-block-cover-is-layout-flow\">\n<div class=\"wp-block-buttons is-layout-flex wp-block-buttons-is-layout-flex\">\n<div class=\"wp-block-button is-style-outline is-style-outline--1\"><a class=\"wp-block-button__link wp-element-button\" href=\"https:\/\/lolaclemente.fpcei.eu\/?page_id=410\">habitaciones<\/a><\/div>\n<\/div>\n<\/div><\/div>\n\n\n\n<div class=\"wp-block-cover\" style=\"min-height:406px;aspect-ratio:unset;\"><img loading=\"lazy\" decoding=\"async\" width=\"583\" height=\"1024\" class=\"wp-block-cover__image-background wp-image-171 size-large\" alt=\"\" src=\"http:\/\/lolaclemente.fpcei.eu\/wp-content\/uploads\/2026\/02\/vintage_hifi_plants-on-ig-583x1024.jpg\" data-object-fit=\"cover\" srcset=\"https:\/\/lolaclemente.fpcei.eu\/wp-content\/uploads\/2026\/02\/vintage_hifi_plants-on-ig-583x1024.jpg 583w, https:\/\/lolaclemente.fpcei.eu\/wp-content\/uploads\/2026\/02\/vintage_hifi_plants-on-ig-171x300.jpg 171w, https:\/\/lolaclemente.fpcei.eu\/wp-content\/uploads\/2026\/02\/vintage_hifi_plants-on-ig.jpg 736w\" sizes=\"auto, (max-width: 583px) 100vw, 583px\" \/><span aria-hidden=\"true\" class=\"wp-block-cover__background has-background-dim\" style=\"background-color:#755e51\"><\/span><div class=\"wp-block-cover__inner-container is-layout-flow wp-block-cover-is-layout-flow\">\n<div class=\"wp-block-buttons is-layout-flex wp-block-buttons-is-layout-flex\">\n<div class=\"wp-block-button is-style-outline is-style-outline--2\"><a class=\"wp-block-button__link wp-element-button\" href=\"https:\/\/lolaclemente.fpcei.eu\/?page_id=42\">salones<\/a><\/div>\n<\/div>\n<\/div><\/div>\n\n\n\n<div class=\"wp-block-group is-layout-grid wp-container-core-group-is-layout-478b6e6b wp-block-group-is-layout-grid\">\n<div class=\"wp-block-cover\" style=\"min-height:382px;aspect-ratio:unset;\"><img loading=\"lazy\" decoding=\"async\" width=\"720\" height=\"1152\" class=\"wp-block-cover__image-background wp-image-332 size-full\" alt=\"\" src=\"http:\/\/lolaclemente.fpcei.eu\/wp-content\/uploads\/2026\/02\/descargar-62.jpg\" data-object-fit=\"cover\" srcset=\"https:\/\/lolaclemente.fpcei.eu\/wp-content\/uploads\/2026\/02\/descargar-62.jpg 720w, https:\/\/lolaclemente.fpcei.eu\/wp-content\/uploads\/2026\/02\/descargar-62-188x300.jpg 188w, https:\/\/lolaclemente.fpcei.eu\/wp-content\/uploads\/2026\/02\/descargar-62-640x1024.jpg 640w\" sizes=\"auto, (max-width: 720px) 100vw, 720px\" \/><span aria-hidden=\"true\" class=\"wp-block-cover__background has-background-dim\" style=\"background-color:#847465\"><\/span><div class=\"wp-block-cover__inner-container is-layout-flow wp-block-cover-is-layout-flow\">\n<div class=\"wp-block-buttons is-layout-flex wp-block-buttons-is-layout-flex\">\n<div class=\"wp-block-button is-style-outline is-style-outline--3\"><a class=\"wp-block-button__link wp-element-button\" href=\"https:\/\/lolaclemente.fpcei.eu\/?page_id=328\">cocinas<\/a><\/div>\n<\/div>\n<\/div><\/div>\n<\/div>\n<\/div>\n","protected":false},"excerpt":{"rendered":"<p>El estilo Vintage Pop se caracteriza por la fusi\u00f3n de elementos retro con una est\u00e9tica vibrante y contempor\u00e1nea. Toma inspiraci\u00f3n de las d\u00e9cadas de 1950 a 1980, incorporando formas llamativas y referencias culturales ic\u00f3nicas. Predominan los colores intensos y contrastantes, como rojo, amarillo, turquesa y fucsia, combinados con patrones gr\u00e1ficos y estampados audaces. Los materiales [&hellip;]<\/p>\n","protected":false},"author":2,"featured_media":0,"parent":0,"menu_order":0,"comment_status":"closed","ping_status":"closed","template":"","meta":{"footnotes":""},"class_list":["post-549","page","type-page","status-publish","hentry"],"_links":{"self":[{"href":"https:\/\/lolaclemente.fpcei.eu\/index.php?rest_route=\/wp\/v2\/pages\/549","targetHints":{"allow":["GET"]}}],"collection":[{"href":"https:\/\/lolaclemente.fpcei.eu\/index.php?rest_route=\/wp\/v2\/pages"}],"about":[{"href":"https:\/\/lolaclemente.fpcei.eu\/index.php?rest_route=\/wp\/v2\/types\/page"}],"author":[{"embeddable":true,"href":"https:\/\/lolaclemente.fpcei.eu\/index.php?rest_route=\/wp\/v2\/users\/2"}],"replies":[{"embeddable":true,"href":"https:\/\/lolaclemente.fpcei.eu\/index.php?rest_route=%2Fwp%2Fv2%2Fcomments&post=549"}],"version-history":[{"count":4,"href":"https:\/\/lolaclemente.fpcei.eu\/index.php?rest_route=\/wp\/v2\/pages\/549\/revisions"}],"predecessor-version":[{"id":630,"href":"https:\/\/lolaclemente.fpcei.eu\/index.php?rest_route=\/wp\/v2\/pages\/549\/revisions\/630"}],"wp:attachment":[{"href":"https:\/\/lolaclemente.fpcei.eu\/index.php?rest_route=%2Fwp%2Fv2%2Fmedia&parent=549"}],"curies":[{"name":"wp","href":"https:\/\/api.w.org\/{rel}","templated":true}]}}