{"id":552,"date":"2026-02-11T22:47:17","date_gmt":"2026-02-11T22:47:17","guid":{"rendered":"https:\/\/lolaclemente.fpcei.eu\/?page_id=552"},"modified":"2026-03-03T12:35:46","modified_gmt":"2026-03-03T12:35:46","slug":"estilo-cozy","status":"publish","type":"page","link":"https:\/\/lolaclemente.fpcei.eu\/?page_id=552","title":{"rendered":"ESTILO COZY"},"content":{"rendered":"\n<div class=\"wp-block-columns alignwide is-layout-flex wp-container-core-columns-is-layout-28f84493 wp-block-columns-is-layout-flex\">\n<div class=\"wp-block-column is-layout-flow wp-block-column-is-layout-flow\">\n<p class=\"has-text-align-center\">El estilo cozy se caracteriza por crear espacios c\u00e1lidos, \u00edntimos y confortables. Su objetivo principal es generar una sensaci\u00f3n de bienestar y tranquilidad a trav\u00e9s de una atm\u00f3sfera acogedora.<\/p>\n\n\n\n<p>Predominan los tonos suaves y neutros como beige, crema, gris claro y marr\u00f3n, acompa\u00f1ados de iluminaci\u00f3n c\u00e1lida y tenue. Los materiales suelen ser agradables al tacto, como lana, algod\u00f3n, lino y madera natural.<\/p>\n\n\n\n<p class=\"has-text-align-center\">El mobiliario prioriza la comodidad, con sof\u00e1s amplios, mantas, cojines y alfombras que aportan textura. En conjunto, el estilo cozy transmite serenidad, cercan\u00eda y un ambiente propicio para el descanso.<\/p>\n<\/div>\n\n\n\n<div class=\"wp-block-column is-layout-flow wp-block-column-is-layout-flow\">\n<figure class=\"wp-block-image aligncenter size-full is-resized\"><img loading=\"lazy\" decoding=\"async\" width=\"569\" height=\"954\" src=\"https:\/\/lolaclemente.fpcei.eu\/wp-content\/uploads\/2026\/02\/A-Bedroom-That-Tells-a-Story-1-1.jpg\" alt=\"\" class=\"wp-image-553\" style=\"aspect-ratio:0.720172744137952;width:330px;height:auto\" srcset=\"https:\/\/lolaclemente.fpcei.eu\/wp-content\/uploads\/2026\/02\/A-Bedroom-That-Tells-a-Story-1-1.jpg 569w, https:\/\/lolaclemente.fpcei.eu\/wp-content\/uploads\/2026\/02\/A-Bedroom-That-Tells-a-Story-1-1-179x300.jpg 179w\" sizes=\"auto, (max-width: 569px) 100vw, 569px\" \/><\/figure>\n<\/div>\n<\/div>\n\n\n\n<h1 class=\"wp-block-heading alignwide has-text-align-center\">Salas cozy<\/h1>\n\n\n\n<div class=\"wp-block-group is-layout-grid wp-container-core-group-is-layout-478b6e6b wp-block-group-is-layout-grid\">\n<div class=\"wp-block-cover wp-container-content-69bc4bdf\" style=\"min-height:84px;aspect-ratio:unset;\"><img loading=\"lazy\" decoding=\"async\" width=\"569\" height=\"954\" class=\"wp-block-cover__image-background wp-image-354 size-full\" alt=\"\" src=\"http:\/\/lolaclemente.fpcei.eu\/wp-content\/uploads\/2026\/02\/A-Bedroom-That-Tells-a-Story.jpg\" data-object-fit=\"cover\" srcset=\"https:\/\/lolaclemente.fpcei.eu\/wp-content\/uploads\/2026\/02\/A-Bedroom-That-Tells-a-Story.jpg 569w, https:\/\/lolaclemente.fpcei.eu\/wp-content\/uploads\/2026\/02\/A-Bedroom-That-Tells-a-Story-179x300.jpg 179w\" sizes=\"auto, (max-width: 569px) 100vw, 569px\" \/><span aria-hidden=\"true\" class=\"wp-block-cover__background has-background-dim\" style=\"background-color:#825f43\"><\/span><div class=\"wp-block-cover__inner-container is-layout-flow wp-block-cover-is-layout-flow\">\n<div class=\"wp-block-buttons is-layout-flex wp-block-buttons-is-layout-flex\">\n<div class=\"wp-block-button is-style-outline is-style-outline--1\"><a class=\"wp-block-button__link wp-element-button\" href=\"https:\/\/lolaclemente.fpcei.eu\/?page_id=423\">habitaciones<\/a><\/div>\n<\/div>\n<\/div><\/div>\n\n\n\n<div class=\"wp-block-group is-layout-grid wp-container-core-group-is-layout-478b6e6b wp-block-group-is-layout-grid\"><\/div>\n\n\n\n<div class=\"wp-block-cover wp-container-content-69bc4bdf\" style=\"min-height:406px;aspect-ratio:unset;\"><img loading=\"lazy\" decoding=\"async\" width=\"736\" height=\"912\" class=\"wp-block-cover__image-background wp-image-200 size-full\" alt=\"\" src=\"http:\/\/lolaclemente.fpcei.eu\/wp-content\/uploads\/2026\/02\/descargar-35.jpg\" data-object-fit=\"cover\" srcset=\"https:\/\/lolaclemente.fpcei.eu\/wp-content\/uploads\/2026\/02\/descargar-35.jpg 736w, https:\/\/lolaclemente.fpcei.eu\/wp-content\/uploads\/2026\/02\/descargar-35-242x300.jpg 242w\" sizes=\"auto, (max-width: 736px) 100vw, 736px\" \/><span aria-hidden=\"true\" class=\"wp-block-cover__background has-background-dim\" style=\"background-color:#8e7451\"><\/span><div class=\"wp-block-cover__inner-container is-layout-flow wp-block-cover-is-layout-flow\">\n<div class=\"wp-block-buttons is-layout-flex wp-block-buttons-is-layout-flex\">\n<div class=\"wp-block-button is-style-outline is-style-outline--2\"><a class=\"wp-block-button__link wp-element-button\" href=\"https:\/\/lolaclemente.fpcei.eu\/?page_id=196\">salones<\/a><\/div>\n<\/div>\n<\/div><\/div>\n<\/div>\n","protected":false},"excerpt":{"rendered":"<p>El estilo cozy se caracteriza por crear espacios c\u00e1lidos, \u00edntimos y confortables. Su objetivo principal es generar una sensaci\u00f3n de bienestar y tranquilidad a trav\u00e9s de una atm\u00f3sfera acogedora. Predominan los tonos suaves y neutros como beige, crema, gris claro y marr\u00f3n, acompa\u00f1ados de iluminaci\u00f3n c\u00e1lida y tenue. Los materiales suelen ser agradables al tacto, [&hellip;]<\/p>\n","protected":false},"author":2,"featured_media":0,"parent":0,"menu_order":0,"comment_status":"closed","ping_status":"closed","template":"","meta":{"footnotes":""},"class_list":["post-552","page","type-page","status-publish","hentry"],"_links":{"self":[{"href":"https:\/\/lolaclemente.fpcei.eu\/index.php?rest_route=\/wp\/v2\/pages\/552","targetHints":{"allow":["GET"]}}],"collection":[{"href":"https:\/\/lolaclemente.fpcei.eu\/index.php?rest_route=\/wp\/v2\/pages"}],"about":[{"href":"https:\/\/lolaclemente.fpcei.eu\/index.php?rest_route=\/wp\/v2\/types\/page"}],"author":[{"embeddable":true,"href":"https:\/\/lolaclemente.fpcei.eu\/index.php?rest_route=\/wp\/v2\/users\/2"}],"replies":[{"embeddable":true,"href":"https:\/\/lolaclemente.fpcei.eu\/index.php?rest_route=%2Fwp%2Fv2%2Fcomments&post=552"}],"version-history":[{"count":3,"href":"https:\/\/lolaclemente.fpcei.eu\/index.php?rest_route=\/wp\/v2\/pages\/552\/revisions"}],"predecessor-version":[{"id":622,"href":"https:\/\/lolaclemente.fpcei.eu\/index.php?rest_route=\/wp\/v2\/pages\/552\/revisions\/622"}],"wp:attachment":[{"href":"https:\/\/lolaclemente.fpcei.eu\/index.php?rest_route=%2Fwp%2Fv2%2Fmedia&parent=552"}],"curies":[{"name":"wp","href":"https:\/\/api.w.org\/{rel}","templated":true}]}}