{"id":555,"date":"2026-02-11T22:54:41","date_gmt":"2026-02-11T22:54:41","guid":{"rendered":"https:\/\/lolaclemente.fpcei.eu\/?page_id=555"},"modified":"2026-03-03T12:37:27","modified_gmt":"2026-03-03T12:37:27","slug":"estilo-minimalista","status":"publish","type":"page","link":"https:\/\/lolaclemente.fpcei.eu\/?page_id=555","title":{"rendered":"ESTILO MINIMALISTA"},"content":{"rendered":"\n<div class=\"wp-block-columns alignwide is-layout-flex wp-container-core-columns-is-layout-28f84493 wp-block-columns-is-layout-flex\">\n<div class=\"wp-block-column is-layout-flow wp-block-column-is-layout-flow\">\n<p class=\"has-text-align-center\">El estilo minimalista se caracteriza por la simplicidad, la funcionalidad y la eliminaci\u00f3n de elementos innecesarios. Busca crear espacios despejados que transmitan orden y serenidad.<\/p>\n\n\n\n<p>Predominan los colores neutros como blanco, gris y beige, con ocasionales acentos en tonos s\u00f3lidos. Los materiales suelen ser sencillos y de calidad, como madera clara, metal y vidrio.<\/p>\n\n\n\n<p class=\"has-text-align-center\">El mobiliario tiene l\u00edneas limpias, formas geom\u00e9tricas y dise\u00f1os pr\u00e1cticos, evitando la decoraci\u00f3n excesiva. En conjunto, el estilo minimalista transmite claridad, elegancia y armon\u00eda visual.<\/p>\n<\/div>\n\n\n\n<div class=\"wp-block-column is-layout-flow wp-block-column-is-layout-flow\">\n<figure class=\"wp-block-image aligncenter size-full is-resized\"><img loading=\"lazy\" decoding=\"async\" width=\"1000\" height=\"1500\" src=\"https:\/\/lolaclemente.fpcei.eu\/wp-content\/uploads\/2026\/02\/2e59ca8b2e6b700be784f44101afe60a.jpg\" alt=\"\" class=\"wp-image-556\" style=\"aspect-ratio:0.720172744137952;width:330px;height:auto\" srcset=\"https:\/\/lolaclemente.fpcei.eu\/wp-content\/uploads\/2026\/02\/2e59ca8b2e6b700be784f44101afe60a.jpg 1000w, https:\/\/lolaclemente.fpcei.eu\/wp-content\/uploads\/2026\/02\/2e59ca8b2e6b700be784f44101afe60a-200x300.jpg 200w, https:\/\/lolaclemente.fpcei.eu\/wp-content\/uploads\/2026\/02\/2e59ca8b2e6b700be784f44101afe60a-683x1024.jpg 683w, https:\/\/lolaclemente.fpcei.eu\/wp-content\/uploads\/2026\/02\/2e59ca8b2e6b700be784f44101afe60a-768x1152.jpg 768w\" sizes=\"auto, (max-width: 1000px) 100vw, 1000px\" \/><\/figure>\n<\/div>\n<\/div>\n\n\n\n<h1 class=\"wp-block-heading\">Salas minimalistas<\/h1>\n\n\n\n<div class=\"wp-block-group is-layout-grid wp-container-core-group-is-layout-478b6e6b wp-block-group-is-layout-grid\">\n<div class=\"wp-block-cover is-light wp-container-content-69bc4bdf\" style=\"min-height:84px;aspect-ratio:unset;\"><img loading=\"lazy\" decoding=\"async\" width=\"574\" height=\"1024\" class=\"wp-block-cover__image-background wp-image-384 size-large\" alt=\"\" src=\"http:\/\/lolaclemente.fpcei.eu\/wp-content\/uploads\/2026\/02\/Dormitorio-moderno-en-tonos-tierra_-crea-un-refugio-acogedor-y-natural-en-tu-hogar-574x1024.jpg\" data-object-fit=\"cover\" srcset=\"https:\/\/lolaclemente.fpcei.eu\/wp-content\/uploads\/2026\/02\/Dormitorio-moderno-en-tonos-tierra_-crea-un-refugio-acogedor-y-natural-en-tu-hogar-574x1024.jpg 574w, https:\/\/lolaclemente.fpcei.eu\/wp-content\/uploads\/2026\/02\/Dormitorio-moderno-en-tonos-tierra_-crea-un-refugio-acogedor-y-natural-en-tu-hogar-168x300.jpg 168w, https:\/\/lolaclemente.fpcei.eu\/wp-content\/uploads\/2026\/02\/Dormitorio-moderno-en-tonos-tierra_-crea-un-refugio-acogedor-y-natural-en-tu-hogar.jpg 736w\" sizes=\"auto, (max-width: 574px) 100vw, 574px\" \/><span aria-hidden=\"true\" class=\"wp-block-cover__background has-background-dim\" style=\"background-color:#8b8176\"><\/span><div class=\"wp-block-cover__inner-container is-layout-flow wp-block-cover-is-layout-flow\">\n<div class=\"wp-block-buttons is-layout-flex wp-block-buttons-is-layout-flex\">\n<div class=\"wp-block-button is-style-outline is-style-outline--1\"><a class=\"wp-block-button__link wp-element-button\" href=\"https:\/\/lolaclemente.fpcei.eu\/?page_id=381\">habitaciones<\/a><\/div>\n<\/div>\n<\/div><\/div>\n\n\n\n<div class=\"wp-block-cover is-light\" style=\"min-height:406px;aspect-ratio:unset;\"><img loading=\"lazy\" decoding=\"async\" width=\"573\" height=\"1024\" class=\"wp-block-cover__image-background wp-image-245 size-large\" alt=\"\" src=\"http:\/\/lolaclemente.fpcei.eu\/wp-content\/uploads\/2026\/02\/descargar-43-573x1024.jpg\" data-object-fit=\"cover\" srcset=\"https:\/\/lolaclemente.fpcei.eu\/wp-content\/uploads\/2026\/02\/descargar-43-573x1024.jpg 573w, https:\/\/lolaclemente.fpcei.eu\/wp-content\/uploads\/2026\/02\/descargar-43-168x300.jpg 168w, https:\/\/lolaclemente.fpcei.eu\/wp-content\/uploads\/2026\/02\/descargar-43.jpg 672w\" sizes=\"auto, (max-width: 573px) 100vw, 573px\" \/><span aria-hidden=\"true\" class=\"wp-block-cover__background has-background-dim\" style=\"background-color:#a3998f\"><\/span><div class=\"wp-block-cover__inner-container is-layout-flow wp-block-cover-is-layout-flow\">\n<div class=\"wp-block-buttons is-layout-flex wp-block-buttons-is-layout-flex\">\n<div class=\"wp-block-button is-style-outline is-style-outline--2\"><a class=\"wp-block-button__link wp-element-button\" href=\"https:\/\/lolaclemente.fpcei.eu\/?page_id=231\">salones<\/a><\/div>\n<\/div>\n<\/div><\/div>\n\n\n\n<div class=\"wp-block-group is-layout-grid wp-container-core-group-is-layout-478b6e6b wp-block-group-is-layout-grid\">\n<div class=\"wp-block-cover\" style=\"min-height:382px;aspect-ratio:unset;\"><img loading=\"lazy\" decoding=\"async\" width=\"736\" height=\"1040\" class=\"wp-block-cover__image-background wp-image-298 size-full\" alt=\"\" src=\"http:\/\/lolaclemente.fpcei.eu\/wp-content\/uploads\/2026\/02\/Modern-Minimalist-Kitchen-with-Natural-Light.jpg\" data-object-fit=\"cover\" srcset=\"https:\/\/lolaclemente.fpcei.eu\/wp-content\/uploads\/2026\/02\/Modern-Minimalist-Kitchen-with-Natural-Light.jpg 736w, https:\/\/lolaclemente.fpcei.eu\/wp-content\/uploads\/2026\/02\/Modern-Minimalist-Kitchen-with-Natural-Light-212x300.jpg 212w, https:\/\/lolaclemente.fpcei.eu\/wp-content\/uploads\/2026\/02\/Modern-Minimalist-Kitchen-with-Natural-Light-725x1024.jpg 725w\" sizes=\"auto, (max-width: 736px) 100vw, 736px\" \/><span aria-hidden=\"true\" class=\"wp-block-cover__background has-background-dim\" style=\"background-color:#8c7967\"><\/span><div class=\"wp-block-cover__inner-container is-layout-flow wp-block-cover-is-layout-flow\">\n<div class=\"wp-block-buttons is-layout-flex wp-block-buttons-is-layout-flex\">\n<div class=\"wp-block-button is-style-outline is-style-outline--3\"><a class=\"wp-block-button__link wp-element-button\" href=\"https:\/\/lolaclemente.fpcei.eu\/?page_id=294\">cocinas<\/a><\/div>\n<\/div>\n<\/div><\/div>\n<\/div>\n<\/div>\n","protected":false},"excerpt":{"rendered":"<p>El estilo minimalista se caracteriza por la simplicidad, la funcionalidad y la eliminaci\u00f3n de elementos innecesarios. Busca crear espacios despejados que transmitan orden y serenidad. Predominan los colores neutros como blanco, gris y beige, con ocasionales acentos en tonos s\u00f3lidos. Los materiales suelen ser sencillos y de calidad, como madera clara, metal y vidrio. El [&hellip;]<\/p>\n","protected":false},"author":2,"featured_media":0,"parent":0,"menu_order":0,"comment_status":"closed","ping_status":"closed","template":"","meta":{"footnotes":""},"class_list":["post-555","page","type-page","status-publish","hentry"],"_links":{"self":[{"href":"https:\/\/lolaclemente.fpcei.eu\/index.php?rest_route=\/wp\/v2\/pages\/555","targetHints":{"allow":["GET"]}}],"collection":[{"href":"https:\/\/lolaclemente.fpcei.eu\/index.php?rest_route=\/wp\/v2\/pages"}],"about":[{"href":"https:\/\/lolaclemente.fpcei.eu\/index.php?rest_route=\/wp\/v2\/types\/page"}],"author":[{"embeddable":true,"href":"https:\/\/lolaclemente.fpcei.eu\/index.php?rest_route=\/wp\/v2\/users\/2"}],"replies":[{"embeddable":true,"href":"https:\/\/lolaclemente.fpcei.eu\/index.php?rest_route=%2Fwp%2Fv2%2Fcomments&post=555"}],"version-history":[{"count":3,"href":"https:\/\/lolaclemente.fpcei.eu\/index.php?rest_route=\/wp\/v2\/pages\/555\/revisions"}],"predecessor-version":[{"id":625,"href":"https:\/\/lolaclemente.fpcei.eu\/index.php?rest_route=\/wp\/v2\/pages\/555\/revisions\/625"}],"wp:attachment":[{"href":"https:\/\/lolaclemente.fpcei.eu\/index.php?rest_route=%2Fwp%2Fv2%2Fmedia&parent=555"}],"curies":[{"name":"wp","href":"https:\/\/api.w.org\/{rel}","templated":true}]}}