{"id":62,"date":"2026-02-04T18:25:42","date_gmt":"2026-02-04T18:25:42","guid":{"rendered":"https:\/\/lolaclemente.fpcei.eu\/?page_id=62"},"modified":"2026-02-05T17:30:30","modified_gmt":"2026-02-05T17:30:30","slug":"salones-clasicos","status":"publish","type":"page","link":"https:\/\/lolaclemente.fpcei.eu\/?page_id=62","title":{"rendered":"SALONES CLASICOS"},"content":{"rendered":"\n<div class=\"wp-block-group alignfull has-global-padding is-layout-constrained wp-container-core-group-is-layout-0c9c989a wp-block-group-is-layout-constrained\" style=\"min-height:0vh;margin-top:0;margin-bottom:0;padding-top:var(--wp--preset--spacing--70);padding-right:var(--wp--preset--spacing--40);padding-bottom:var(--wp--preset--spacing--70);padding-left:var(--wp--preset--spacing--40)\">\n<div class=\"wp-block-group has-global-padding is-layout-constrained wp-container-core-group-is-layout-346627ba wp-block-group-is-layout-constrained\">\n<p class=\"has-text-align-center\">Los <strong>salones cl\u00e1sicos<\/strong> se caracterizan por una est\u00e9tica atemporal basada en el equilibrio, la armon\u00eda y la elegancia. Este estilo decorativo prioriza la calidad de los materiales, la proporci\u00f3n de los espacios y una composici\u00f3n visual ordenada, dando como resultado ambientes sofisticados y duraderos.<\/p>\n<\/div>\n<\/div>\n\n\n\n<div class=\"wp-block-group alignfull is-style-section-1 has-global-padding is-layout-constrained wp-block-group-is-layout-constrained is-style-section-1--1\" style=\"margin-top:0;margin-bottom:0;padding-top:var(--wp--preset--spacing--80);padding-bottom:var(--wp--preset--spacing--80)\">\n<div class=\"wp-block-columns alignwide is-layout-flex wp-container-core-columns-is-layout-66fad18a wp-block-columns-is-layout-flex\">\n<div class=\"wp-block-column is-layout-flow wp-block-column-is-layout-flow\" style=\"padding-right:var(--wp--preset--spacing--50);flex-basis:45%\">\n<figure class=\"wp-block-image size-full is-resized\"><img loading=\"lazy\" decoding=\"async\" width=\"736\" height=\"736\" src=\"https:\/\/lolaclemente.fpcei.eu\/wp-content\/uploads\/2026\/02\/Classic-American-Home-Interior-1.jpg\" alt=\"\" class=\"wp-image-72\" style=\"width:464px;height:auto\" srcset=\"https:\/\/lolaclemente.fpcei.eu\/wp-content\/uploads\/2026\/02\/Classic-American-Home-Interior-1.jpg 736w, https:\/\/lolaclemente.fpcei.eu\/wp-content\/uploads\/2026\/02\/Classic-American-Home-Interior-1-300x300.jpg 300w, https:\/\/lolaclemente.fpcei.eu\/wp-content\/uploads\/2026\/02\/Classic-American-Home-Interior-1-150x150.jpg 150w\" sizes=\"auto, (max-width: 736px) 100vw, 736px\" \/><\/figure>\n\n\n\n<div class=\"wp-block-group has-global-padding is-layout-constrained wp-block-group-is-layout-constrained\" style=\"margin-top:-12vw\"><\/div>\n\n\n\n<figure class=\"wp-block-image alignright size-full is-resized wp-duotone-unset-2\" style=\"margin-right:-5vw;margin-left:-5vw\"><img loading=\"lazy\" decoding=\"async\" width=\"736\" height=\"1119\" src=\"https:\/\/lolaclemente.fpcei.eu\/wp-content\/uploads\/2026\/02\/christmas-weihnachten-xmas_.jpg\" alt=\"\" class=\"wp-image-73\" style=\"aspect-ratio:0.657746120580005;width:273px;height:auto\" srcset=\"https:\/\/lolaclemente.fpcei.eu\/wp-content\/uploads\/2026\/02\/christmas-weihnachten-xmas_.jpg 736w, https:\/\/lolaclemente.fpcei.eu\/wp-content\/uploads\/2026\/02\/christmas-weihnachten-xmas_-197x300.jpg 197w, https:\/\/lolaclemente.fpcei.eu\/wp-content\/uploads\/2026\/02\/christmas-weihnachten-xmas_-674x1024.jpg 674w\" sizes=\"auto, (max-width: 736px) 100vw, 736px\" \/><\/figure>\n<\/div>\n\n\n\n<div class=\"wp-block-column is-vertically-aligned-center is-layout-flow wp-block-column-is-layout-flow\" style=\"padding-right:0;padding-left:0;flex-basis:50%\">\n<div class=\"wp-block-group is-vertical is-layout-flex wp-container-core-group-is-layout-fe9cc265 wp-block-group-is-layout-flex\">\n<h2 class=\"wp-block-heading is-style-text-annotation is-style-text-annotation--3\">Mobilario<\/h2>\n<\/div>\n\n\n\n<p class=\"is-style-text-subtitle is-style-text-subtitle--4\">El mobiliario suele ser robusto y de l\u00edneas definidas, frecuentemente elaborado en maderas nobles. Los sof\u00e1s y butacas presentan formas envolventes y c\u00f3modas, mientras que las mesas y aparadores aportan solidez y presencia al conjunto. La disposici\u00f3n de los elementos responde, en muchos casos, a criterios de simetr\u00eda, lo que refuerza la sensaci\u00f3n de orden y estabilidad.<\/p>\n<\/div>\n<\/div>\n<\/div>\n\n\n\n<div class=\"wp-block-group alignfull has-global-padding is-layout-constrained wp-container-core-group-is-layout-ebee8dc1 wp-block-group-is-layout-constrained\" style=\"margin-top:0;margin-bottom:0;padding-top:var(--wp--preset--spacing--50);padding-bottom:var(--wp--preset--spacing--50)\">\n<h2 class=\"wp-block-heading alignwide\">Paleta De Colores<\/h2>\n\n\n\n<p class=\"has-text-align-center\">La paleta crom\u00e1tica se compone principalmente de tonos neutros y suaves como beige, crema, gris o marfil, complementados ocasionalmente por colores m\u00e1s profundos como el verde oscuro, el azul marino o el burdeos. Estos colores se utilizan con moderaci\u00f3n para mantener una atm\u00f3sfera serena y equilibrada.<\/p>\n\n\n\n<div class=\"wp-block-columns alignwide is-layout-flex wp-container-core-columns-is-layout-28f84493 wp-block-columns-is-layout-flex\">\n<div class=\"wp-block-column is-layout-flow wp-block-column-is-layout-flow\">\n<figure class=\"wp-block-image size-full is-resized\"><img loading=\"lazy\" decoding=\"async\" width=\"300\" height=\"240\" src=\"https:\/\/lolaclemente.fpcei.eu\/wp-content\/uploads\/2026\/02\/Tru-Color-20-Standard-Deck-Black-1oz-2.jpg\" alt=\"\" class=\"wp-image-81\" style=\"aspect-ratio:1.25002814998311;width:326px;height:auto\"\/><\/figure>\n\n\n\n<h3 class=\"wp-block-heading has-text-align-center\">Azul marino<\/h3>\n<\/div>\n\n\n\n<div class=\"wp-block-column is-layout-flow wp-block-column-is-layout-flow\">\n<figure class=\"wp-block-image size-full\" style=\"margin-bottom:24px\"><img loading=\"lazy\" decoding=\"async\" width=\"736\" height=\"658\" src=\"https:\/\/lolaclemente.fpcei.eu\/wp-content\/uploads\/2026\/02\/SALE-End-of-Bolt-Fabric-KONA-Burgundy-Fabric-Solid-Maroon-Fabric-Quilters-Fabric-Cotton-Robert-Kaufman-Fabric-1054-Burgundy-Dark-Red.jpg\" alt=\"\" class=\"wp-image-77\" style=\"aspect-ratio:4\/3;object-fit:cover\" srcset=\"https:\/\/lolaclemente.fpcei.eu\/wp-content\/uploads\/2026\/02\/SALE-End-of-Bolt-Fabric-KONA-Burgundy-Fabric-Solid-Maroon-Fabric-Quilters-Fabric-Cotton-Robert-Kaufman-Fabric-1054-Burgundy-Dark-Red.jpg 736w, https:\/\/lolaclemente.fpcei.eu\/wp-content\/uploads\/2026\/02\/SALE-End-of-Bolt-Fabric-KONA-Burgundy-Fabric-Solid-Maroon-Fabric-Quilters-Fabric-Cotton-Robert-Kaufman-Fabric-1054-Burgundy-Dark-Red-300x268.jpg 300w\" sizes=\"auto, (max-width: 736px) 100vw, 736px\" \/><\/figure>\n\n\n\n<h3 class=\"wp-block-heading has-text-align-center\">Burdeos<\/h3>\n<\/div>\n\n\n\n<div class=\"wp-block-column is-layout-flow wp-block-column-is-layout-flow\">\n<figure class=\"wp-block-image size-full\" style=\"margin-bottom:24px\"><img loading=\"lazy\" decoding=\"async\" width=\"540\" height=\"432\" src=\"https:\/\/lolaclemente.fpcei.eu\/wp-content\/uploads\/2026\/02\/fav-color.jpg\" alt=\"\" class=\"wp-image-79\" style=\"aspect-ratio:4\/3;object-fit:cover\" srcset=\"https:\/\/lolaclemente.fpcei.eu\/wp-content\/uploads\/2026\/02\/fav-color.jpg 540w, https:\/\/lolaclemente.fpcei.eu\/wp-content\/uploads\/2026\/02\/fav-color-300x240.jpg 300w\" sizes=\"auto, (max-width: 540px) 100vw, 540px\" \/><\/figure>\n\n\n\n<h3 class=\"wp-block-heading has-text-align-center\">Verde oscuro<\/h3>\n<\/div>\n<\/div>\n<\/div>\n\n\n\n<div class=\"wp-block-group alignfull has-global-padding is-layout-constrained wp-block-group-is-layout-constrained\" style=\"margin-top:0;margin-bottom:0;padding-top:var(--wp--preset--spacing--60);padding-bottom:var(--wp--preset--spacing--60)\">\n<div class=\"wp-block-columns alignwide is-layout-flex wp-container-core-columns-is-layout-74b2cda3 wp-block-columns-is-layout-flex\">\n<div class=\"wp-block-column is-layout-flow wp-block-column-is-layout-flow\">\n<div class=\"wp-block-group is-vertical is-content-justification-left is-layout-flex wp-container-core-group-is-layout-7ce391b6 wp-block-group-is-layout-flex\" style=\"min-height:100%\">\n<h2 class=\"wp-block-heading is-style-text-annotation has-x-small-font-size is-style-text-annotation--5\">Detalles Decorativos<\/h2>\n\n\n\n<blockquote class=\"wp-block-quote is-style-plain has-x-large-font-size is-layout-flow wp-container-core-quote-is-layout-5dafc681 wp-block-quote-is-layout-flow is-style-plain--6\" style=\"font-style:normal;font-weight:400\">\n<div class=\"wp-block-group has-global-padding is-content-justification-left is-layout-constrained wp-container-core-group-is-layout-085bd3d9 wp-block-group-is-layout-constrained\" style=\"margin-top:0;margin-bottom:0;padding-top:0;padding-right:0;padding-bottom:0;padding-left:0\">\n<p class=\"has-large-font-size\">Los detalles decorativos tienen un papel fundamental. Molduras, espejos, marcos trabajados y textiles de calidad aportan riqueza visual sin resultar excesivos. La iluminaci\u00f3n es c\u00e1lida y cuidada, generalmente a trav\u00e9s de l\u00e1mparas de sobremesa, apliques o elementos colgantes discretos, contribuyendo a crear un ambiente acogedor.<\/p>\n\n\n\n<p><\/p>\n<\/div>\n<\/blockquote>\n<\/div>\n<\/div>\n\n\n\n<div class=\"wp-block-column is-layout-flow wp-block-column-is-layout-flow\" style=\"padding-top:0;padding-right:0;padding-bottom:0;padding-left:0\">\n<figure class=\"wp-block-image size-full\"><img loading=\"lazy\" decoding=\"async\" width=\"736\" height=\"736\" src=\"https:\/\/lolaclemente.fpcei.eu\/wp-content\/uploads\/2026\/02\/descargar-9.jpg\" alt=\"\" class=\"wp-image-82\" style=\"aspect-ratio:1;object-fit:cover\" srcset=\"https:\/\/lolaclemente.fpcei.eu\/wp-content\/uploads\/2026\/02\/descargar-9.jpg 736w, https:\/\/lolaclemente.fpcei.eu\/wp-content\/uploads\/2026\/02\/descargar-9-300x300.jpg 300w, https:\/\/lolaclemente.fpcei.eu\/wp-content\/uploads\/2026\/02\/descargar-9-150x150.jpg 150w\" sizes=\"auto, (max-width: 736px) 100vw, 736px\" \/><\/figure>\n<\/div>\n<\/div>\n<\/div>\n\n\n\n<div class=\"wp-block-group alignfull has-global-padding is-layout-constrained wp-block-group-is-layout-constrained\" style=\"margin-top:0;margin-bottom:0;padding-top:var(--wp--preset--spacing--60);padding-bottom:var(--wp--preset--spacing--60)\">\n<h2 class=\"wp-block-heading alignwide has-text-align-center\">inspiracion<\/h2>\n\n\n\n<div class=\"wp-block-group alignwide has-global-padding is-layout-constrained wp-block-group-is-layout-constrained\">\n<div style=\"height:var(--wp--preset--spacing--40)\" aria-hidden=\"true\" class=\"wp-block-spacer\"><\/div>\n\n\n\n<div class=\"wp-block-columns alignwide is-layout-flex wp-container-core-columns-is-layout-1d9f35bd wp-block-columns-is-layout-flex\">\n<div class=\"wp-block-column has-border-color is-layout-flow wp-block-column-is-layout-flow\" style=\"border-color:var(--wp--preset--color--accent-6);border-width:1px;border-radius:10px;padding-top:var(--wp--preset--spacing--50);padding-right:var(--wp--preset--spacing--50);padding-bottom:var(--wp--preset--spacing--50);padding-left:var(--wp--preset--spacing--50)\">\n<div class=\"wp-block-group is-nowrap is-layout-flex wp-container-core-group-is-layout-6c531013 wp-block-group-is-layout-flex\">\n<figure class=\"wp-block-image size-large is-resized\"><img loading=\"lazy\" decoding=\"async\" width=\"683\" height=\"1024\" src=\"https:\/\/lolaclemente.fpcei.eu\/wp-content\/uploads\/2026\/02\/Create-a-sophisticated-home-with-timeless-appeal\u2026-2-683x1024.jpg\" alt=\"\" class=\"wp-image-86\" style=\"aspect-ratio:0.6669928564438791;width:317px;height:auto\" srcset=\"https:\/\/lolaclemente.fpcei.eu\/wp-content\/uploads\/2026\/02\/Create-a-sophisticated-home-with-timeless-appeal\u2026-2-683x1024.jpg 683w, https:\/\/lolaclemente.fpcei.eu\/wp-content\/uploads\/2026\/02\/Create-a-sophisticated-home-with-timeless-appeal\u2026-2-200x300.jpg 200w, https:\/\/lolaclemente.fpcei.eu\/wp-content\/uploads\/2026\/02\/Create-a-sophisticated-home-with-timeless-appeal\u2026-2.jpg 736w\" sizes=\"auto, (max-width: 683px) 100vw, 683px\" \/><\/figure>\n\n\n\n<figure class=\"wp-block-image size-large is-resized\"><img loading=\"lazy\" decoding=\"async\" width=\"683\" height=\"1024\" src=\"https:\/\/lolaclemente.fpcei.eu\/wp-content\/uploads\/2026\/02\/18-Creative-Fireplace-Alcove-Ideas-1-683x1024.jpg\" alt=\"\" class=\"wp-image-87\" style=\"aspect-ratio:0.6670015067805123;width:314px;height:auto\" srcset=\"https:\/\/lolaclemente.fpcei.eu\/wp-content\/uploads\/2026\/02\/18-Creative-Fireplace-Alcove-Ideas-1-683x1024.jpg 683w, https:\/\/lolaclemente.fpcei.eu\/wp-content\/uploads\/2026\/02\/18-Creative-Fireplace-Alcove-Ideas-1-200x300.jpg 200w, https:\/\/lolaclemente.fpcei.eu\/wp-content\/uploads\/2026\/02\/18-Creative-Fireplace-Alcove-Ideas-1.jpg 736w\" sizes=\"auto, (max-width: 683px) 100vw, 683px\" \/><\/figure>\n\n\n\n<figure class=\"wp-block-image size-full is-resized\"><img loading=\"lazy\" decoding=\"async\" width=\"491\" height=\"736\" src=\"https:\/\/lolaclemente.fpcei.eu\/wp-content\/uploads\/2026\/02\/dream-livingroom-madewithAI-oldvsnew-2.jpg\" alt=\"\" class=\"wp-image-91\" style=\"aspect-ratio:0.6671501087744742;width:316px;height:auto\" srcset=\"https:\/\/lolaclemente.fpcei.eu\/wp-content\/uploads\/2026\/02\/dream-livingroom-madewithAI-oldvsnew-2.jpg 491w, https:\/\/lolaclemente.fpcei.eu\/wp-content\/uploads\/2026\/02\/dream-livingroom-madewithAI-oldvsnew-2-200x300.jpg 200w\" sizes=\"auto, (max-width: 491px) 100vw, 491px\" \/><\/figure>\n<\/div>\n<\/div>\n<\/div>\n<\/div>\n<\/div>\n\n\n\n<p><\/p>\n","protected":false},"excerpt":{"rendered":"<p>Los salones cl\u00e1sicos se caracterizan por una est\u00e9tica atemporal basada en el equilibrio, la armon\u00eda y la elegancia. Este estilo decorativo prioriza la calidad de los materiales, la proporci\u00f3n de los espacios y una composici\u00f3n visual ordenada, dando como resultado ambientes sofisticados y duraderos. Mobilario El mobiliario suele ser robusto y de l\u00edneas definidas, frecuentemente [&hellip;]<\/p>\n","protected":false},"author":2,"featured_media":0,"parent":0,"menu_order":0,"comment_status":"closed","ping_status":"closed","template":"","meta":{"footnotes":""},"class_list":["post-62","page","type-page","status-publish","hentry"],"_links":{"self":[{"href":"https:\/\/lolaclemente.fpcei.eu\/index.php?rest_route=\/wp\/v2\/pages\/62","targetHints":{"allow":["GET"]}}],"collection":[{"href":"https:\/\/lolaclemente.fpcei.eu\/index.php?rest_route=\/wp\/v2\/pages"}],"about":[{"href":"https:\/\/lolaclemente.fpcei.eu\/index.php?rest_route=\/wp\/v2\/types\/page"}],"author":[{"embeddable":true,"href":"https:\/\/lolaclemente.fpcei.eu\/index.php?rest_route=\/wp\/v2\/users\/2"}],"replies":[{"embeddable":true,"href":"https:\/\/lolaclemente.fpcei.eu\/index.php?rest_route=%2Fwp%2Fv2%2Fcomments&post=62"}],"version-history":[{"count":6,"href":"https:\/\/lolaclemente.fpcei.eu\/index.php?rest_route=\/wp\/v2\/pages\/62\/revisions"}],"predecessor-version":[{"id":118,"href":"https:\/\/lolaclemente.fpcei.eu\/index.php?rest_route=\/wp\/v2\/pages\/62\/revisions\/118"}],"wp:attachment":[{"href":"https:\/\/lolaclemente.fpcei.eu\/index.php?rest_route=%2Fwp%2Fv2%2Fmedia&parent=62"}],"curies":[{"name":"wp","href":"https:\/\/api.w.org\/{rel}","templated":true}]}}